{"id":40622,"date":"2020-01-02T16:21:42","date_gmt":"2020-01-02T15:21:42","guid":{"rendered":"https:\/\/content.kalani.eu\/eco-footprint\/"},"modified":"2023-02-15T15:35:35","modified_gmt":"2023-02-15T14:35:35","slug":"eco-footprint","status":"publish","type":"page","link":"https:\/\/www.kalani-home.com\/fr\/eco-footprint\/","title":{"rendered":"Empreinte \u00e9cologique"},"content":{"rendered":"\t\t<div data-elementor-type=\"wp-post\" data-elementor-id=\"40622\" class=\"elementor elementor-40622 elementor-31316\" data-elementor-post-type=\"page\">\n\t\t\t\t\t\t<section class=\"elementor-section elementor-top-section elementor-element elementor-element-58f5857b elementor-section-content-middle elementor-reverse-mobile elementor-section-boxed elementor-section-height-default elementor-section-height-default\" data-id=\"58f5857b\" data-element_type=\"section\" data-e-type=\"section\">\n\t\t\t\t\t\t<div class=\"elementor-container elementor-column-gap-extended\">\n\t\t\t\t\t<div class=\"elementor-column elementor-col-50 elementor-top-column elementor-element elementor-element-449641c7\" data-id=\"449641c7\" data-element_type=\"column\" data-e-type=\"column\">\n\t\t\t<div class=\"elementor-widget-wrap elementor-element-populated\">\n\t\t\t\t\t\t\t<\/div>\n\t\t<\/div>\n\t\t\t\t<div class=\"elementor-column elementor-col-50 elementor-top-column elementor-element elementor-element-a6a708a\" data-id=\"a6a708a\" data-element_type=\"column\" data-e-type=\"column\">\n\t\t\t<div class=\"elementor-widget-wrap elementor-element-populated\">\n\t\t\t\t\t\t<div class=\"elementor-element elementor-element-15b5e944 elementor-align-right elementor-mobile-align-left elementor-widget elementor-widget-breadcrumbs\" data-id=\"15b5e944\" data-element_type=\"widget\" data-e-type=\"widget\" data-widget_type=\"breadcrumbs.default\">\n\t\t\t\t<div class=\"elementor-widget-container\">\n\t\t\t\t\t<p id=\"breadcrumbs\"><span><span><a href=\"https:\/\/www.kalani-home.com\/fr\/\">Home<\/a><\/span><\/span><\/p>\t\t\t\t<\/div>\n\t\t\t\t<\/div>\n\t\t\t\t\t<\/div>\n\t\t<\/div>\n\t\t\t\t\t<\/div>\n\t\t<\/section>\n\t\t\t\t<section class=\"elementor-section elementor-top-section elementor-element elementor-element-eabbe82 elementor-section-boxed elementor-section-height-default elementor-section-height-default\" data-id=\"eabbe82\" data-element_type=\"section\" data-e-type=\"section\" data-settings=\"{&quot;background_background&quot;:&quot;classic&quot;}\">\n\t\t\t\t\t\t<div class=\"elementor-container elementor-column-gap-extended\">\n\t\t\t\t\t<div class=\"elementor-column elementor-col-100 elementor-top-column elementor-element elementor-element-24a703a\" data-id=\"24a703a\" data-element_type=\"column\" data-e-type=\"column\">\n\t\t\t<div class=\"elementor-widget-wrap elementor-element-populated\">\n\t\t\t\t\t\t<div class=\"elementor-element elementor-element-c51c241 elementor-widget elementor-widget-heading\" data-id=\"c51c241\" data-element_type=\"widget\" data-e-type=\"widget\" data-widget_type=\"heading.default\">\n\t\t\t\t<div class=\"elementor-widget-container\">\n\t\t\t\t\t<h2 class=\"elementor-heading-title elementor-size-default\">Consommation consciente<br>Nous calculons notre empreinte \u00e9cologique <\/h2>\t\t\t\t<\/div>\n\t\t\t\t<\/div>\n\t\t\t\t\t<\/div>\n\t\t<\/div>\n\t\t\t\t\t<\/div>\n\t\t<\/section>\n\t\t\t\t<section class=\"elementor-section elementor-top-section elementor-element elementor-element-f5d7ab6 elementor-section-boxed elementor-section-height-default elementor-section-height-default\" data-id=\"f5d7ab6\" data-element_type=\"section\" data-e-type=\"section\">\n\t\t\t\t\t\t<div class=\"elementor-container elementor-column-gap-extended\">\n\t\t\t\t\t<div class=\"elementor-column elementor-col-100 elementor-top-column elementor-element elementor-element-830e0f6\" data-id=\"830e0f6\" data-element_type=\"column\" data-e-type=\"column\">\n\t\t\t<div class=\"elementor-widget-wrap elementor-element-populated\">\n\t\t\t\t\t\t<div class=\"elementor-element elementor-element-a79373a elementor-widget elementor-widget-heading\" data-id=\"a79373a\" data-element_type=\"widget\" data-e-type=\"widget\" data-widget_type=\"heading.default\">\n\t\t\t\t<div class=\"elementor-widget-container\">\n\t\t\t\t\t<h4 class=\"elementor-heading-title elementor-size-default\">Nous mettons un point d'honneur \u00e0 \u00eatre le plus transparent possible afin que vous puissiez faire vos achats en toute conscience. <br> En effet, produire, commercialiser et consommer a forc\u00e9ment un impact environnemental et humain, que nous essayons de r\u00e9duire au maximum afin de pouvoir prot\u00e9ger cette belle terre qui est la n\u00f4tre. <br>Conna\u00eetre l'empreinte \u00e9cologique de notre linge de lit, permet de faire le bon choix de fa\u00e7on consciente.<\/h4>\t\t\t\t<\/div>\n\t\t\t\t<\/div>\n\t\t\t\t\t<\/div>\n\t\t<\/div>\n\t\t\t\t\t<\/div>\n\t\t<\/section>\n\t\t\t\t<section class=\"elementor-section elementor-top-section elementor-element elementor-element-7d8e8f3 elementor-section-boxed elementor-section-height-default elementor-section-height-default\" data-id=\"7d8e8f3\" data-element_type=\"section\" data-e-type=\"section\">\n\t\t\t\t\t\t<div class=\"elementor-container elementor-column-gap-extended\">\n\t\t\t\t\t<div class=\"elementor-column elementor-col-100 elementor-top-column elementor-element elementor-element-0cbbf90\" data-id=\"0cbbf90\" data-element_type=\"column\" data-e-type=\"column\">\n\t\t\t<div class=\"elementor-widget-wrap elementor-element-populated\">\n\t\t\t\t\t\t<div class=\"elementor-element elementor-element-5588ba9 elementor-widget elementor-widget-heading\" data-id=\"5588ba9\" data-element_type=\"widget\" data-e-type=\"widget\" data-widget_type=\"heading.default\">\n\t\t\t\t<div class=\"elementor-widget-container\">\n\t\t\t\t\t<h3 class=\"elementor-heading-title elementor-size-default\">1. L'empreinte carbone de notre entreprise<\/h3>\t\t\t\t<\/div>\n\t\t\t\t<\/div>\n\t\t\t\t<div class=\"elementor-element elementor-element-bfadd8e elementor-position-right elementor-vertical-align-middle elementor-widget elementor-widget-image-box\" data-id=\"bfadd8e\" data-element_type=\"widget\" data-e-type=\"widget\" data-widget_type=\"image-box.default\">\n\t\t\t\t<div class=\"elementor-widget-container\">\n\t\t\t\t\t<div class=\"elementor-image-box-wrapper\"><figure class=\"elementor-image-box-img\"><img decoding=\"async\" src=\"https:\/\/www.kalani-home.com\/wp-content\/uploads\/carbon-neutral-kalani-eco-footprint.jpg\" title=\"carbon-neutral-kalani-eco-footprint\" alt=\"carbon-neutral-kalani-eco-footprint\" loading=\"lazy\" \/><\/figure><div class=\"elementor-image-box-content\"><h4 class=\"elementor-image-box-title\">Carbon neutral, R\u00e9duire notre empreinte \u00e9cologique jour apr\u00e8s jour. <\/h4><p class=\"elementor-image-box-description\">La neutralit\u00e9 carbone signifie que l'empreinte carbone d'une entreprise, d'un produit, d'un service ou d'un \u00e9v\u00e9nement, a \u00e9t\u00e9 calcul\u00e9e (sur la base de normes internationalement reconnues) et enti\u00e8rement compens\u00e9e en soutenant des projets de compensation carbone certifi\u00e9s. <br><br>  Depuis 2021, en plus de tout ce que nous avons d\u00e9j\u00e0 mis en place, notre objectif \u00e9tait d\u2019\u00eatre certifi\u00e9 \u00ab carbon neutral company \u00bb. Ceci implique, comme expliqu\u00e9 ci-dessus, comptabiliser tout ce que nous consommons en tant qu\u2019entreprise en terme d\u2019\u00e9nergie, eau, chauffage, consommables en tous genres, voyages et d\u00e9placements (chez nos fournisseurs, lors de salons, d\u2019\u00e9v\u00e9nements, pour nous rendre au travail ,\u2026) ainsi que les ressources pour notre e-shop (serveur, data annuel,\u2026).  <br><br> Cette analyse compl\u00e8te nous permet, dans un premier temps, de mesurer et de prendre conscience de notre empreinte carbone, pour nous permettre ensuite de mettre en place des actions concr\u00e8tes, de r\u00e9duction et d\u2019optimisation, pour diminuer notre empreinte carbone. Pour compenser le solde de notre empreinte CO2, nous avons d\u00e9cid\u00e9 de participer \u00e0 un projet d\u2019offsetting, en finan\u00e7ant des panneaux photovolta\u00efques en Inde.  Un projet qui trouve tout son sens quand on sait qu\u2019une grosse partie de la production vient d\u2019Inde, et que nous les soutenons aussi en participant \u00e0 des projets \u00e9cologiques sur place.  La boucle est boucl\u00e9e\u2026 Et le cercle vertueux dans lequel nous avons d\u00e9cid\u00e9 de nous engager continue d\u2019\u00e9voluer chaque jour. <\/p><\/div><\/div>\t\t\t\t<\/div>\n\t\t\t\t<\/div>\n\t\t\t\t\t<\/div>\n\t\t<\/div>\n\t\t\t\t\t<\/div>\n\t\t<\/section>\n\t\t\t\t<section class=\"elementor-section elementor-top-section elementor-element elementor-element-3e6d3a6 elementor-section-boxed elementor-section-height-default elementor-section-height-default\" data-id=\"3e6d3a6\" data-element_type=\"section\" data-e-type=\"section\">\n\t\t\t\t\t\t<div class=\"elementor-container elementor-column-gap-extended\">\n\t\t\t\t\t<div class=\"elementor-column elementor-col-100 elementor-top-column elementor-element elementor-element-15cacf57\" data-id=\"15cacf57\" data-element_type=\"column\" data-e-type=\"column\">\n\t\t\t<div class=\"elementor-widget-wrap elementor-element-populated\">\n\t\t\t\t\t\t<div class=\"elementor-element elementor-element-40266acf elementor-position-left elementor-vertical-align-middle elementor-widget elementor-widget-image-box\" data-id=\"40266acf\" data-element_type=\"widget\" data-e-type=\"widget\" data-widget_type=\"image-box.default\">\n\t\t\t\t<div class=\"elementor-widget-container\">\n\t\t\t\t\t<div class=\"elementor-image-box-wrapper\"><figure class=\"elementor-image-box-img\"><img decoding=\"async\" src=\"https:\/\/www.kalani-home.com\/wp-content\/uploads\/eco-footprint-calculation.jpg\" title=\"Empreinte \u00e9cologique &#8211; Calculation\" alt=\"Empreinte \u00e9cologique - Calculation\" loading=\"lazy\" \/><\/figure><div class=\"elementor-image-box-content\"><h3 class=\"elementor-image-box-title\">2. Comment pouvons-nous calculer l'empreinte de nos produits?<\/h3><p class=\"elementor-image-box-description\">Afin de pouvoir communiquer cela le plus clairement possible, nous nous sommes associ\u00e9s avec un partenaire externe leader dans la communication des impacts environnementaux qui, gr\u00e2ce aux collectes d'informations et de mesures qui ont \u00e9t\u00e9 r\u00e9alis\u00e9es les 3 premi\u00e8res ann\u00e9es, a mis en place une fa\u00e7on simple de calculer l'empreinte \u00e9cologique de notre linge de lit. Il nous est donc aujourd'hui possible de montrer en toute transparence nos impacts bas\u00e9s sur un inventaire du cycle de vie de nos produits depuis les champs de coton bio jusqu\u2019\u00e0 notre entrep\u00f4t. Pour l'instant, nous ne pouvons pas encore nous baser sur une \u00e9valuation compl\u00e8te du cycle de vie car les principaux acteurs et auteurs des \u00e9tudes sur ce sujet ne parviennent pas encore \u00e0 se mettre d'accord sur une m\u00e9thode commune de calcul des impacts en fin de vie des produits et de leur \u00e9limination \u00e9ventuelle.<\/p><\/div><\/div>\t\t\t\t<\/div>\n\t\t\t\t<\/div>\n\t\t\t\t\t<\/div>\n\t\t<\/div>\n\t\t\t\t\t<\/div>\n\t\t<\/section>\n\t\t\t\t<section class=\"elementor-section elementor-top-section elementor-element elementor-element-80b878f elementor-section-boxed elementor-section-height-default elementor-section-height-default\" data-id=\"80b878f\" data-element_type=\"section\" data-e-type=\"section\">\n\t\t\t\t\t\t<div class=\"elementor-container elementor-column-gap-extended\">\n\t\t\t\t\t<div class=\"elementor-column elementor-col-100 elementor-top-column elementor-element elementor-element-977f728\" data-id=\"977f728\" data-element_type=\"column\" data-e-type=\"column\">\n\t\t\t<div class=\"elementor-widget-wrap elementor-element-populated\">\n\t\t\t\t\t\t<div class=\"elementor-element elementor-element-96f6a50 elementor-widget elementor-widget-heading\" data-id=\"96f6a50\" data-element_type=\"widget\" data-e-type=\"widget\" data-widget_type=\"heading.default\">\n\t\t\t\t<div class=\"elementor-widget-container\">\n\t\t\t\t\t<h4 class=\"elementor-heading-title elementor-size-default\"><p>Comparaison et diminution de l\u2019impact environnemental<\/p> 4 impacts environnementaux ont \u00e9t\u00e9 calcul\u00e9s en comparant un kilo de linge de lit Kalani en coton bio produit en Inde avec un kilo de linge de lit d\u2019autres marques en coton conventionnel produit dans le monde sur la base d\u2019une moyenne pond\u00e9r\u00e9e de tous les pays producteurs de coton dans le monde sur la base de statistiques fiables et v\u00e9rifi\u00e9es :<\/h4>\t\t\t\t<\/div>\n\t\t\t\t<\/div>\n\t\t\t\t<section class=\"elementor-section elementor-inner-section elementor-element elementor-element-62eff6f4 elementor-section-boxed elementor-section-height-default elementor-section-height-default\" data-id=\"62eff6f4\" data-element_type=\"section\" data-e-type=\"section\">\n\t\t\t\t\t\t<div class=\"elementor-container elementor-column-gap-no\">\n\t\t\t\t\t<div class=\"elementor-column elementor-col-100 elementor-inner-column elementor-element elementor-element-de42eb\" data-id=\"de42eb\" data-element_type=\"column\" data-e-type=\"column\">\n\t\t\t<div class=\"elementor-widget-wrap elementor-element-populated\">\n\t\t\t\t\t\t<div class=\"elementor-element elementor-element-563a2fd9 elementor-widget elementor-widget-html\" data-id=\"563a2fd9\" data-element_type=\"widget\" data-e-type=\"widget\" data-widget_type=\"html.default\">\n\t\t\t\t<div class=\"elementor-widget-container\">\n\t\t\t\t\t<gs-counter widgetType=\"counter\" clientID=\"O2tcpkJHPk9bu4k14jUj9ptsy0jvQtOw\"><\/gs-counter>\t\t\t\t<\/div>\n\t\t\t\t<\/div>\n\t\t\t\t\t<\/div>\n\t\t<\/div>\n\t\t\t\t\t<\/div>\n\t\t<\/section>\n\t\t\t\t\t<\/div>\n\t\t<\/div>\n\t\t\t\t\t<\/div>\n\t\t<\/section>\n\t\t\t\t<section class=\"elementor-section elementor-top-section elementor-element elementor-element-3c750f91 elementor-section-boxed elementor-section-height-default elementor-section-height-default\" data-id=\"3c750f91\" data-element_type=\"section\" data-e-type=\"section\">\n\t\t\t\t\t\t<div class=\"elementor-container elementor-column-gap-extended\">\n\t\t\t\t\t<div class=\"elementor-column elementor-col-100 elementor-top-column elementor-element elementor-element-4b2df918\" data-id=\"4b2df918\" data-element_type=\"column\" data-e-type=\"column\">\n\t\t\t<div class=\"elementor-widget-wrap elementor-element-populated\">\n\t\t\t\t\t\t<div class=\"elementor-element elementor-element-43a3bdc0 elementor-position-right elementor-vertical-align-middle elementor-widget elementor-widget-image-box\" data-id=\"43a3bdc0\" data-element_type=\"widget\" data-e-type=\"widget\" data-widget_type=\"image-box.default\">\n\t\t\t\t<div class=\"elementor-widget-container\">\n\t\t\t\t\t<div class=\"elementor-image-box-wrapper\"><figure class=\"elementor-image-box-img\"><img decoding=\"async\" src=\"https:\/\/www.kalani-home.com\/wp-content\/uploads\/eco-footprint-water.jpg\" title=\"Empreinte \u00e9cologique &#8211; Eau\" alt=\"Empreinte \u00e9cologique - Eau\" loading=\"lazy\" \/><\/figure><div class=\"elementor-image-box-content\"><h3 class=\"elementor-image-box-title\">Diminution de la consommation d\u2019eau : 96%<\/h3><p class=\"elementor-image-box-description\">Chaque kilo de draps de lit en jersey de coton bio, par exemple, permet \u00e0 la plan\u00e8te d\u2019\u00e9conomiser 1483,8 litre d\u2019eau par rapport \u00e0 une production d\u2019un kilo de draps de lit en coton conventionnel, ce qui \u00e9quivaut \u00e0 une r\u00e9duction de 96% de la consommation d\u2019eau. D\u2019autant plus que notre beau coton provient d\u2019une province en Inde o\u00f9 il pleut suffisamment et qu\u2019aucune irrigation humaine n\u2019est n\u00e9cessaire pour cultiver le coton. En moyenne, une famille dans le monde consomme 8,8l d\u2019eau douce par jour, soit l\u2019\u00e9quivalent de 168,61 jours d'eau potable pour une famille moyenne.<\/p><\/div><\/div>\t\t\t\t<\/div>\n\t\t\t\t<\/div>\n\t\t\t\t\t<\/div>\n\t\t<\/div>\n\t\t\t\t\t<\/div>\n\t\t<\/section>\n\t\t\t\t<section class=\"elementor-section elementor-top-section elementor-element elementor-element-c4ca763 elementor-section-boxed elementor-section-height-default elementor-section-height-default\" data-id=\"c4ca763\" data-element_type=\"section\" data-e-type=\"section\">\n\t\t\t\t\t\t<div class=\"elementor-container elementor-column-gap-extended\">\n\t\t\t\t\t<div class=\"elementor-column elementor-col-100 elementor-top-column elementor-element elementor-element-c0288cb\" data-id=\"c0288cb\" data-element_type=\"column\" data-e-type=\"column\">\n\t\t\t<div class=\"elementor-widget-wrap elementor-element-populated\">\n\t\t\t\t\t\t<div class=\"elementor-element elementor-element-dca156a elementor-position-left elementor-vertical-align-middle elementor-widget elementor-widget-image-box\" data-id=\"dca156a\" data-element_type=\"widget\" data-e-type=\"widget\" data-widget_type=\"image-box.default\">\n\t\t\t\t<div class=\"elementor-widget-container\">\n\t\t\t\t\t<div class=\"elementor-image-box-wrapper\"><figure class=\"elementor-image-box-img\"><img decoding=\"async\" src=\"https:\/\/www.kalani-home.com\/wp-content\/uploads\/eco-footprint-energy.jpg\" title=\"Empreinte \u00e9cologique &#8211; Energie\" alt=\"Empreinte \u00e9cologique - Energie\" loading=\"lazy\" \/><\/figure><div class=\"elementor-image-box-content\"><h3 class=\"elementor-image-box-title\">Economie de consommation d\u2019\u00e9nergie : 6%<\/h3><p class=\"elementor-image-box-description\">Chaque kilo de draps de lit en percale de coton bio, par exemple, permet \u00e0 la plan\u00e8te d\u2019\u00e9conomiser 4,79 kWh (4790 Wh) par rapport \u00e0 une production d\u2019un kilo de draps de lit en coton conventionnel, ce qui \u00e9quivaut \u00e0 une r\u00e9duction de 6% de la consommation \u00e9nerg\u00e9tique. En moyenne une ampoule LED consomme 10 Wh par heure, donc l'\u00e9conomie \u00e9quivaut \u00e0 479 heures (~20 jours) d\u2019\u00e9nergie pour allumer en continu une ampoule LED.<\/p><\/div><\/div>\t\t\t\t<\/div>\n\t\t\t\t<\/div>\n\t\t\t\t\t<\/div>\n\t\t<\/div>\n\t\t\t\t\t<\/div>\n\t\t<\/section>\n\t\t\t\t<section class=\"elementor-section elementor-top-section elementor-element elementor-element-6799307 elementor-section-boxed elementor-section-height-default elementor-section-height-default\" data-id=\"6799307\" data-element_type=\"section\" data-e-type=\"section\">\n\t\t\t\t\t\t<div class=\"elementor-container elementor-column-gap-extended\">\n\t\t\t\t\t<div class=\"elementor-column elementor-col-100 elementor-top-column elementor-element elementor-element-a582294\" data-id=\"a582294\" data-element_type=\"column\" data-e-type=\"column\">\n\t\t\t<div class=\"elementor-widget-wrap elementor-element-populated\">\n\t\t\t\t\t\t<div class=\"elementor-element elementor-element-4d59600 elementor-position-right elementor-vertical-align-middle elementor-widget elementor-widget-image-box\" data-id=\"4d59600\" data-element_type=\"widget\" data-e-type=\"widget\" data-widget_type=\"image-box.default\">\n\t\t\t\t<div class=\"elementor-widget-container\">\n\t\t\t\t\t<div class=\"elementor-image-box-wrapper\"><figure class=\"elementor-image-box-img\"><img decoding=\"async\" src=\"https:\/\/www.kalani-home.com\/wp-content\/uploads\/eco-footprint-co2.jpg\" title=\"Empreinte \u00e9cologique &#8211; CO2\" alt=\"Empreinte \u00e9cologique - CO2\" loading=\"lazy\" \/><\/figure><div class=\"elementor-image-box-content\"><h3 class=\"elementor-image-box-title\">R\u00e9duction des \u00e9missions de CO2 : 6%<\/h3><p class=\"elementor-image-box-description\">Chaque kilo de draps de lit en satin coton bio, par exemple, permet \u00e0 la plan\u00e8te d\u2019\u00e9conomiser 1,57Kg d\u2019\u00e9quivalent dioxyde de carbone (CO2e) par rapport \u00e0 une production d\u2019un kilo de draps de lit en coton conventionnel, ce qui \u00e9quivaut \u00e0 une r\u00e9duction de 6% des \u00e9missions de CO2.<\/p><\/div><\/div>\t\t\t\t<\/div>\n\t\t\t\t<\/div>\n\t\t\t\t\t<\/div>\n\t\t<\/div>\n\t\t\t\t\t<\/div>\n\t\t<\/section>\n\t\t\t\t<section class=\"elementor-section elementor-top-section elementor-element elementor-element-3f6c934 elementor-section-boxed elementor-section-height-default elementor-section-height-default\" data-id=\"3f6c934\" data-element_type=\"section\" data-e-type=\"section\">\n\t\t\t\t\t\t<div class=\"elementor-container elementor-column-gap-extended\">\n\t\t\t\t\t<div class=\"elementor-column elementor-col-100 elementor-top-column elementor-element elementor-element-590d189\" data-id=\"590d189\" data-element_type=\"column\" data-e-type=\"column\">\n\t\t\t<div class=\"elementor-widget-wrap elementor-element-populated\">\n\t\t\t\t\t\t<div class=\"elementor-element elementor-element-c513fcb elementor-position-left elementor-vertical-align-middle elementor-widget elementor-widget-image-box\" data-id=\"c513fcb\" data-element_type=\"widget\" data-e-type=\"widget\" data-widget_type=\"image-box.default\">\n\t\t\t\t<div class=\"elementor-widget-container\">\n\t\t\t\t\t<div class=\"elementor-image-box-wrapper\"><figure class=\"elementor-image-box-img\"><img decoding=\"async\" src=\"https:\/\/www.kalani-home.com\/wp-content\/uploads\/eco-footprint-pesticides.jpg\" title=\"Empreinte \u00e9cologique &#8211; Pesticides\" alt=\"Empreinte \u00e9cologique - Pesticides\" loading=\"lazy\" \/><\/figure><div class=\"elementor-image-box-content\"><h3 class=\"elementor-image-box-title\">R\u00e9duction de l'utilisation d'engrais de synth\u00e8se et de pesticides chimiques: 100%<\/h3><p class=\"elementor-image-box-description\">Chaque kilo de draps de lit en satin de coton bio, par exemple, permet d\u2019\u00e9conomiser \u00e0 la plan\u00e8te 529,9 grammes de produits synth\u00e9tiques (dont 3,3 grammes de pesticides chimiques) par rapport \u00e0 une production d\u2019un kilo de draps de lit en coton conventionnel, ce qui \u00e9quivaut \u00e0 une r\u00e9duction de 100% l\u2019utilisation de pesticides chimiques. Les principes de l\u2019agriculture biologique interdisent toute utilisation de pesticides chimiques, d\u2019engrais synth\u00e9tiques et d\u2019herbicides chimiques (produits dangereux pour l\u2019homme, la biodiversit\u00e9 et l\u2019environnement). Au lieu de cela, nous les rempla\u00e7ons par des m\u00e9thodes ancestrales qui sont tr\u00e8s efficaces sur les terres fertiles et bien entretenues. Ceci est d'autant plus important si l'on consid\u00e8re que la production de coton conventionnel consomme pr\u00e8s de 25% des pesticides dans le monde.<\/p><\/div><\/div>\t\t\t\t<\/div>\n\t\t\t\t<\/div>\n\t\t\t\t\t<\/div>\n\t\t<\/div>\n\t\t\t\t\t<\/div>\n\t\t<\/section>\n\t\t\t\t<section class=\"elementor-section elementor-top-section elementor-element elementor-element-5661e8a elementor-section-boxed elementor-section-height-default elementor-section-height-default\" data-id=\"5661e8a\" data-element_type=\"section\" data-e-type=\"section\">\n\t\t\t\t\t\t<div class=\"elementor-container elementor-column-gap-default\">\n\t\t\t\t\t<div class=\"elementor-column elementor-col-100 elementor-top-column elementor-element elementor-element-ad2b1fc\" data-id=\"ad2b1fc\" data-element_type=\"column\" data-e-type=\"column\">\n\t\t\t<div class=\"elementor-widget-wrap elementor-element-populated\">\n\t\t\t\t\t\t<div class=\"elementor-element elementor-element-8e7bf3d elementor-widget elementor-widget-text-editor\" data-id=\"8e7bf3d\" data-element_type=\"widget\" data-e-type=\"widget\" data-widget_type=\"text-editor.default\">\n\t\t\t\t<div class=\"elementor-widget-container\">\n\t\t\t\t\t\t\t\t\t<p>Sur chacune de nos pages \u00ab\u00a0produit\u00a0\u00bb vous pouvez voir en toute transparence l\u2019impact de chaque unit\u00e9 achet\u00e9e et ci-dessous vous pouvez calculer l\u2019impact que vous pouvez faire \u00e0 travers le choix d\u2019un achat responsable.<\/p>\n\t\t\t\t\t\t\t\t<\/div>\n\t\t\t\t<\/div>\n\t\t\t\t\t<\/div>\n\t\t<\/div>\n\t\t\t\t\t<\/div>\n\t\t<\/section>\n\t\t\t\t<section class=\"elementor-section elementor-top-section elementor-element elementor-element-142ee59 elementor-section-boxed elementor-section-height-default elementor-section-height-default\" data-id=\"142ee59\" data-element_type=\"section\" data-e-type=\"section\">\n\t\t\t\t\t\t<div class=\"elementor-container elementor-column-gap-extended\">\n\t\t\t\t\t<div class=\"elementor-column elementor-col-100 elementor-top-column elementor-element elementor-element-474f074\" data-id=\"474f074\" data-element_type=\"column\" data-e-type=\"column\">\n\t\t\t<div class=\"elementor-widget-wrap elementor-element-populated\">\n\t\t\t\t\t\t<div class=\"elementor-element elementor-element-09db078 elementor-widget elementor-widget-html\" data-id=\"09db078\" data-element_type=\"widget\" data-e-type=\"widget\" data-widget_type=\"html.default\">\n\t\t\t\t<div class=\"elementor-widget-container\">\n\t\t\t\t\t<link rel=\"stylesheet\" href=\"https:\/\/gsstatic.greenstory.ca\/widgets\/styles\/master\/iso_bootstrap4.1.0min.css\">\r\n<gs-calculator widgetType=\"calculator\" clientID=\"O2tcpkJHPk9bu4k14jUj9ptsy0jvQtOw-woocommerce\"><\/gs-calculator>\t\t\t\t<\/div>\n\t\t\t\t<\/div>\n\t\t\t\t\t<\/div>\n\t\t<\/div>\n\t\t\t\t\t<\/div>\n\t\t<\/section>\n\t\t\t\t<section class=\"elementor-section elementor-top-section elementor-element elementor-element-d602303 elementor-section-boxed elementor-section-height-default elementor-section-height-default\" data-id=\"d602303\" data-element_type=\"section\" data-e-type=\"section\">\n\t\t\t\t\t\t<div class=\"elementor-container elementor-column-gap-extended\">\n\t\t\t\t\t<div class=\"elementor-column elementor-col-100 elementor-top-column elementor-element elementor-element-0dc47c9\" data-id=\"0dc47c9\" data-element_type=\"column\" data-e-type=\"column\">\n\t\t\t<div class=\"elementor-widget-wrap\">\n\t\t\t\t\t\t\t<\/div>\n\t\t<\/div>\n\t\t\t\t\t<\/div>\n\t\t<\/section>\n\t\t\t\t<\/div>\n\t\t","protected":false},"excerpt":{"rendered":"<p>Consommation conscienteNous calculons notre empreinte \u00e9cologique Nous mettons un point d&rsquo;honneur \u00e0 \u00eatre le plus transparent possible afin que vous puissiez faire vos achats en toute conscience. En effet, produire, commercialiser et consommer a forc\u00e9ment un impact environnemental et humain, que nous essayons de r\u00e9duire au maximum afin de pouvoir prot\u00e9ger cette belle terre qui [&hellip;]<\/p>\n","protected":false},"author":6,"featured_media":41078,"parent":0,"menu_order":27,"comment_status":"closed","ping_status":"closed","template":"","meta":{"_acf_changed":false,"footnotes":""},"class_list":["post-40622","page","type-page","status-publish","has-post-thumbnail","hentry"],"acf":[],"_links":{"self":[{"href":"https:\/\/www.kalani-home.com\/fr\/wp-json\/wp\/v2\/pages\/40622","targetHints":{"allow":["GET"]}}],"collection":[{"href":"https:\/\/www.kalani-home.com\/fr\/wp-json\/wp\/v2\/pages"}],"about":[{"href":"https:\/\/www.kalani-home.com\/fr\/wp-json\/wp\/v2\/types\/page"}],"author":[{"embeddable":true,"href":"https:\/\/www.kalani-home.com\/fr\/wp-json\/wp\/v2\/users\/6"}],"replies":[{"embeddable":true,"href":"https:\/\/www.kalani-home.com\/fr\/wp-json\/wp\/v2\/comments?post=40622"}],"version-history":[{"count":0,"href":"https:\/\/www.kalani-home.com\/fr\/wp-json\/wp\/v2\/pages\/40622\/revisions"}],"wp:featuredmedia":[{"embeddable":true,"href":"https:\/\/www.kalani-home.com\/fr\/wp-json\/wp\/v2\/media\/41078"}],"wp:attachment":[{"href":"https:\/\/www.kalani-home.com\/fr\/wp-json\/wp\/v2\/media?parent=40622"}],"curies":[{"name":"wp","href":"https:\/\/api.w.org\/{rel}","templated":true}]}}