{"id":40554,"date":"2020-02-14T16:54:27","date_gmt":"2020-02-14T15:54:27","guid":{"rendered":"https:\/\/content.kalani.eu\/livraison\/"},"modified":"2023-05-02T11:54:42","modified_gmt":"2023-05-02T09:54:42","slug":"livraison","status":"publish","type":"page","link":"https:\/\/www.kalani-home.com\/fr\/livraison\/","title":{"rendered":"Livraison"},"content":{"rendered":"\t\t<div data-elementor-type=\"wp-post\" data-elementor-id=\"40554\" class=\"elementor elementor-40554 elementor-31347\" data-elementor-post-type=\"page\">\n\t\t\t\t\t\t<section class=\"elementor-section elementor-top-section elementor-element elementor-element-313e8c8e elementor-section-content-middle elementor-reverse-mobile elementor-section-boxed elementor-section-height-default elementor-section-height-default\" data-id=\"313e8c8e\" data-element_type=\"section\" data-e-type=\"section\">\n\t\t\t\t\t\t<div class=\"elementor-container elementor-column-gap-extended\">\n\t\t\t\t\t<div class=\"elementor-column elementor-col-50 elementor-top-column elementor-element elementor-element-470c109c\" data-id=\"470c109c\" data-element_type=\"column\" data-e-type=\"column\">\n\t\t\t<div class=\"elementor-widget-wrap elementor-element-populated\">\n\t\t\t\t\t\t\t<\/div>\n\t\t<\/div>\n\t\t\t\t<div class=\"elementor-column elementor-col-50 elementor-top-column elementor-element elementor-element-5bf5eadd\" data-id=\"5bf5eadd\" data-element_type=\"column\" data-e-type=\"column\">\n\t\t\t<div class=\"elementor-widget-wrap elementor-element-populated\">\n\t\t\t\t\t\t<div class=\"elementor-element elementor-element-59b4fab0 elementor-align-right elementor-mobile-align-left elementor-widget elementor-widget-breadcrumbs\" data-id=\"59b4fab0\" data-element_type=\"widget\" data-e-type=\"widget\" data-widget_type=\"breadcrumbs.default\">\n\t\t\t\t<div class=\"elementor-widget-container\">\n\t\t\t\t\t<p id=\"breadcrumbs\"><span><span><a href=\"https:\/\/www.kalani-home.com\/fr\/\">Home<\/a><\/span><\/span><\/p>\t\t\t\t<\/div>\n\t\t\t\t<\/div>\n\t\t\t\t\t<\/div>\n\t\t<\/div>\n\t\t\t\t\t<\/div>\n\t\t<\/section>\n\t\t\t\t<section class=\"elementor-section elementor-top-section elementor-element elementor-element-ad8b95a elementor-section-boxed elementor-section-height-default elementor-section-height-default\" data-id=\"ad8b95a\" data-element_type=\"section\" data-e-type=\"section\">\n\t\t\t\t\t\t<div class=\"elementor-container elementor-column-gap-extended\">\n\t\t\t\t\t<div class=\"elementor-column elementor-col-100 elementor-top-column elementor-element elementor-element-3462481\" data-id=\"3462481\" data-element_type=\"column\" data-e-type=\"column\">\n\t\t\t<div class=\"elementor-widget-wrap elementor-element-populated\">\n\t\t\t\t\t\t<div class=\"elementor-element elementor-element-191e40f elementor-widget elementor-widget-text-editor\" data-id=\"191e40f\" data-element_type=\"widget\" data-e-type=\"widget\" data-widget_type=\"text-editor.default\">\n\t\t\t\t<div class=\"elementor-widget-container\">\n\t\t\t\t\t\t\t\t\t<p>Les d\u00e9lais de livraison sont de 2 \u00e0 10 jours ouvr\u00e9s \u00e0 partir de la date de validation de la commande. Ce d\u00e9lai est indicatif et peut-\u00eatre modifi\u00e9 : dans ce cas, l\u2019information vous est communiqu\u00e9e directement. \u00c0 domicile, au travail, chez les voisins\u2026 Faites livrer votre colis o\u00f9 vous voulez en Europe. Les livraisons hors Europe dans des pays appartenant \u00e0 des pays europ\u00e9ens ne sont pas possibles dans le cadre des livraisons Europ\u00e9ennes (Par exemple: il n&rsquo;est pas possible de se faire livrer dans les Dom Tom en s\u00e9lectionnant la France comme pays de livraison. Les Dom Tom sont consid\u00e9r\u00e9s comme des pays hors Europe d&rsquo;une point de vue logistique et douanes.) Les livraisons hors Europe sont \u00e9galement possibles mais nous vous demandons de contacter au pr\u00e9alable notre service client\u00e8le :\u00a0<a href=\"mailto:info@kalani-home.com\">info@kalani-home.com <\/a> Un e-mail vous sera envoy\u00e9 lors de l\u2019exp\u00e9dition de votre commande, avec un num\u00e9ro de suivi. Sauf cas particulier ou indisponibilit\u00e9 d&rsquo;un ou plusieurs articles, les produits command\u00e9s sont livr\u00e9s en une seule fois. Les livraisons sont assur\u00e9es par un transporteur ind\u00e9pendant. En cas de d\u00e9passement du d\u00e9lai de livraison, non justifi\u00e9 par un cas de force majeure, vous pouvez, apr\u00e8s avoir enjoint le vendeur de livrer, demander la r\u00e9solution de la vente dans les conditions pr\u00e9vues au Code de la consommation, et obtenir le remboursement des sommes vers\u00e9es \u00e0 l&rsquo;occasion de la vente.<\/p>\n<p><span style=\"color: #ff99cc;\">Situation\u00a0BREXIT et les livraisons vers le Royaume-Uni\u00a0:<\/span>\u00a0\u00e0 partir du 1er janvier 2021, les r\u00e8gles de livraison de l&rsquo;Europe vers le Royaume-Uni changent. Concr\u00e8tement, les clients qui se font livrer au Royaume-Uni payent leur commande de produits KALANI hors TVA sur notre boutique en ligne, et des taxes seront \u00e0 payer au transpoteur qui s&rsquo;occupera de d\u00e9douanner vos produits en arrivant au Royaume-Uni. Le tableau ci-dessous doit encore \u00eatre modifi\u00e9, mais le Royaume-Uni (UK) rejoint donc le groupe de pays Suisse\/Norv\u00e8gue\/Royaume-Uni et les frais de livraison augmentent donc \u00e0 20\u20ac pour les commandes de moins de 300\u20ac.\u00a0<\/p>\n\t\t\t\t\t\t\t\t<\/div>\n\t\t\t\t<\/div>\n\t\t\t\t<div class=\"elementor-element elementor-element-2bea406 elementor-widget elementor-widget-image\" data-id=\"2bea406\" data-element_type=\"widget\" data-e-type=\"widget\" data-widget_type=\"image.default\">\n\t\t\t\t<div class=\"elementor-widget-container\">\n\t\t\t\t\t\t\t\t\t\t\t\t\t\t\t<img decoding=\"async\" width=\"2560\" height=\"1731\" src=\"https:\/\/www.kalani-home.com\/wp-content\/uploads\/Delivery-Costs-2021-scaled.jpg\" class=\"attachment-full size-full wp-image-63812\" alt=\"Frais de livraison 2021\" srcset=\"https:\/\/www.kalani-home.com\/wp-content\/uploads\/Delivery-Costs-2021-scaled.jpg 2560w, https:\/\/www.kalani-home.com\/wp-content\/uploads\/Delivery-Costs-2021-scaled-1024x692.jpg 1024w, https:\/\/www.kalani-home.com\/wp-content\/uploads\/Delivery-Costs-2021-300x203.jpg 300w, https:\/\/www.kalani-home.com\/wp-content\/uploads\/Delivery-Costs-2021-768x519.jpg 768w, https:\/\/www.kalani-home.com\/wp-content\/uploads\/Delivery-Costs-2021-1536x1038.jpg 1536w, https:\/\/www.kalani-home.com\/wp-content\/uploads\/Delivery-Costs-2021-2048x1385.jpg 2048w\" sizes=\"(max-width: 2560px) 100vw, 2560px\" \/>\t\t\t\t\t\t\t\t\t\t\t\t\t\t\t<\/div>\n\t\t\t\t<\/div>\n\t\t\t\t<div class=\"elementor-element elementor-element-220ec3b elementor-widget elementor-widget-button\" data-id=\"220ec3b\" data-element_type=\"widget\" data-e-type=\"widget\" data-widget_type=\"button.default\">\n\t\t\t\t<div class=\"elementor-widget-container\">\n\t\t\t\t\t\t\t\t\t<div class=\"elementor-button-wrapper\">\n\t\t\t\t\t<a class=\"elementor-button elementor-button-link elementor-size-sm\" href=\"https:\/\/content.kalani.eu\/wp-content\/uploads\/Kalani-Delivery-Costs-2021.pdf\" target=\"_blank\">\n\t\t\t\t\t\t<span class=\"elementor-button-content-wrapper\">\n\t\t\t\t\t\t\t\t\t<span class=\"elementor-button-text\">T\u00e9l\u00e9charger la liste des frais de livraison<\/span>\n\t\t\t\t\t<\/span>\n\t\t\t\t\t<\/a>\n\t\t\t\t<\/div>\n\t\t\t\t\t\t\t\t<\/div>\n\t\t\t\t<\/div>\n\t\t\t\t\t<\/div>\n\t\t<\/div>\n\t\t\t\t\t<\/div>\n\t\t<\/section>\n\t\t\t\t<section class=\"elementor-section elementor-top-section elementor-element elementor-element-7a32753 elementor-section-boxed elementor-section-height-default elementor-section-height-default\" data-id=\"7a32753\" data-element_type=\"section\" data-e-type=\"section\">\n\t\t\t\t\t\t<div class=\"elementor-container elementor-column-gap-extended\">\n\t\t\t\t\t<div class=\"elementor-column elementor-col-100 elementor-top-column elementor-element elementor-element-7b716d0\" data-id=\"7b716d0\" data-element_type=\"column\" data-e-type=\"column\">\n\t\t\t<div class=\"elementor-widget-wrap\">\n\t\t\t\t\t\t\t<\/div>\n\t\t<\/div>\n\t\t\t\t\t<\/div>\n\t\t<\/section>\n\t\t\t\t<\/div>\n\t\t","protected":false},"excerpt":{"rendered":"<p>Les d\u00e9lais de livraison sont de 2 \u00e0 10 jours ouvr\u00e9s \u00e0 partir de la date de validation de la commande. Ce d\u00e9lai est indicatif et peut-\u00eatre modifi\u00e9 : dans ce cas, l\u2019information vous est communiqu\u00e9e directement. \u00c0 domicile, au travail, chez les voisins\u2026 Faites livrer votre colis o\u00f9 vous voulez en Europe. Les livraisons [&hellip;]<\/p>\n","protected":false},"author":6,"featured_media":41074,"parent":0,"menu_order":58,"comment_status":"closed","ping_status":"closed","template":"","meta":{"_acf_changed":false,"footnotes":""},"class_list":["post-40554","page","type-page","status-publish","has-post-thumbnail","hentry"],"acf":[],"_links":{"self":[{"href":"https:\/\/www.kalani-home.com\/fr\/wp-json\/wp\/v2\/pages\/40554","targetHints":{"allow":["GET"]}}],"collection":[{"href":"https:\/\/www.kalani-home.com\/fr\/wp-json\/wp\/v2\/pages"}],"about":[{"href":"https:\/\/www.kalani-home.com\/fr\/wp-json\/wp\/v2\/types\/page"}],"author":[{"embeddable":true,"href":"https:\/\/www.kalani-home.com\/fr\/wp-json\/wp\/v2\/users\/6"}],"replies":[{"embeddable":true,"href":"https:\/\/www.kalani-home.com\/fr\/wp-json\/wp\/v2\/comments?post=40554"}],"version-history":[{"count":0,"href":"https:\/\/www.kalani-home.com\/fr\/wp-json\/wp\/v2\/pages\/40554\/revisions"}],"wp:featuredmedia":[{"embeddable":true,"href":"https:\/\/www.kalani-home.com\/fr\/wp-json\/wp\/v2\/media\/41074"}],"wp:attachment":[{"href":"https:\/\/www.kalani-home.com\/fr\/wp-json\/wp\/v2\/media?parent=40554"}],"curies":[{"name":"wp","href":"https:\/\/api.w.org\/{rel}","templated":true}]}}