{"id":40548,"date":"2020-01-02T16:21:42","date_gmt":"2020-01-02T15:21:42","guid":{"rendered":"https:\/\/content.kalani.eu\/transparence\/"},"modified":"2024-07-03T16:15:12","modified_gmt":"2024-07-03T14:15:12","slug":"transparence","status":"publish","type":"page","link":"https:\/\/www.kalani-home.com\/fr\/transparence\/","title":{"rendered":"Transparence"},"content":{"rendered":"\t\t<div data-elementor-type=\"wp-post\" data-elementor-id=\"40548\" class=\"elementor elementor-40548 elementor-31137\" data-elementor-post-type=\"page\">\n\t\t\t\t\t\t<section class=\"elementor-section elementor-top-section elementor-element elementor-element-55d1bdc4 elementor-section-content-middle elementor-reverse-mobile elementor-section-boxed elementor-section-height-default elementor-section-height-default\" data-id=\"55d1bdc4\" data-element_type=\"section\" data-e-type=\"section\">\n\t\t\t\t\t\t<div class=\"elementor-container elementor-column-gap-extended\">\n\t\t\t\t\t<div class=\"elementor-column elementor-col-50 elementor-top-column elementor-element elementor-element-6145898e\" data-id=\"6145898e\" data-element_type=\"column\" data-e-type=\"column\">\n\t\t\t<div class=\"elementor-widget-wrap elementor-element-populated\">\n\t\t\t\t\t\t\t<\/div>\n\t\t<\/div>\n\t\t\t\t<div class=\"elementor-column elementor-col-50 elementor-top-column elementor-element elementor-element-4a53f4ff\" data-id=\"4a53f4ff\" data-element_type=\"column\" data-e-type=\"column\">\n\t\t\t<div class=\"elementor-widget-wrap elementor-element-populated\">\n\t\t\t\t\t\t<div class=\"elementor-element elementor-element-2ede80e8 elementor-align-right elementor-mobile-align-left elementor-widget elementor-widget-breadcrumbs\" data-id=\"2ede80e8\" data-element_type=\"widget\" data-e-type=\"widget\" data-widget_type=\"breadcrumbs.default\">\n\t\t\t\t<div class=\"elementor-widget-container\">\n\t\t\t\t\t<p id=\"breadcrumbs\"><span><span><a href=\"https:\/\/www.kalani-home.com\/fr\/\">Home<\/a><\/span><\/span><\/p>\t\t\t\t<\/div>\n\t\t\t\t<\/div>\n\t\t\t\t\t<\/div>\n\t\t<\/div>\n\t\t\t\t\t<\/div>\n\t\t<\/section>\n\t\t\t\t<section class=\"elementor-section elementor-top-section elementor-element elementor-element-eabbe82 elementor-section-boxed elementor-section-height-default elementor-section-height-default\" data-id=\"eabbe82\" data-element_type=\"section\" data-e-type=\"section\" data-settings=\"{&quot;background_background&quot;:&quot;classic&quot;}\">\n\t\t\t\t\t\t<div class=\"elementor-container elementor-column-gap-extended\">\n\t\t\t\t\t<div class=\"elementor-column elementor-col-100 elementor-top-column elementor-element elementor-element-24a703a\" data-id=\"24a703a\" data-element_type=\"column\" data-e-type=\"column\">\n\t\t\t<div class=\"elementor-widget-wrap elementor-element-populated\">\n\t\t\t\t\t\t<div class=\"elementor-element elementor-element-c51c241 elementor-widget elementor-widget-heading\" data-id=\"c51c241\" data-element_type=\"widget\" data-e-type=\"widget\" data-widget_type=\"heading.default\">\n\t\t\t\t<div class=\"elementor-widget-container\">\n\t\t\t\t\t<h2 class=\"elementor-heading-title elementor-size-default\">Un prix juste pour vous, pour les agriculteurs de coton bio,<br> pour les ouvriers de production et pour nous.<\/br><\/h2>\t\t\t\t<\/div>\n\t\t\t\t<\/div>\n\t\t\t\t\t<\/div>\n\t\t<\/div>\n\t\t\t\t\t<\/div>\n\t\t<\/section>\n\t\t\t\t<section class=\"elementor-section elementor-top-section elementor-element elementor-element-f5d7ab6 elementor-section-boxed elementor-section-height-default elementor-section-height-default\" data-id=\"f5d7ab6\" data-element_type=\"section\" data-e-type=\"section\">\n\t\t\t\t\t\t<div class=\"elementor-container elementor-column-gap-extended\">\n\t\t\t\t\t<div class=\"elementor-column elementor-col-100 elementor-top-column elementor-element elementor-element-830e0f6\" data-id=\"830e0f6\" data-element_type=\"column\" data-e-type=\"column\">\n\t\t\t<div class=\"elementor-widget-wrap elementor-element-populated\">\n\t\t\t\t\t\t<div class=\"elementor-element elementor-element-a79373a elementor-widget elementor-widget-heading\" data-id=\"a79373a\" data-element_type=\"widget\" data-e-type=\"widget\" data-widget_type=\"heading.default\">\n\t\t\t\t<div class=\"elementor-widget-container\">\n\t\t\t\t\t<h4 class=\"elementor-heading-title elementor-size-default\">Kalani met un point d\u2019honneur \u00e0 vous satisfaire, c\u2019est pourquoi, \u00eatre transparent, a toujours \u00e9t\u00e9 une de nos priorit\u00e9s. Nous pr\u00f4nons une consommation responsable. Nous ne voulons en aucun cas vous vendre des produits dont vous n\u2019avez pas besoin, et encore moins \u00e0 des p\u00e9riodes o\u00f9 vous n\u2019en avez pas besoin.  Pour cela, nous avons d\u00e9velopp\u00e9 en 2016 le concept du prix juste toute l\u2019ann\u00e9e.<\/h4>\t\t\t\t<\/div>\n\t\t\t\t<\/div>\n\t\t\t\t\t<\/div>\n\t\t<\/div>\n\t\t\t\t\t<\/div>\n\t\t<\/section>\n\t\t\t\t<section class=\"elementor-section elementor-top-section elementor-element elementor-element-516fd53 elementor-section-boxed elementor-section-height-default elementor-section-height-default\" data-id=\"516fd53\" data-element_type=\"section\" data-e-type=\"section\">\n\t\t\t\t\t\t<div class=\"elementor-container elementor-column-gap-extended\">\n\t\t\t\t\t<div class=\"elementor-column elementor-col-100 elementor-top-column elementor-element elementor-element-feabfac\" data-id=\"feabfac\" data-element_type=\"column\" data-e-type=\"column\">\n\t\t\t<div class=\"elementor-widget-wrap elementor-element-populated\">\n\t\t\t\t\t\t<div class=\"elementor-element elementor-element-33d8e1c elementor-position-left elementor-vertical-align-middle elementor-widget elementor-widget-image-box\" data-id=\"33d8e1c\" data-element_type=\"widget\" data-e-type=\"widget\" data-widget_type=\"image-box.default\">\n\t\t\t\t<div class=\"elementor-widget-container\">\n\t\t\t\t\t<div class=\"elementor-image-box-wrapper\"><figure class=\"elementor-image-box-img\"><img decoding=\"async\" src=\"https:\/\/www.kalani-home.com\/wp-content\/uploads\/transparency-policy.jpg\" title=\"Transparence &#8211; Politique\" alt=\"Transparence - Politique\" loading=\"lazy\" \/><\/figure><div class=\"elementor-image-box-content\"><h3 class=\"elementor-image-box-title\">Une politique \u00e9quitable<\/h3><p class=\"elementor-image-box-description\">Nous avons pour mission de rendre le linge de maison haut de gamme, durable (bio\/Fairtrade\/vegan), abordable et accessible \u00e0 une majorit\u00e9 de personnes.<br>C\u2019est pour cela que nous avons d\u00e9cid\u00e9 d\u2019appliquer une politique de prix juste toute l\u2019ann\u00e9e en moyenne 50% moins ch\u00e8re que des qualit\u00e9s similaires vendues dans le commerce traditionnel.<\/br><\/p><\/div><\/div>\t\t\t\t<\/div>\n\t\t\t\t<\/div>\n\t\t\t\t\t<\/div>\n\t\t<\/div>\n\t\t\t\t\t<\/div>\n\t\t<\/section>\n\t\t\t\t<section class=\"elementor-section elementor-top-section elementor-element elementor-element-3c750f91 elementor-section-boxed elementor-section-height-default elementor-section-height-default\" data-id=\"3c750f91\" data-element_type=\"section\" data-e-type=\"section\">\n\t\t\t\t\t\t<div class=\"elementor-container elementor-column-gap-extended\">\n\t\t\t\t\t<div class=\"elementor-column elementor-col-100 elementor-top-column elementor-element elementor-element-4b2df918\" data-id=\"4b2df918\" data-element_type=\"column\" data-e-type=\"column\">\n\t\t\t<div class=\"elementor-widget-wrap elementor-element-populated\">\n\t\t\t\t\t\t<div class=\"elementor-element elementor-element-43a3bdc0 elementor-position-right elementor-vertical-align-middle elementor-widget elementor-widget-image-box\" data-id=\"43a3bdc0\" data-element_type=\"widget\" data-e-type=\"widget\" data-widget_type=\"image-box.default\">\n\t\t\t\t<div class=\"elementor-widget-container\">\n\t\t\t\t\t<div class=\"elementor-image-box-wrapper\"><figure class=\"elementor-image-box-img\"><img decoding=\"async\" src=\"https:\/\/www.kalani-home.com\/wp-content\/uploads\/transparency-transparency.jpg\" title=\"Transparence &#8211; Transparence\" alt=\"Transparence - Transparence\" loading=\"lazy\" \/><\/figure><div class=\"elementor-image-box-content\"><h3 class=\"elementor-image-box-title\">100% de transparence<\/h3><p class=\"elementor-image-box-description\">Afin que la transparence soit totale et la plus claire possible. <br>\tNous avons cr\u00e9\u00e9 un sch\u00e9ma de transparence des prix qui vous montre simplement sur un montant de 100\u20ac ou 100%, o\u00f9 va l\u2019argent que vous investissez dans votre linge de maison de qualit\u00e9. <br>Mais aussi et surtout, comment nous parvenons \u00e0 faire du haut de gamme bio et \u00e9thique \u00e0 un prix qui reste abordable pour le plus grand nombre, avec des prix en moyenne minimum 2 fois moins cher que des produits \u00e0 qualit\u00e9 \u00e9quivalente dans le commerce traditionnel et compte tenu du fait que vous pourrez garder votre linge de maison de qualit\u00e9 plus longtemps. <\/p><\/div><\/div>\t\t\t\t<\/div>\n\t\t\t\t<\/div>\n\t\t\t\t\t<\/div>\n\t\t<\/div>\n\t\t\t\t\t<\/div>\n\t\t<\/section>\n\t\t\t\t<section class=\"elementor-section elementor-top-section elementor-element elementor-element-d649f98 elementor-section-boxed elementor-section-height-default elementor-section-height-default\" data-id=\"d649f98\" data-element_type=\"section\" data-e-type=\"section\">\n\t\t\t\t\t\t<div class=\"elementor-container elementor-column-gap-extended\">\n\t\t\t\t\t<div class=\"elementor-column elementor-col-100 elementor-top-column elementor-element elementor-element-1c5f159\" data-id=\"1c5f159\" data-element_type=\"column\" data-e-type=\"column\">\n\t\t\t<div class=\"elementor-widget-wrap elementor-element-populated\">\n\t\t\t\t\t\t<div class=\"elementor-element elementor-element-cace8c0 elementor-widget elementor-widget-heading\" data-id=\"cace8c0\" data-element_type=\"widget\" data-e-type=\"widget\" data-widget_type=\"heading.default\">\n\t\t\t\t<div class=\"elementor-widget-container\">\n\t\t\t\t\t<h4 class=\"elementor-heading-title elementor-size-default\">Dans notre sch\u00e9ma de transparence, nous vous expliquons en quelques \u00e9tapes simples comment nous faisons pour atteindre et vous garantir un prix juste et abordable.<br>C\u2019est tr\u00e8s simple: nous faisons du circuit court dans le linge de maison, nous produisons nous m\u00eame dans une usine de fabrication et vous vendons en direct sans interm\u00e9diaire et sans marge inutile.<br>Donc depuis les mati\u00e8res premi\u00e8res jusqu\u2019\u00e0 la livraison des produits Kalani chez vous, vous pourrez voir les co\u00fbts de chaque \u00e9tape. Ce qui fait de nous une des entreprises textiles parmi les plus transparentes du monde. Et nous vous d\u00e9fions de trouver plus transparent !<\/h4>\t\t\t\t<\/div>\n\t\t\t\t<\/div>\n\t\t\t\t\t<\/div>\n\t\t<\/div>\n\t\t\t\t\t<\/div>\n\t\t<\/section>\n\t\t\t\t<section class=\"elementor-section elementor-top-section elementor-element elementor-element-69dc740 elementor-section-boxed elementor-section-height-default elementor-section-height-default\" data-id=\"69dc740\" data-element_type=\"section\" data-e-type=\"section\">\n\t\t\t\t\t\t<div class=\"elementor-container elementor-column-gap-extended\">\n\t\t\t\t\t<div class=\"elementor-column elementor-col-100 elementor-top-column elementor-element elementor-element-6cf8cda\" data-id=\"6cf8cda\" data-element_type=\"column\" data-e-type=\"column\">\n\t\t\t<div class=\"elementor-widget-wrap elementor-element-populated\">\n\t\t\t\t\t\t<div class=\"elementor-element elementor-element-ffdd6a7 elementor-widget elementor-widget-image\" data-id=\"ffdd6a7\" data-element_type=\"widget\" data-e-type=\"widget\" data-widget_type=\"image.default\">\n\t\t\t\t<div class=\"elementor-widget-container\">\n\t\t\t\t\t\t\t\t\t\t\t\t\t\t\t<img decoding=\"async\" width=\"2438\" height=\"1125\" src=\"https:\/\/www.kalani-home.com\/wp-content\/uploads\/transparence-des-prix9-EN-OK.jpg\" class=\"attachment-full size-full wp-image-58341\" alt=\"Transparence\" srcset=\"https:\/\/www.kalani-home.com\/wp-content\/uploads\/transparence-des-prix9-EN-OK.jpg 2438w, https:\/\/www.kalani-home.com\/wp-content\/uploads\/transparence-des-prix9-EN-OK-1024x473.jpg 1024w, https:\/\/www.kalani-home.com\/wp-content\/uploads\/transparence-des-prix9-EN-OK-300x138.jpg 300w, https:\/\/www.kalani-home.com\/wp-content\/uploads\/transparence-des-prix9-EN-OK-768x354.jpg 768w, https:\/\/www.kalani-home.com\/wp-content\/uploads\/transparence-des-prix9-EN-OK-1536x709.jpg 1536w, https:\/\/www.kalani-home.com\/wp-content\/uploads\/transparence-des-prix9-EN-OK-2048x945.jpg 2048w\" sizes=\"(max-width: 2438px) 100vw, 2438px\" \/>\t\t\t\t\t\t\t\t\t\t\t\t\t\t\t<\/div>\n\t\t\t\t<\/div>\n\t\t\t\t\t<\/div>\n\t\t<\/div>\n\t\t\t\t\t<\/div>\n\t\t<\/section>\n\t\t\t\t<section class=\"elementor-section elementor-top-section elementor-element elementor-element-cd9f6e9 elementor-section-boxed elementor-section-height-default elementor-section-height-default\" data-id=\"cd9f6e9\" data-element_type=\"section\" data-e-type=\"section\">\n\t\t\t\t\t\t<div class=\"elementor-container elementor-column-gap-extended\">\n\t\t\t\t\t<div class=\"elementor-column elementor-col-100 elementor-top-column elementor-element elementor-element-3490cd2\" data-id=\"3490cd2\" data-element_type=\"column\" data-e-type=\"column\">\n\t\t\t<div class=\"elementor-widget-wrap\">\n\t\t\t\t\t\t\t<\/div>\n\t\t<\/div>\n\t\t\t\t\t<\/div>\n\t\t<\/section>\n\t\t\t\t<section class=\"elementor-section elementor-top-section elementor-element elementor-element-5841dc6 elementor-section-boxed elementor-section-height-default elementor-section-height-default\" data-id=\"5841dc6\" data-element_type=\"section\" data-e-type=\"section\">\n\t\t\t\t\t\t<div class=\"elementor-container elementor-column-gap-extended\">\n\t\t\t\t\t<div class=\"elementor-column elementor-col-100 elementor-top-column elementor-element elementor-element-61478bf\" data-id=\"61478bf\" data-element_type=\"column\" data-e-type=\"column\">\n\t\t\t<div class=\"elementor-widget-wrap elementor-element-populated\">\n\t\t\t\t\t\t<div class=\"elementor-element elementor-element-a170e53 elementor-position-right elementor-vertical-align-middle elementor-widget elementor-widget-image-box\" data-id=\"a170e53\" data-element_type=\"widget\" data-e-type=\"widget\" data-widget_type=\"image-box.default\">\n\t\t\t\t<div class=\"elementor-widget-container\">\n\t\t\t\t\t<div class=\"elementor-image-box-wrapper\"><figure class=\"elementor-image-box-img\"><img decoding=\"async\" src=\"https:\/\/www.kalani-home.com\/wp-content\/uploads\/transparency.jpg\" title=\"Transparence &#8211; De kalani \u00e0 votre lit\" alt=\"Transparence - De kalani \u00e0 votre lit\" loading=\"lazy\" \/><\/figure><div class=\"elementor-image-box-content\"><h3 class=\"elementor-image-box-title\">De Kalani \u00e0 votre lit <\/h3><p class=\"elementor-image-box-description\"><p>C\u2019est dans la seconde partie que la diff\u00e9rence est la plus grande. En vendant (presque) exclusivement en ligne, nous \u00e9vitons un maximum de co\u00fbts li\u00e9s \u00e0 des boutiques propres ainsi que les co\u00fbts d\u2019interm\u00e9diaires si nous devions vendre \u00e0 travers des boutiques multi-marques partout en Europe. <p>Nous pratiquons aussi le concept de \u00ab slow marketing \u00bb. Nous avan\u00e7ons pas \u00e0 pas gr\u00e2ce \u00e0 une mini \u00e9quipe de passionn\u00e9s qui mettent la main \u00e0 la p\u00e2te pour  que ce projet soit durable dans le temps sans faire exploser les co\u00fbts et sans utiliser des artifices marketing co\u00fbteux et inutiles pour une croissance certaine mais contr\u00f4l\u00e9e. <\/p>Nous pr\u00f4nons une communication authentique, positive sans chichi qui refl\u00e8te parfaitement les personnes qui collaborent de pr\u00e8s ou de loin au projet de Kalani. Plus qu\u2019une marque, c\u2019est aussi un projet d\u2019entreprise qui se veut diff\u00e9rent, innovant et \u00ab slow \u00bb. De cette fa\u00e7on nous \u00e9vitons toutes les marges d\u2019interm\u00e9diaires, les frais fixes \u00e9lev\u00e9s, les campagnes de marketing superflues et nous pouvons proposer des produits haut de gamme, certifi\u00e9s bio, Fairtrade, \u00e0 prix abordables, gr\u00e2ce \u00e0 notre circuit court.<\/p><\/div><\/div>\t\t\t\t<\/div>\n\t\t\t\t<\/div>\n\t\t\t\t<div class=\"elementor-element elementor-element-ffbb880 elementor-position-left elementor-vertical-align-middle elementor-widget elementor-widget-image-box\" data-id=\"ffbb880\" data-element_type=\"widget\" data-e-type=\"widget\" data-widget_type=\"image-box.default\">\n\t\t\t\t<div class=\"elementor-widget-container\">\n\t\t\t\t\t<div class=\"elementor-image-box-wrapper\"><figure class=\"elementor-image-box-img\"><img decoding=\"async\" src=\"https:\/\/www.kalani-home.com\/wp-content\/uploads\/transparency-choice-fabrics.jpg\" title=\"Transparence &#8211; Choix tissus\" alt=\"Transparence - Choix tissus\" loading=\"lazy\" \/><\/figure><div class=\"elementor-image-box-content\"><h3 class=\"elementor-image-box-title\">Du choix des mat\u00e9riaux au produit fini<\/h3><p class=\"elementor-image-box-description\"><p>Dans la premi\u00e8re partie du sch\u00e9ma, vous pouvez voir qu\u2019il n\u2019y a pas beaucoup de diff\u00e9rence avec une autre marque standard. La diff\u00e9rence est cependant bien l\u00e0. Car il est \u00e9vident qu\u2019un grande marque qui existe depuis longtemps et qui n\u2019est pas certifi\u00e9e bio et Fairtrade ach\u00e8te ou produit certainement moins cher que nous. En effet, nos mati\u00e8res premi\u00e8res sont certifi\u00e9es bio (GOTS) et Fairtrade, et nous payons notre coton et nos produits finis produits \u00e9thiquement bien au-dessus du prix du march\u00e9. <\/p>Mais nous avons d\u00e9cid\u00e9 de d\u00e9montrer notre concept en partant du fait que tout le monde produit au m\u00eame prix \u00e9tant donn\u00e9 qu\u2019il y a autant de cas de figures que de marques. Ce qui veut dire que les marges des marques traditionelles sont en r\u00e9alit\u00e9 la plupart du temps encore plus \u00e9lev\u00e9es que ce que nous d\u00e9montrons dans le sch\u00e9ma.<\/p><\/p><\/div><\/div>\t\t\t\t<\/div>\n\t\t\t\t<\/div>\n\t\t\t\t\t<\/div>\n\t\t<\/div>\n\t\t\t\t\t<\/div>\n\t\t<\/section>\n\t\t\t\t<section class=\"elementor-section elementor-top-section elementor-element elementor-element-e4f004e elementor-section-boxed elementor-section-height-default elementor-section-height-default\" data-id=\"e4f004e\" data-element_type=\"section\" data-e-type=\"section\">\n\t\t\t\t\t\t<div class=\"elementor-container elementor-column-gap-default\">\n\t\t\t\t\t<div class=\"elementor-column elementor-col-100 elementor-top-column elementor-element elementor-element-5e3e92b\" data-id=\"5e3e92b\" data-element_type=\"column\" data-e-type=\"column\">\n\t\t\t<div class=\"elementor-widget-wrap\">\n\t\t\t\t\t\t\t<\/div>\n\t\t<\/div>\n\t\t\t\t\t<\/div>\n\t\t<\/section>\n\t\t\t\t<\/div>\n\t\t","protected":false},"excerpt":{"rendered":"<p>Un prix juste pour vous, pour les agriculteurs de coton bio, pour les ouvriers de production et pour nous. Kalani met un point d\u2019honneur \u00e0 vous satisfaire, c\u2019est pourquoi, \u00eatre transparent, a toujours \u00e9t\u00e9 une de nos priorit\u00e9s. Nous pr\u00f4nons une consommation responsable. Nous ne voulons en aucun cas vous vendre des produits dont vous [&hellip;]<\/p>\n","protected":false},"author":6,"featured_media":41118,"parent":0,"menu_order":22,"comment_status":"closed","ping_status":"closed","template":"","meta":{"_acf_changed":false,"footnotes":""},"class_list":["post-40548","page","type-page","status-publish","has-post-thumbnail","hentry"],"acf":[],"_links":{"self":[{"href":"https:\/\/www.kalani-home.com\/fr\/wp-json\/wp\/v2\/pages\/40548","targetHints":{"allow":["GET"]}}],"collection":[{"href":"https:\/\/www.kalani-home.com\/fr\/wp-json\/wp\/v2\/pages"}],"about":[{"href":"https:\/\/www.kalani-home.com\/fr\/wp-json\/wp\/v2\/types\/page"}],"author":[{"embeddable":true,"href":"https:\/\/www.kalani-home.com\/fr\/wp-json\/wp\/v2\/users\/6"}],"replies":[{"embeddable":true,"href":"https:\/\/www.kalani-home.com\/fr\/wp-json\/wp\/v2\/comments?post=40548"}],"version-history":[{"count":0,"href":"https:\/\/www.kalani-home.com\/fr\/wp-json\/wp\/v2\/pages\/40548\/revisions"}],"wp:featuredmedia":[{"embeddable":true,"href":"https:\/\/www.kalani-home.com\/fr\/wp-json\/wp\/v2\/media\/41118"}],"wp:attachment":[{"href":"https:\/\/www.kalani-home.com\/fr\/wp-json\/wp\/v2\/media?parent=40548"}],"curies":[{"name":"wp","href":"https:\/\/api.w.org\/{rel}","templated":true}]}}