{"id":40546,"date":"2020-01-02T16:21:42","date_gmt":"2020-01-02T15:21:42","guid":{"rendered":"https:\/\/content.kalani.eu\/nous-recyclons\/"},"modified":"2022-02-25T10:09:44","modified_gmt":"2022-02-25T09:09:44","slug":"nous-recyclons","status":"publish","type":"page","link":"https:\/\/www.kalani-home.com\/fr\/nous-recyclons\/","title":{"rendered":"Nous recyclons"},"content":{"rendered":"\t\t<div data-elementor-type=\"wp-post\" data-elementor-id=\"40546\" class=\"elementor elementor-40546 elementor-31279\" data-elementor-post-type=\"page\">\n\t\t\t\t\t\t<section class=\"elementor-section elementor-top-section elementor-element elementor-element-6f07f002 elementor-section-content-middle elementor-reverse-mobile elementor-section-boxed elementor-section-height-default elementor-section-height-default\" data-id=\"6f07f002\" data-element_type=\"section\" data-e-type=\"section\">\n\t\t\t\t\t\t<div class=\"elementor-container elementor-column-gap-extended\">\n\t\t\t\t\t<div class=\"elementor-column elementor-col-50 elementor-top-column elementor-element elementor-element-b5e3b3b\" data-id=\"b5e3b3b\" data-element_type=\"column\" data-e-type=\"column\">\n\t\t\t<div class=\"elementor-widget-wrap elementor-element-populated\">\n\t\t\t\t\t\t\t<\/div>\n\t\t<\/div>\n\t\t\t\t<div class=\"elementor-column elementor-col-50 elementor-top-column elementor-element elementor-element-211f536d\" data-id=\"211f536d\" data-element_type=\"column\" data-e-type=\"column\">\n\t\t\t<div class=\"elementor-widget-wrap elementor-element-populated\">\n\t\t\t\t\t\t<div class=\"elementor-element elementor-element-88141ef elementor-align-right elementor-mobile-align-left elementor-widget elementor-widget-breadcrumbs\" data-id=\"88141ef\" data-element_type=\"widget\" data-e-type=\"widget\" data-widget_type=\"breadcrumbs.default\">\n\t\t\t\t<div class=\"elementor-widget-container\">\n\t\t\t\t\t<p id=\"breadcrumbs\"><span><span><a href=\"https:\/\/www.kalani-home.com\/fr\/\">Home<\/a><\/span><\/span><\/p>\t\t\t\t<\/div>\n\t\t\t\t<\/div>\n\t\t\t\t\t<\/div>\n\t\t<\/div>\n\t\t\t\t\t<\/div>\n\t\t<\/section>\n\t\t\t\t<section class=\"elementor-section elementor-top-section elementor-element elementor-element-eabbe82 elementor-section-boxed elementor-section-height-default elementor-section-height-default\" data-id=\"eabbe82\" data-element_type=\"section\" data-e-type=\"section\" data-settings=\"{&quot;background_background&quot;:&quot;classic&quot;}\">\n\t\t\t\t\t\t\t<div class=\"elementor-background-overlay\"><\/div>\n\t\t\t\t\t\t\t<div class=\"elementor-container elementor-column-gap-extended\">\n\t\t\t\t\t<div class=\"elementor-column elementor-col-100 elementor-top-column elementor-element elementor-element-24a703a\" data-id=\"24a703a\" data-element_type=\"column\" data-e-type=\"column\">\n\t\t\t<div class=\"elementor-widget-wrap elementor-element-populated\">\n\t\t\t\t\t\t<div class=\"elementor-element elementor-element-c51c241 elementor-widget elementor-widget-heading\" data-id=\"c51c241\" data-element_type=\"widget\" data-e-type=\"widget\" data-widget_type=\"heading.default\">\n\t\t\t\t<div class=\"elementor-widget-container\">\n\t\t\t\t\t<h2 class=\"elementor-heading-title elementor-size-default\">Un d\u00e9chet n'est pas un d\u00e9chet <br> tant qu'il n'est pas jet\u00e9 <\/h2>\t\t\t\t<\/div>\n\t\t\t\t<\/div>\n\t\t\t\t\t<\/div>\n\t\t<\/div>\n\t\t\t\t\t<\/div>\n\t\t<\/section>\n\t\t\t\t<section class=\"elementor-section elementor-top-section elementor-element elementor-element-f5d7ab6 elementor-section-boxed elementor-section-height-default elementor-section-height-default\" data-id=\"f5d7ab6\" data-element_type=\"section\" data-e-type=\"section\">\n\t\t\t\t\t\t<div class=\"elementor-container elementor-column-gap-extended\">\n\t\t\t\t\t<div class=\"elementor-column elementor-col-100 elementor-top-column elementor-element elementor-element-830e0f6\" data-id=\"830e0f6\" data-element_type=\"column\" data-e-type=\"column\">\n\t\t\t<div class=\"elementor-widget-wrap elementor-element-populated\">\n\t\t\t\t\t\t<div class=\"elementor-element elementor-element-a79373a elementor-widget elementor-widget-heading\" data-id=\"a79373a\" data-element_type=\"widget\" data-e-type=\"widget\" data-widget_type=\"heading.default\">\n\t\t\t\t<div class=\"elementor-widget-container\">\n\t\t\t\t\t<h4 class=\"elementor-heading-title elementor-size-default\">Chez Kalani, nous croyons au pouvoir d\u2019une seconde vie. <br>Notre but, lorsque nous avons cr\u00e9\u00e9 notre collection de linge de lit, \u00e9tait de cr\u00e9er du linge qui serait fait pour durer le plus longtemps possible ! <br> Mais lorsque leur \u00ab vie \u00bb est termin\u00e9e, nous avons imagin\u00e9 la solution parfaite : un projet de recyclage ! <br> Nous croyons fermement en la REDUCTION, LA REUTILISATION, LE RECYCLAGE et toutes les formes de UP-CYCLING. <p>Kalani vous offre 3 solutions faciles pour vos tr\u00e9sors :<\/p><\/h4>\t\t\t\t<\/div>\n\t\t\t\t<\/div>\n\t\t\t\t\t<\/div>\n\t\t<\/div>\n\t\t\t\t\t<\/div>\n\t\t<\/section>\n\t\t\t\t<section class=\"elementor-section elementor-top-section elementor-element elementor-element-3e6d3a6 elementor-section-boxed elementor-section-height-default elementor-section-height-default\" data-id=\"3e6d3a6\" data-element_type=\"section\" data-e-type=\"section\">\n\t\t\t\t\t\t<div class=\"elementor-container elementor-column-gap-extended\">\n\t\t\t\t\t<div class=\"elementor-column elementor-col-100 elementor-top-column elementor-element elementor-element-15cacf57\" data-id=\"15cacf57\" data-element_type=\"column\" data-e-type=\"column\">\n\t\t\t<div class=\"elementor-widget-wrap elementor-element-populated\">\n\t\t\t\t\t\t<div class=\"elementor-element elementor-element-40266acf elementor-position-left elementor-vertical-align-middle elementor-widget elementor-widget-image-box\" data-id=\"40266acf\" data-element_type=\"widget\" data-e-type=\"widget\" data-widget_type=\"image-box.default\">\n\t\t\t\t<div class=\"elementor-widget-container\">\n\t\t\t\t\t<div class=\"elementor-image-box-wrapper\"><figure class=\"elementor-image-box-img\"><img decoding=\"async\" src=\"https:\/\/www.kalani-home.com\/wp-content\/uploads\/we-recycle-re-use.jpg\" title=\"nous recyclons nous r\u00e9utilisons\" alt=\"nous recyclons nous r\u00e9utilisons\" loading=\"lazy\" \/><\/figure><div class=\"elementor-image-box-content\"><h3 class=\"elementor-image-box-title\">1. R\u00e9utilisez vous-m\u00eames vos vieux draps de lits<\/h3><p class=\"elementor-image-box-description\"><p>Vous pouvez trouver des id\u00e9es de upcycling sur notre blog.<\/p> Choisir cette solution est la plus durable car vos draps de lit auront une seconde vie sans aucun transport suppl\u00e9mentaire ni de frais.<br> Pour trouver quelques id\u00e9es de quoi faire de vos draps, retrouvez sur notre blog un article d\u00e9di\u00e9 \u00e0 cela ! <br>Envoyez-nous une chouette photo montrant comment vous avez \u00e9t\u00e9 cr\u00e9atifs pour la r\u00e9utilisation de vos vieux draps de lits et nous vous enverrons un coupon de -10% valable sur votre prochain achat.<BR><p>Lisez plus sur notre blog !<\/p><br><br><a href=\"\/fr\/blog\/6-idees-pour-reutiliser-ou-recycler-vos-draps-de-lit\/\" class=\"elementor-button-link elementor-button elementor-size-sm kalani-inline-button\" role=\"button\"><span class=\"elementor-button-content-wrapper\"><span class=\"elementor-button-text\">Lire notre article<\/span><\/span><\/a><\/p><\/div><\/div>\t\t\t\t<\/div>\n\t\t\t\t<\/div>\n\t\t\t\t\t<\/div>\n\t\t<\/div>\n\t\t\t\t\t<\/div>\n\t\t<\/section>\n\t\t\t\t<section class=\"elementor-section elementor-top-section elementor-element elementor-element-3c750f91 elementor-section-boxed elementor-section-height-default elementor-section-height-default\" data-id=\"3c750f91\" data-element_type=\"section\" data-e-type=\"section\">\n\t\t\t\t\t\t<div class=\"elementor-container elementor-column-gap-extended\">\n\t\t\t\t\t<div class=\"elementor-column elementor-col-100 elementor-top-column elementor-element elementor-element-4b2df918\" data-id=\"4b2df918\" data-element_type=\"column\" data-e-type=\"column\">\n\t\t\t<div class=\"elementor-widget-wrap elementor-element-populated\">\n\t\t\t\t\t\t<div class=\"elementor-element elementor-element-43a3bdc0 elementor-position-right elementor-vertical-align-middle elementor-widget elementor-widget-image-box\" data-id=\"43a3bdc0\" data-element_type=\"widget\" data-e-type=\"widget\" data-widget_type=\"image-box.default\">\n\t\t\t\t<div class=\"elementor-widget-container\">\n\t\t\t\t\t<div class=\"elementor-image-box-wrapper\"><figure class=\"elementor-image-box-img\"><img decoding=\"async\" src=\"https:\/\/www.kalani-home.com\/wp-content\/uploads\/we-recylce-recycle-bin.jpg\" title=\"Nous recyclons &#8211; Poubelle de recyclage\" alt=\"Nous recyclons - Poubelle de recyclage\" loading=\"lazy\" \/><\/figure><div class=\"elementor-image-box-content\"><h3 class=\"elementor-image-box-title\">2. Allez \u00e0 la borne de recyclage pr\u00e8s de chez vous<\/h3><p class=\"elementor-image-box-description\"><p>C\u2019est probablement la solution la plus simple pour recycler vos draps si vous ne voulez pas faire de upcycling par vous-m\u00eame. <\/p>Vous pouvez les apportez \u00e0 un container de recyclage pr\u00e8s de chez vous; en faisant cela vous vous enlevez des frais de transport. <br>Prenez une chouette photo de vous en train de mettre vos vieux linges de lit\/bain dans le container, envoyez-nous la photo et nous vous enverrons un coupon de -10% valable pour votre prochain achat.<\/p><\/div><\/div>\t\t\t\t<\/div>\n\t\t\t\t<\/div>\n\t\t\t\t\t<\/div>\n\t\t<\/div>\n\t\t\t\t\t<\/div>\n\t\t<\/section>\n\t\t\t\t<section class=\"elementor-section elementor-top-section elementor-element elementor-element-c4ca763 elementor-section-boxed elementor-section-height-default elementor-section-height-default\" data-id=\"c4ca763\" data-element_type=\"section\" data-e-type=\"section\">\n\t\t\t\t\t\t<div class=\"elementor-container elementor-column-gap-extended\">\n\t\t\t\t\t<div class=\"elementor-column elementor-col-100 elementor-top-column elementor-element elementor-element-c0288cb\" data-id=\"c0288cb\" data-element_type=\"column\" data-e-type=\"column\">\n\t\t\t<div class=\"elementor-widget-wrap elementor-element-populated\">\n\t\t\t\t\t\t<div class=\"elementor-element elementor-element-dca156a elementor-position-left elementor-vertical-align-middle elementor-widget elementor-widget-image-box\" data-id=\"dca156a\" data-element_type=\"widget\" data-e-type=\"widget\" data-widget_type=\"image-box.default\">\n\t\t\t\t<div class=\"elementor-widget-container\">\n\t\t\t\t\t<div class=\"elementor-image-box-wrapper\"><figure class=\"elementor-image-box-img\"><img decoding=\"async\" src=\"https:\/\/www.kalani-home.com\/wp-content\/uploads\/we-recycle-old-bedsheets.jpg\" title=\"Nous recyclons &#8211; Vieux draps de lit\" alt=\"Nous recyclons - Vieux draps de lit\" loading=\"lazy\" \/><\/figure><div class=\"elementor-image-box-content\"><h3 class=\"elementor-image-box-title\">3. Envoyez vos vieux draps de lit \u00e0 notre programme professionnel de recyclage<\/h3><p class=\"elementor-image-box-description\"><p>Vous pouvez nous renvoyer \u00e0 notre entrep\u00f4t vos vieux draps de lit ou linge de bain. Nous les recyclerons pour vous ! <\/p>Gr\u00e2ce \u00e0 votre bon geste pour contribuer \u00e0 notre programme de recyclage, nous vous enverrons un coupon de -15% valable sur votre prochain achat.<\/p><\/div><\/div>\t\t\t\t<\/div>\n\t\t\t\t<\/div>\n\t\t\t\t\t<\/div>\n\t\t<\/div>\n\t\t\t\t\t<\/div>\n\t\t<\/section>\n\t\t\t\t<section class=\"elementor-section elementor-top-section elementor-element elementor-element-6799307 elementor-section-boxed elementor-section-height-default elementor-section-height-default\" data-id=\"6799307\" data-element_type=\"section\" data-e-type=\"section\">\n\t\t\t\t\t\t<div class=\"elementor-container elementor-column-gap-extended\">\n\t\t\t\t\t<div class=\"elementor-column elementor-col-100 elementor-top-column elementor-element elementor-element-a582294\" data-id=\"a582294\" data-element_type=\"column\" data-e-type=\"column\">\n\t\t\t<div class=\"elementor-widget-wrap elementor-element-populated\">\n\t\t\t\t\t\t<div class=\"elementor-element elementor-element-4d59600 elementor-position-right elementor-vertical-align-middle elementor-widget elementor-widget-image-box\" data-id=\"4d59600\" data-element_type=\"widget\" data-e-type=\"widget\" data-widget_type=\"image-box.default\">\n\t\t\t\t<div class=\"elementor-widget-container\">\n\t\t\t\t\t<div class=\"elementor-image-box-wrapper\"><figure class=\"elementor-image-box-img\"><img decoding=\"async\" src=\"https:\/\/www.kalani-home.com\/wp-content\/uploads\/we-recycle-package.jpg\" title=\"Nous recyclons &#8211; Emballage\" alt=\"Nous recyclons - Emballage\" loading=\"lazy\" \/><\/figure><div class=\"elementor-image-box-content\"><h3 class=\"elementor-image-box-title\">Comment nous renvoyer vos vieux et propres linges de lit et bain ?<\/h3><p class=\"elementor-image-box-description\"><p>Avant de nous les envoyer, nettoyez-les, ensuite, emballez-les (de pr\u00e9f\u00e9rence dans une boite r\u00e9utilis\u00e9e) et envoyez-nous cela (\u00e0 vos frais) \u00e0 :<\/p><p>KALANI S.A.<br>2 Rue de Rosi\u00e8res<br>1332 Genval<br>Belgique<\/p><p>Lorsque nous recevrons vos vieux produits Kalani ou vos vieux draps de lits, m\u00eame d\u2019une autre marque, notre entrep\u00f4t se chargera de les trier et de les stocker. Certains iront \u00e0 des associations caritatives, d\u2019autres iront dans des programmes de recyclage du coton et d\u2019autres encore iront vers nos partenaires locaux qui se chargeront de leur donner une seconde vie. Nos partenaires sont des marques et business locaux qui recyclent les vieux tissus pour en faire des objets en upcycling (v\u00eatements, kits, sacs \u00e0 pain etc).<\/p><\/p><\/div><\/div>\t\t\t\t<\/div>\n\t\t\t\t<\/div>\n\t\t\t\t\t<\/div>\n\t\t<\/div>\n\t\t\t\t\t<\/div>\n\t\t<\/section>\n\t\t\t\t<section class=\"elementor-section elementor-top-section elementor-element elementor-element-80b878f elementor-section-boxed elementor-section-height-default elementor-section-height-default\" data-id=\"80b878f\" data-element_type=\"section\" data-e-type=\"section\">\n\t\t\t\t\t\t<div class=\"elementor-container elementor-column-gap-extended\">\n\t\t\t\t\t<div class=\"elementor-column elementor-col-100 elementor-top-column elementor-element elementor-element-977f728\" data-id=\"977f728\" data-element_type=\"column\" data-e-type=\"column\">\n\t\t\t<div class=\"elementor-widget-wrap elementor-element-populated\">\n\t\t\t\t\t\t<div class=\"elementor-element elementor-element-96f6a50 elementor-widget elementor-widget-heading\" data-id=\"96f6a50\" data-element_type=\"widget\" data-e-type=\"widget\" data-widget_type=\"heading.default\">\n\t\t\t\t<div class=\"elementor-widget-container\">\n\t\t\t\t\t<h4 class=\"elementor-heading-title elementor-size-default\"> En faisant ces simples gestes, nous faisons fonctionner l\u2019\u00e9conomie circulaire. Merci pour la plan\u00e8te ! Car, il n\u2019y a pas de durabilit\u00e9 sans circularit\u00e9 !<br><\/h4>\t\t\t\t<\/div>\n\t\t\t\t<\/div>\n\t\t\t\t\t<\/div>\n\t\t<\/div>\n\t\t\t\t\t<\/div>\n\t\t<\/section>\n\t\t\t\t<section class=\"elementor-section elementor-top-section elementor-element elementor-element-304455a elementor-section-boxed elementor-section-height-default elementor-section-height-default\" data-id=\"304455a\" data-element_type=\"section\" data-e-type=\"section\">\n\t\t\t\t\t\t<div class=\"elementor-container elementor-column-gap-extended\">\n\t\t\t\t\t<div class=\"elementor-column elementor-col-100 elementor-top-column elementor-element elementor-element-ba0ed9f\" data-id=\"ba0ed9f\" data-element_type=\"column\" data-e-type=\"column\">\n\t\t\t<div class=\"elementor-widget-wrap\">\n\t\t\t\t\t\t\t<\/div>\n\t\t<\/div>\n\t\t\t\t\t<\/div>\n\t\t<\/section>\n\t\t\t\t<\/div>\n\t\t","protected":false},"excerpt":{"rendered":"<p>Un d\u00e9chet n&rsquo;est pas un d\u00e9chet tant qu&rsquo;il n&rsquo;est pas jet\u00e9 Chez Kalani, nous croyons au pouvoir d\u2019une seconde vie. Notre but, lorsque nous avons cr\u00e9\u00e9 notre collection de linge de lit, \u00e9tait de cr\u00e9er du linge qui serait fait pour durer le plus longtemps possible ! Mais lorsque leur \u00ab vie \u00bb est termin\u00e9e, [&hellip;]<\/p>\n","protected":false},"author":6,"featured_media":41122,"parent":0,"menu_order":28,"comment_status":"closed","ping_status":"closed","template":"","meta":{"_acf_changed":false,"footnotes":""},"class_list":["post-40546","page","type-page","status-publish","has-post-thumbnail","hentry"],"acf":[],"_links":{"self":[{"href":"https:\/\/www.kalani-home.com\/fr\/wp-json\/wp\/v2\/pages\/40546","targetHints":{"allow":["GET"]}}],"collection":[{"href":"https:\/\/www.kalani-home.com\/fr\/wp-json\/wp\/v2\/pages"}],"about":[{"href":"https:\/\/www.kalani-home.com\/fr\/wp-json\/wp\/v2\/types\/page"}],"author":[{"embeddable":true,"href":"https:\/\/www.kalani-home.com\/fr\/wp-json\/wp\/v2\/users\/6"}],"replies":[{"embeddable":true,"href":"https:\/\/www.kalani-home.com\/fr\/wp-json\/wp\/v2\/comments?post=40546"}],"version-history":[{"count":0,"href":"https:\/\/www.kalani-home.com\/fr\/wp-json\/wp\/v2\/pages\/40546\/revisions"}],"wp:featuredmedia":[{"embeddable":true,"href":"https:\/\/www.kalani-home.com\/fr\/wp-json\/wp\/v2\/media\/41122"}],"wp:attachment":[{"href":"https:\/\/www.kalani-home.com\/fr\/wp-json\/wp\/v2\/media?parent=40546"}],"curies":[{"name":"wp","href":"https:\/\/api.w.org\/{rel}","templated":true}]}}