{"id":40537,"date":"2020-01-02T16:21:42","date_gmt":"2020-01-02T15:21:42","guid":{"rendered":"https:\/\/content.kalani.eu\/emballage\/"},"modified":"2024-03-15T12:49:01","modified_gmt":"2024-03-15T11:49:01","slug":"emballage","status":"publish","type":"page","link":"https:\/\/www.kalani-home.com\/fr\/emballage\/","title":{"rendered":"Emballage"},"content":{"rendered":"\t\t<div data-elementor-type=\"wp-post\" data-elementor-id=\"40537\" class=\"elementor elementor-40537 elementor-31184\" data-elementor-post-type=\"page\">\n\t\t\t\t\t\t<section class=\"elementor-section elementor-top-section elementor-element elementor-element-7984b88b elementor-section-content-middle elementor-reverse-mobile elementor-section-boxed elementor-section-height-default elementor-section-height-default\" data-id=\"7984b88b\" data-element_type=\"section\" data-e-type=\"section\">\n\t\t\t\t\t\t<div class=\"elementor-container elementor-column-gap-extended\">\n\t\t\t\t\t<div class=\"elementor-column elementor-col-50 elementor-top-column elementor-element elementor-element-84c8174\" data-id=\"84c8174\" data-element_type=\"column\" data-e-type=\"column\">\n\t\t\t<div class=\"elementor-widget-wrap elementor-element-populated\">\n\t\t\t\t\t\t\t<\/div>\n\t\t<\/div>\n\t\t\t\t<div class=\"elementor-column elementor-col-50 elementor-top-column elementor-element elementor-element-3c7b631e\" data-id=\"3c7b631e\" data-element_type=\"column\" data-e-type=\"column\">\n\t\t\t<div class=\"elementor-widget-wrap elementor-element-populated\">\n\t\t\t\t\t\t<div class=\"elementor-element elementor-element-3c0dfbcd elementor-align-right elementor-mobile-align-left elementor-widget elementor-widget-breadcrumbs\" data-id=\"3c0dfbcd\" data-element_type=\"widget\" data-e-type=\"widget\" data-widget_type=\"breadcrumbs.default\">\n\t\t\t\t<div class=\"elementor-widget-container\">\n\t\t\t\t\t<p id=\"breadcrumbs\"><span><span><a href=\"https:\/\/www.kalani-home.com\/fr\/\">Home<\/a><\/span><\/span><\/p>\t\t\t\t<\/div>\n\t\t\t\t<\/div>\n\t\t\t\t\t<\/div>\n\t\t<\/div>\n\t\t\t\t\t<\/div>\n\t\t<\/section>\n\t\t\t\t<section class=\"elementor-section elementor-top-section elementor-element elementor-element-eabbe82 elementor-section-boxed elementor-section-height-default elementor-section-height-default\" data-id=\"eabbe82\" data-element_type=\"section\" data-e-type=\"section\" data-settings=\"{&quot;background_background&quot;:&quot;classic&quot;}\">\n\t\t\t\t\t\t<div class=\"elementor-container elementor-column-gap-extended\">\n\t\t\t\t\t<div class=\"elementor-column elementor-col-100 elementor-top-column elementor-element elementor-element-24a703a\" data-id=\"24a703a\" data-element_type=\"column\" data-e-type=\"column\">\n\t\t\t<div class=\"elementor-widget-wrap elementor-element-populated\">\n\t\t\t\t\t\t<div class=\"elementor-element elementor-element-c51c241 elementor-widget elementor-widget-heading\" data-id=\"c51c241\" data-element_type=\"widget\" data-e-type=\"widget\" data-widget_type=\"heading.default\">\n\t\t\t\t<div class=\"elementor-widget-container\">\n\t\t\t\t\t<h2 class=\"elementor-heading-title elementor-size-default\">De chouettes emballages r\u00e9utilisables<\/h2>\t\t\t\t<\/div>\n\t\t\t\t<\/div>\n\t\t\t\t\t<\/div>\n\t\t<\/div>\n\t\t\t\t\t<\/div>\n\t\t<\/section>\n\t\t\t\t<section class=\"elementor-section elementor-top-section elementor-element elementor-element-f5d7ab6 elementor-section-boxed elementor-section-height-default elementor-section-height-default\" data-id=\"f5d7ab6\" data-element_type=\"section\" data-e-type=\"section\">\n\t\t\t\t\t\t<div class=\"elementor-container elementor-column-gap-extended\">\n\t\t\t\t\t<div class=\"elementor-column elementor-col-100 elementor-top-column elementor-element elementor-element-830e0f6\" data-id=\"830e0f6\" data-element_type=\"column\" data-e-type=\"column\">\n\t\t\t<div class=\"elementor-widget-wrap elementor-element-populated\">\n\t\t\t\t\t\t<div class=\"elementor-element elementor-element-a79373a elementor-widget elementor-widget-heading\" data-id=\"a79373a\" data-element_type=\"widget\" data-e-type=\"widget\" data-widget_type=\"heading.default\">\n\t\t\t\t<div class=\"elementor-widget-container\">\n\t\t\t\t\t<h4 class=\"elementor-heading-title elementor-size-default\">Afin de respecter notre philosophie respectueuse de l\u2019environnement, nous limitons les emballages au strict minimum.<\/h4>\t\t\t\t<\/div>\n\t\t\t\t<\/div>\n\t\t\t\t\t<\/div>\n\t\t<\/div>\n\t\t\t\t\t<\/div>\n\t\t<\/section>\n\t\t\t\t<section class=\"elementor-section elementor-top-section elementor-element elementor-element-3e6d3a6 elementor-section-boxed elementor-section-height-default elementor-section-height-default\" data-id=\"3e6d3a6\" data-element_type=\"section\" data-e-type=\"section\">\n\t\t\t\t\t\t<div class=\"elementor-container elementor-column-gap-extended\">\n\t\t\t\t\t<div class=\"elementor-column elementor-col-100 elementor-top-column elementor-element elementor-element-15cacf57\" data-id=\"15cacf57\" data-element_type=\"column\" data-e-type=\"column\">\n\t\t\t<div class=\"elementor-widget-wrap elementor-element-populated\">\n\t\t\t\t\t\t<div class=\"elementor-element elementor-element-40266acf elementor-position-left elementor-vertical-align-middle elementor-widget elementor-widget-image-box\" data-id=\"40266acf\" data-element_type=\"widget\" data-e-type=\"widget\" data-widget_type=\"image-box.default\">\n\t\t\t\t<div class=\"elementor-widget-container\">\n\t\t\t\t\t<div class=\"elementor-image-box-wrapper\"><figure class=\"elementor-image-box-img\"><img decoding=\"async\" src=\"https:\/\/www.kalani-home.com\/wp-content\/uploads\/packaging-creativity.jpg\" title=\"Emballage &#8211; Creativit\u00e9\" alt=\"Emballage - Creativit\u00e9\" loading=\"lazy\" \/><\/figure><div class=\"elementor-image-box-content\"><h3 class=\"elementor-image-box-title\">Boostez votre cr\u00e9ativit\u00e9<\/h3><p class=\"elementor-image-box-description\"><p>Les housses de couettes et les taies d\u2019oreiller \u2013 lorsqu\u2019elles sont command\u00e9es avec des housses de couettes \u2013 sont emball\u00e9es dans un joli sac en tissu Kalani, destin\u00e9 \u00e0 \u00eatre r\u00e9utilis\u00e9 \u00e0 votre guise.<\/p><p>N\u2019h\u00e9sitez pas \u00e0 nous envoyer des photos de l\u2019usage que vous en ferez, nous adorons voir la cr\u00e9ativit\u00e9 z\u00e9ro d\u00e9chet en pleine action.<\/p><\/p><\/div><\/div>\t\t\t\t<\/div>\n\t\t\t\t<\/div>\n\t\t\t\t\t<\/div>\n\t\t<\/div>\n\t\t\t\t\t<\/div>\n\t\t<\/section>\n\t\t\t\t<section class=\"elementor-section elementor-top-section elementor-element elementor-element-3c750f91 elementor-section-boxed elementor-section-height-default elementor-section-height-default\" data-id=\"3c750f91\" data-element_type=\"section\" data-e-type=\"section\">\n\t\t\t\t\t\t<div class=\"elementor-container elementor-column-gap-extended\">\n\t\t\t\t\t<div class=\"elementor-column elementor-col-100 elementor-top-column elementor-element elementor-element-4b2df918\" data-id=\"4b2df918\" data-element_type=\"column\" data-e-type=\"column\">\n\t\t\t<div class=\"elementor-widget-wrap elementor-element-populated\">\n\t\t\t\t\t\t<div class=\"elementor-element elementor-element-43a3bdc0 elementor-position-right elementor-vertical-align-middle elementor-widget elementor-widget-image-box\" data-id=\"43a3bdc0\" data-element_type=\"widget\" data-e-type=\"widget\" data-widget_type=\"image-box.default\">\n\t\t\t\t<div class=\"elementor-widget-container\">\n\t\t\t\t\t<div class=\"elementor-image-box-wrapper\"><figure class=\"elementor-image-box-img\"><img decoding=\"async\" src=\"https:\/\/www.kalani-home.com\/wp-content\/uploads\/packaging-bag-2.jpg\" title=\"packaging-bag-2\" alt=\"packaging-bag-2\" loading=\"lazy\" \/><\/figure><div class=\"elementor-image-box-content\"><h3 class=\"elementor-image-box-title\">Lors des pr\u00e9parations des commandes<\/h3><p class=\"elementor-image-box-description\"><p>Nous n\u2019envoyons pas de plastique \u00e0 nos clients. Les emballages plastique de production, pour prot\u00e9ger les produits de l\u2019humidit\u00e9 et de la poussi\u00e8re dans l\u2019entrep\u00f4t, sont soigneusement d\u00e9ball\u00e9s et recycl\u00e9s par notre entrep\u00f4t. Notre entrep\u00f4t peut recycler jusqu\u2019\u00e0 10 types de d\u00e9chets diff\u00e9rents, alors que les particuliers sont limit\u00e9s. <\/p> Ensuite, nos artisans logisticiens emballent les produits avec soin dans du papier de soie certifi\u00e9 FSC\u00ae. L\u2019exp\u00e9dition se fait dans des cartons recycl\u00e9s et recyclables, dont les interstices sont remplis avec du papier torsad\u00e9 recycl\u00e9 et recyclable.<\/p><\/div><\/div>\t\t\t\t<\/div>\n\t\t\t\t<\/div>\n\t\t\t\t\t<\/div>\n\t\t<\/div>\n\t\t\t\t\t<\/div>\n\t\t<\/section>\n\t\t<div class=\"elementor-element elementor-element-0b36455 elementor-hidden-desktop elementor-hidden-tablet elementor-hidden-mobile e-flex e-con-boxed e-con e-parent\" data-id=\"0b36455\" data-element_type=\"container\" data-e-type=\"container\">\n\t\t\t\t\t<div class=\"e-con-inner\">\n\t\t<div class=\"elementor-element elementor-element-1d46a8d e-con-full e-flex e-con e-child\" data-id=\"1d46a8d\" data-element_type=\"container\" data-e-type=\"container\">\n\t\t<div class=\"elementor-element elementor-element-8a5732e e-flex e-con-boxed e-con e-child\" data-id=\"8a5732e\" data-element_type=\"container\" data-e-type=\"container\">\n\t\t\t\t\t<div class=\"e-con-inner\">\n\t\t\t\t<div class=\"elementor-element elementor-element-b8f3f2c elementor-widget elementor-widget-heading\" data-id=\"b8f3f2c\" data-element_type=\"widget\" data-e-type=\"widget\" data-widget_type=\"heading.default\">\n\t\t\t\t<div class=\"elementor-widget-container\">\n\t\t\t\t\t<h3 class=\"elementor-heading-title elementor-size-default\">Lors des pr\u00e9parations des commandes<\/h3>\t\t\t\t<\/div>\n\t\t\t\t<\/div>\n\t\t\t\t<div class=\"elementor-element elementor-element-48788d4 elementor-widget elementor-widget-text-editor\" data-id=\"48788d4\" data-element_type=\"widget\" data-e-type=\"widget\" data-widget_type=\"text-editor.default\">\n\t\t\t\t<div class=\"elementor-widget-container\">\n\t\t\t\t\t\t\t\t\t<p>Nous n\u2019envoyons pas de plastique \u00e0 nos clients. Les emballages plastique de production, pour prot\u00e9ger les produits de l\u2019humidit\u00e9 et de la poussi\u00e8re dans l\u2019entrep\u00f4t, sont soigneusement d\u00e9ball\u00e9s et recycl\u00e9s par notre entrep\u00f4t. Notre entrep\u00f4t peut recycler jusqu\u2019\u00e0 10 types de d\u00e9chets diff\u00e9rents, alors que les particuliers sont limit\u00e9s. <\/p>\n<p>Ensuite, nos artisans logisticiens emballent les produits avec soin dans du papier de soie certifi\u00e9 FSC\u00ae. L\u2019exp\u00e9dition se fait dans des cartons recycl\u00e9s et recyclables, dont les interstices sont remplis avec du papier torsad\u00e9 recycl\u00e9 et recyclable.<\/p>\n\t\t\t\t\t\t\t\t<\/div>\n\t\t\t\t<\/div>\n\t\t\t\t\t<\/div>\n\t\t\t\t<\/div>\n\t\t<div class=\"elementor-element elementor-element-9a4b20b e-con-full e-flex e-con e-child\" data-id=\"9a4b20b\" data-element_type=\"container\" data-e-type=\"container\">\n\t\t\t\t<div class=\"elementor-element elementor-element-78aa887 elementor-widget elementor-widget-image\" data-id=\"78aa887\" data-element_type=\"widget\" data-e-type=\"widget\" data-widget_type=\"image.default\">\n\t\t\t\t<div class=\"elementor-widget-container\">\n\t\t\t\t\t\t\t\t\t\t\t\t\t\t\t<img decoding=\"async\" width=\"768\" height=\"768\" src=\"https:\/\/www.kalani-home.com\/wp-content\/uploads\/packaging-bag-2-768x768.jpg\" class=\"attachment-medium_large size-medium_large wp-image-125492\" alt=\"\" srcset=\"https:\/\/www.kalani-home.com\/wp-content\/uploads\/packaging-bag-2-768x768.jpg 768w, https:\/\/www.kalani-home.com\/wp-content\/uploads\/packaging-bag-2-300x300.jpg 300w, https:\/\/www.kalani-home.com\/wp-content\/uploads\/packaging-bag-2-150x150.jpg 150w, https:\/\/www.kalani-home.com\/wp-content\/uploads\/packaging-bag-2-100x100.jpg 100w, https:\/\/www.kalani-home.com\/wp-content\/uploads\/packaging-bag-2-170x170.jpg 170w, https:\/\/www.kalani-home.com\/wp-content\/uploads\/packaging-bag-2-135x135.jpg 135w, https:\/\/www.kalani-home.com\/wp-content\/uploads\/packaging-bag-2.jpg 900w\" sizes=\"(max-width: 768px) 100vw, 768px\" \/>\t\t\t\t\t\t\t\t\t\t\t\t\t\t\t<\/div>\n\t\t\t\t<\/div>\n\t\t\t\t<\/div>\n\t\t\t\t<\/div>\n\t\t\t\t\t<\/div>\n\t\t\t\t<\/div>\n\t\t\t\t<\/div>\n\t\t","protected":false},"excerpt":{"rendered":"<p>De chouettes emballages r\u00e9utilisables Afin de respecter notre philosophie respectueuse de l\u2019environnement, nous limitons les emballages au strict minimum. Boostez votre cr\u00e9ativit\u00e9 Les housses de couettes et les taies d\u2019oreiller \u2013 lorsqu\u2019elles sont command\u00e9es avec des housses de couettes \u2013 sont emball\u00e9es dans un joli sac en tissu Kalani, destin\u00e9 \u00e0 \u00eatre r\u00e9utilis\u00e9 \u00e0 votre [&hellip;]<\/p>\n","protected":false},"author":6,"featured_media":125487,"parent":0,"menu_order":29,"comment_status":"closed","ping_status":"closed","template":"","meta":{"_acf_changed":false,"footnotes":""},"class_list":["post-40537","page","type-page","status-publish","has-post-thumbnail","hentry"],"acf":[],"_links":{"self":[{"href":"https:\/\/www.kalani-home.com\/fr\/wp-json\/wp\/v2\/pages\/40537","targetHints":{"allow":["GET"]}}],"collection":[{"href":"https:\/\/www.kalani-home.com\/fr\/wp-json\/wp\/v2\/pages"}],"about":[{"href":"https:\/\/www.kalani-home.com\/fr\/wp-json\/wp\/v2\/types\/page"}],"author":[{"embeddable":true,"href":"https:\/\/www.kalani-home.com\/fr\/wp-json\/wp\/v2\/users\/6"}],"replies":[{"embeddable":true,"href":"https:\/\/www.kalani-home.com\/fr\/wp-json\/wp\/v2\/comments?post=40537"}],"version-history":[{"count":0,"href":"https:\/\/www.kalani-home.com\/fr\/wp-json\/wp\/v2\/pages\/40537\/revisions"}],"wp:featuredmedia":[{"embeddable":true,"href":"https:\/\/www.kalani-home.com\/fr\/wp-json\/wp\/v2\/media\/125487"}],"wp:attachment":[{"href":"https:\/\/www.kalani-home.com\/fr\/wp-json\/wp\/v2\/media?parent=40537"}],"curies":[{"name":"wp","href":"https:\/\/api.w.org\/{rel}","templated":true}]}}