{"id":58058,"date":"2020-08-02T11:56:51","date_gmt":"2020-08-02T09:56:51","guid":{"rendered":"https:\/\/content.kalani.eu\/?post_type=product&#038;p=58058"},"modified":"2026-05-11T15:46:27","modified_gmt":"2026-05-11T13:46:27","slug":"hygienic-mask-with-filter-pouch","status":"publish","type":"product","link":"https:\/\/www.kalani-home.com\/en\/shop\/hygienic-mask-with-filter-pouch\/","title":{"rendered":"Hygienic mask with filter pouch"},"content":{"rendered":"<p><strong>Tissu<\/strong>\u00a0: Satin tiss\u00e9 100\u00a0% coton peign\u00e9 \u00e0 fibres longues, biologique et certifi\u00e9 Fairtrade<\/p>\n<p><strong>Utiliser\u00a0:<\/strong><\/p>\n<ul>\n<li>Veuillez t\u00e9l\u00e9charger l\u2019avis d\u2019utilisation en cliquant sur le bouton au-dessus du bouton \u00ab\u00a0ajouter au panier\u00a0\u00bb et le lire avant utilisation<\/li>\n<li>Veuillez laver \u00e0 au moins 60\u00b0 degr\u00e9s avant la premi\u00e8re utilisation. Tissu de haute qualit\u00e9 lavable \u00e0 95\u00b0C m\u00eame si vous le souhaitez<\/li>\n<li>Peut \u00eatre repass\u00e9 \u00e0 tr\u00e8s haute temp\u00e9rature<\/li>\n<li>Lavable et r\u00e9utilisable plusieurs fois<\/li>\n<li>Il ne s\u2019agit pas d\u2019un produit m\u00e9dical ou d\u2019un \u00e9quipement de protection individuelle certifi\u00e9<\/li>\n<li>Le masque n\u2019est pas une protection individuelle contre les infections ou autres substances nocives, ce n\u2019est pas un produit de sant\u00e9 destin\u00e9 \u00e0 \u00eatre utilis\u00e9 par le personnel m\u00e9dical<\/li>\n<li>Le masque ne doit \u00eatre port\u00e9 que sur le nez et la bouche et doit \u00eatre d\u00e9plac\u00e9 ou chang\u00e9 apr\u00e8s la p\u00e9n\u00e9tration de l\u2019humidit\u00e9, apr\u00e8s un maximum de 4 heures. Pour \u00eatre efficace, ne portez jamais un masque en tissu plus de 4 heures avant de le laver<\/li>\n<li>Il est recommand\u00e9 pour chaque citoyen d\u2019avoir un minimum de 5 masques afin d\u2019en avoir toujours un ou deux disponibles par jour pendant que les autres sont \u00e0 la lessive<\/li>\n<li>Les masques usag\u00e9s doivent \u00eatre conserv\u00e9s dans un sac sans contamination (ou toute autre possibilit\u00e9 herm\u00e9tique) ou lav\u00e9s directement apr\u00e8s utilisation<\/li>\n<li>Les mains et le visage doivent \u00eatre lav\u00e9s avant et apr\u00e8s l\u2019utilisation, ainsi que lorsque vous touchez le masque dans tous les autres cas<\/li>\n<li>Nous vous demandons de ne pas retourner ce produit pour des raisons d\u2019hygi\u00e8ne<\/li>\n<\/ul>\n<p><strong>Description:<\/strong><\/p>\n<ul>\n<li>Taille (LxH) : 19&#215;13\/14cm pliss\u00e9 (taille ouverte 19&#215;21\/22cm), adapt\u00e9 \u00e0 tous les adultes<\/li>\n<li>Sachet filtrant pour ins\u00e9rer les filtres optionnels (filtre non fourni)<\/li>\n<li>100\u00a0% coton certifi\u00e9 GOTS, tra\u00e7able, OGM interdit, teintures \u00e9cologiques et non toxiques, saines, respectueuses de l\u2019environnement et de la biodiversit\u00e9<\/li>\n<li>100\u00a0% coton certifi\u00e9 Fairtrade, dans le respect des communaut\u00e9s paysannes<\/li>\n<li>Fabriqu\u00e9 de mani\u00e8re \u00e9thique en R\u00e9publique tch\u00e8que dans des usines Fairtrade, dans le respect des travailleurs<\/li>\n<li>Con\u00e7u avec passion, fabriqu\u00e9 \u00e0 la main avec amour pour le bonheur des clients<\/li>\n<li>Satin de haute qualit\u00e9 h\u00f4teli\u00e8re \u00e0 haute densit\u00e9 : 250TC fils monocouche au pouce carr\u00e9<\/li>\n<li>Tissu pr\u00e9lav\u00e9 et pr\u00e9-r\u00e9tr\u00e9ci<\/li>\n<li>Deviendra de plus en plus doux \u00e0 l\u2019usage et aux lavages<\/li>\n<\/ul>\n","protected":false},"excerpt":{"rendered":"<p><strong>Merveilleusement confortable :<\/strong> voir description d\u00e9taill\u00e9e ci-dessous<\/p>\n<p>Produit fabriqu\u00e9 \u00e0 partir de coton 100\u00a0% biologique et certifi\u00e9 Fairtrade, \u00e9thique, \u00e9cologique et v\u00e9g\u00e9talien.<\/p>\n","protected":false},"featured_media":58086,"comment_status":"open","ping_status":"closed","template":"","meta":{"_acf_changed":false},"product_brand":[],"product_cat":[3046,2485],"product_tag":[],"class_list":{"0":"post-58058","1":"product","2":"type-product","3":"status-publish","4":"has-post-thumbnail","6":"product_cat-accessories","7":"product_cat-hygienic-mask","8":"pa_color-snow-white-en","9":"pa_origin-czech-republic","10":"pa_size-13-x-19-cm","12":"first","13":"instock","14":"sale","15":"taxable","16":"shipping-taxable","17":"purchasable","18":"product-type-variable","19":"has-default-attributes"},"acf":[],"_links":{"self":[{"href":"https:\/\/www.kalani-home.com\/en\/wp-json\/wp\/v2\/product\/58058","targetHints":{"allow":["GET"]}}],"collection":[{"href":"https:\/\/www.kalani-home.com\/en\/wp-json\/wp\/v2\/product"}],"about":[{"href":"https:\/\/www.kalani-home.com\/en\/wp-json\/wp\/v2\/types\/product"}],"replies":[{"embeddable":true,"href":"https:\/\/www.kalani-home.com\/en\/wp-json\/wp\/v2\/comments?post=58058"}],"wp:featuredmedia":[{"embeddable":true,"href":"https:\/\/www.kalani-home.com\/en\/wp-json\/wp\/v2\/media\/58086"}],"wp:attachment":[{"href":"https:\/\/www.kalani-home.com\/en\/wp-json\/wp\/v2\/media?parent=58058"}],"wp:term":[{"taxonomy":"product_brand","embeddable":true,"href":"https:\/\/www.kalani-home.com\/en\/wp-json\/wp\/v2\/product_brand?post=58058"},{"taxonomy":"product_cat","embeddable":true,"href":"https:\/\/www.kalani-home.com\/en\/wp-json\/wp\/v2\/product_cat?post=58058"},{"taxonomy":"product_tag","embeddable":true,"href":"https:\/\/www.kalani-home.com\/en\/wp-json\/wp\/v2\/product_tag?post=58058"}],"curies":[{"name":"wp","href":"https:\/\/api.w.org\/{rel}","templated":true}]}}