{"id":91102,"date":"2021-09-17T20:50:16","date_gmt":"2021-09-17T18:50:16","guid":{"rendered":"https:\/\/www.kalani-home.com\/?post_type=product&#038;p=91102"},"modified":"2025-03-26T14:41:46","modified_gmt":"2025-03-26T13:41:46","slug":"damen-shorts-aus-bio-baumwolle","status":"publish","type":"product","link":"https:\/\/www.kalani-home.com\/de\/shop\/damen-shorts-aus-bio-baumwolle\/","title":{"rendered":"Damen-Shorts aus Bio-Baumwolle"},"content":{"rendered":"<p><strong>Zusammensetzung:<\/strong> 85% gewebt aus feinen, langen, gek\u00e4mmten Baumwollf\u00e4den, Bio-zertifiziert, 15% unsichtbares recyceltes Polyester<\/p>\n<p><strong>Details:<\/strong><\/p>\n<ul>\n<li>Normale passform<\/li>\n<li>Grammgewicht: 300 g\/m\u00b2<\/li>\n<li>Terry<\/li>\n<li>Abgesetzter Bund<\/li>\n<li>Runde gleichfarbige Kordel, Kordelenden aus Metall<\/li>\n<li>Metall\u00f6sen<\/li>\n<li>Bundinnenseite und Taschenb\u00f6den aus Jersey (bei einigen Farben in Kontrastfarbe)<\/li>\n<li>Jerseyeinfassung am Saum und an den Seiten<\/li>\n<li>Flatlock-Absteppung an Bund und Tascheneingriffen<\/li>\n<li>Beinl\u00e4nge = S:22cm\/ M:23,5cm\/ L:25cm (messen Sie senkrecht von der Oberkante des Bunds bis zur Unterkante des Saums)<\/li>\n<\/ul>\n<p>&nbsp;<\/p>\n","protected":false},"excerpt":{"rendered":"<p>Damen-joggingshorts mit zwei Fronttaschen und Kordelzug in der Taille<\/p>\n<p>Sie ist 1m75 und tr\u00e4gt Gr\u00f6\u00dfe S<\/p>\n","protected":false},"featured_media":89842,"comment_status":"open","ping_status":"closed","template":"","meta":{"_acf_changed":false},"product_brand":[],"product_cat":[3081,3067,2880],"product_tag":[],"class_list":{"0":"post-91102","1":"product","2":"type-product","3":"status-publish","4":"has-post-thumbnail","6":"product_cat-damen","7":"product_cat-hosen-shorts-damen","8":"product_cat-lounge-kleidung","9":"pa_color-black-de","10":"pa_color-mid-grey-melange-de","11":"pa_color-navy-de","12":"pa_fitting-normale-passform","13":"pa_gender-damen","14":"pa_genre-hosen-shorts","15":"pa_origin-bangladesch","16":"pa_size-l-de","17":"pa_size-m-de","18":"pa_size-s-de","19":"pa_size-xl-de","21":"first","22":"instock","23":"sale","24":"taxable","25":"shipping-taxable","26":"purchasable","27":"product-type-variable","28":"has-default-attributes"},"acf":[],"_links":{"self":[{"href":"https:\/\/www.kalani-home.com\/de\/wp-json\/wp\/v2\/product\/91102","targetHints":{"allow":["GET"]}}],"collection":[{"href":"https:\/\/www.kalani-home.com\/de\/wp-json\/wp\/v2\/product"}],"about":[{"href":"https:\/\/www.kalani-home.com\/de\/wp-json\/wp\/v2\/types\/product"}],"replies":[{"embeddable":true,"href":"https:\/\/www.kalani-home.com\/de\/wp-json\/wp\/v2\/comments?post=91102"}],"wp:featuredmedia":[{"embeddable":true,"href":"https:\/\/www.kalani-home.com\/de\/wp-json\/wp\/v2\/media\/89842"}],"wp:attachment":[{"href":"https:\/\/www.kalani-home.com\/de\/wp-json\/wp\/v2\/media?parent=91102"}],"wp:term":[{"taxonomy":"product_brand","embeddable":true,"href":"https:\/\/www.kalani-home.com\/de\/wp-json\/wp\/v2\/product_brand?post=91102"},{"taxonomy":"product_cat","embeddable":true,"href":"https:\/\/www.kalani-home.com\/de\/wp-json\/wp\/v2\/product_cat?post=91102"},{"taxonomy":"product_tag","embeddable":true,"href":"https:\/\/www.kalani-home.com\/de\/wp-json\/wp\/v2\/product_tag?post=91102"}],"curies":[{"name":"wp","href":"https:\/\/api.w.org\/{rel}","templated":true}]}}