{"id":90427,"date":"2021-09-17T21:25:49","date_gmt":"2021-09-17T19:25:49","guid":{"rendered":"https:\/\/www.kalani-home.com\/?post_type=product&#038;p=90427"},"modified":"2025-10-03T05:46:31","modified_gmt":"2025-10-03T03:46:31","slug":"bio-pullover-mit-rundhalsausschnitt","status":"publish","type":"product","link":"https:\/\/www.kalani-home.com\/de\/shop\/bio-pullover-mit-rundhalsausschnitt\/","title":{"rendered":"Bio-Pullover mit Rundhalsausschnitt"},"content":{"rendered":"<p><strong>Zusammensetzung:<\/strong> 85% gewebt aus feinen, langen, gek\u00e4mmten Baumwollf\u00e4den, Bio-zertifiziert, 15% unsichtbares recyceltes Polyester<\/p>\n<p><strong>Details:<\/strong><\/p>\n<ul>\n<li>Enganliegende passform<\/li>\n<li>Grammgewicht: 350g\/m\u00b2<\/li>\n<li>Aufgerautes sweatshirt<\/li>\n<li>Eingesetzte \u00c4rmel<\/li>\n<li>1&#215;1 Rippstrick an Halsausschnitt, \u00c4rmelenden und unterem Saum<\/li>\n<li>Nackenband mit Fischgr\u00e4tmuster<\/li>\n<li>Abgesetzter Halbmond im Nacken<\/li>\n<li>Einfache Absteppung am Halsausschnitt<\/li>\n<li>Doppelabsteppung an \u00c4rmelenden, Saum und \u00c4rmelans\u00e4tzen<\/li>\n<li>Brustl\u00e4nge = S:62cm\/ M:64cm\/ L:66cm\/ XL:67cm (messen Sie senkrecht von der Spitze des Halses bis zum unteren Ende des Kragens)<\/li>\n<\/ul>\n","protected":false},"excerpt":{"rendered":"<p>Unisex lang\u00e4rmeliges Rundhals-Sweatshirt Enganliegende passform Sie ist 1m75 und tr\u00e4gt Gr\u00f6\u00dfe XS. Er ist 1m88 und tr\u00e4gt Gr\u00f6\u00dfe L<\/p>\n","protected":false},"featured_media":119994,"comment_status":"open","ping_status":"closed","template":"","meta":{"_acf_changed":false},"product_brand":[],"product_cat":[3081,2880,3077,3095,2929,3070,3089],"product_tag":[],"class_list":{"0":"post-90427","1":"product","2":"type-product","3":"status-publish","4":"has-post-thumbnail","6":"product_cat-damen","7":"product_cat-lounge-kleidung","8":"product_cat-manner","9":"product_cat-pullover-unisex","10":"product_cat-pullover-manner","11":"product_cat-pullover-damen","12":"product_cat-unisex-de","13":"pa_color-black-de","14":"pa_color-lava-grey-de","15":"pa_color-light-grey-melange-de","16":"pa_color-natural-de","17":"pa_color-navy-de","18":"pa_color-powder-pink-de","19":"pa_color-white-de","20":"pa_fitting-aansluitende-pasvorm","21":"pa_gender-damen","22":"pa_gender-herren","23":"pa_gender-unisex-de-2","24":"pa_genre-pullover","25":"pa_origin-bangladesch","26":"pa_size-l-xl-damen-de","27":"pa_size-m-l-damen-de","28":"pa_size-s-m-damen-de","29":"pa_size-xl-2xl-damen-de","30":"pa_size-xs-s-damen-de","32":"first","33":"instock","34":"sale","35":"taxable","36":"shipping-taxable","37":"purchasable","38":"product-type-variable","39":"has-default-attributes"},"acf":[],"_links":{"self":[{"href":"https:\/\/www.kalani-home.com\/de\/wp-json\/wp\/v2\/product\/90427","targetHints":{"allow":["GET"]}}],"collection":[{"href":"https:\/\/www.kalani-home.com\/de\/wp-json\/wp\/v2\/product"}],"about":[{"href":"https:\/\/www.kalani-home.com\/de\/wp-json\/wp\/v2\/types\/product"}],"replies":[{"embeddable":true,"href":"https:\/\/www.kalani-home.com\/de\/wp-json\/wp\/v2\/comments?post=90427"}],"wp:featuredmedia":[{"embeddable":true,"href":"https:\/\/www.kalani-home.com\/de\/wp-json\/wp\/v2\/media\/119994"}],"wp:attachment":[{"href":"https:\/\/www.kalani-home.com\/de\/wp-json\/wp\/v2\/media?parent=90427"}],"wp:term":[{"taxonomy":"product_brand","embeddable":true,"href":"https:\/\/www.kalani-home.com\/de\/wp-json\/wp\/v2\/product_brand?post=90427"},{"taxonomy":"product_cat","embeddable":true,"href":"https:\/\/www.kalani-home.com\/de\/wp-json\/wp\/v2\/product_cat?post=90427"},{"taxonomy":"product_tag","embeddable":true,"href":"https:\/\/www.kalani-home.com\/de\/wp-json\/wp\/v2\/product_tag?post=90427"}],"curies":[{"name":"wp","href":"https:\/\/api.w.org\/{rel}","templated":true}]}}