{"id":89064,"date":"2021-05-16T16:33:13","date_gmt":"2021-05-16T14:33:13","guid":{"rendered":"https:\/\/www.kalani-home.com\/?post_type=product&#038;p=89064"},"modified":"2026-03-13T16:47:15","modified_gmt":"2026-03-13T15:47:15","slug":"hotel-handtuch-bundel","status":"publish","type":"product","link":"https:\/\/www.kalani-home.com\/de\/shop\/hotel-handtuch-bundel\/","title":{"rendered":"Hotel-Handtuch-B\u00fcndel"},"content":{"rendered":"<p><strong>Materialien<\/strong>: Frottier in Hotelqualit\u00e4t aus 100% biologisch gek\u00e4mmter Baumwolle, Fairtrade zertifiziert und vegan. <strong>Details:<\/strong><\/p>\n<p class=\"product_title entry-title elementor-heading-title elementor-size-default\">Hotel G\u00e4stetuch:<\/p>\n<ul>\n<li>Gr\u00f6\u00dfe: 30 x 30 cm<\/li>\n<li>470 g\/m\u00b2<\/li>\n<\/ul>\n<p class=\"product_title entry-title elementor-heading-title elementor-size-default\">Hotel Handtuch:<\/p>\n<ul>\n<li>Glatt ohne Streifen<\/li>\n<li>550 g\/m\u00b2<\/li>\n<\/ul>\n<p class=\"product_title entry-title elementor-heading-title elementor-size-default\">Hotel Badetuch:<\/p>\n<ul>\n<li>Glatt ohne Streifen<\/li>\n<li>550 g\/m\u00b2<\/li>\n<li>\u00a0Gr\u00f6\u00dfen:\n<ul>\n<li>Duschtuch: 70 x 140 cm<\/li>\n<li>Badetuch: 100 x 150 cm<\/li>\n<\/ul>\n<\/li>\n<\/ul>\n<p class=\"product_title entry-title elementor-heading-title elementor-size-default\">Hotel Badematte:<\/p>\n<ul>\n<li>Gr\u00f6\u00dfe : 50\u00d780 cm<\/li>\n<li>800 g\/m\u00b2<\/li>\n<\/ul>\n<p>alle Produkte:<\/p>\n<ul>\n<li>100% GOTS-zertifizierte Baumwolle, r\u00fcckverfolgbar, gentechnikfrei, umweltfreundlich, ungiftige Farbe, unter Ber\u00fccksichtigung der biologischen Vielfalt<\/li>\n<li>100% Fairtrade-zertifizierte Baumwolle, mit Respekt vor den Kleinstbauern<\/li>\n<li>100% Vegan<\/li>\n<li>Ethisch hergestellt in indischen Fairtrade-Fabriken, mit Respekt vor den Mitarbeitern.<\/li>\n<li>Leidenschaftlich entworfen im Hinblick auf die Kundenzufriedenheit<\/li>\n<\/ul>\n","protected":false},"excerpt":{"rendered":"<p>F\u00fchlen Sie sich in diesem bequemen Handtuch mit einfachem und zeitlosem Design komplett neu geboren. Super weich und mit hoher Saugf\u00e4higkeit! Weichheit, Spa\u00df und Luxus, um sich wie in einem Hotel zu Hause zu f\u00fchlen!<\/p>\n<p>Erleben Sie das luxuri\u00f6se Hotelgef\u00fchl in Ihrem eigenen Badezimmer<\/p>\n<p>Hergestellt aus 100% biologischer und Fairtrade-zertifizierter Baumwolle, ethisch, \u00f6kologisch und vegan.<\/p>\n","protected":false},"featured_media":65973,"comment_status":"open","ping_status":"closed","template":"","meta":{"_acf_changed":false},"product_brand":[],"product_cat":[1437,2878,3743,3719,3734,3737,3740,3725,3722],"product_tag":[],"class_list":{"0":"post-89064","1":"product","2":"type-product","3":"status-publish","4":"has-post-thumbnail","6":"product_cat-badewasche-de","7":"product_cat-bundel-de","8":"product_cat-heirat-de","9":"product_cat-jahrestag-de","10":"product_cat-muttertag-de","11":"product_cat-um-zu-gefallen-de","12":"product_cat-valentinstag-de","13":"product_cat-vatertag-de","14":"product_cat-weihnachten-de","15":"pa_color-snow-white-de","16":"pa_material-schwamm-hotel","17":"pa_size-100-x-170-cm-de","18":"pa_size-30-x-30-cm-de","19":"pa_size-50-x-100-cm-de-2","20":"pa_size-50-x-80-cm-de","21":"pa_size-70-x-140-cm-de","23":"first","24":"instock","25":"virtual","26":"taxable","27":"purchasable","28":"product-type-yith_bundle"},"acf":[],"_links":{"self":[{"href":"https:\/\/www.kalani-home.com\/de\/wp-json\/wp\/v2\/product\/89064","targetHints":{"allow":["GET"]}}],"collection":[{"href":"https:\/\/www.kalani-home.com\/de\/wp-json\/wp\/v2\/product"}],"about":[{"href":"https:\/\/www.kalani-home.com\/de\/wp-json\/wp\/v2\/types\/product"}],"replies":[{"embeddable":true,"href":"https:\/\/www.kalani-home.com\/de\/wp-json\/wp\/v2\/comments?post=89064"}],"wp:featuredmedia":[{"embeddable":true,"href":"https:\/\/www.kalani-home.com\/de\/wp-json\/wp\/v2\/media\/65973"}],"wp:attachment":[{"href":"https:\/\/www.kalani-home.com\/de\/wp-json\/wp\/v2\/media?parent=89064"}],"wp:term":[{"taxonomy":"product_brand","embeddable":true,"href":"https:\/\/www.kalani-home.com\/de\/wp-json\/wp\/v2\/product_brand?post=89064"},{"taxonomy":"product_cat","embeddable":true,"href":"https:\/\/www.kalani-home.com\/de\/wp-json\/wp\/v2\/product_cat?post=89064"},{"taxonomy":"product_tag","embeddable":true,"href":"https:\/\/www.kalani-home.com\/de\/wp-json\/wp\/v2\/product_tag?post=89064"}],"curies":[{"name":"wp","href":"https:\/\/api.w.org\/{rel}","templated":true}]}}