{"id":89048,"date":"2021-05-16T16:27:35","date_gmt":"2021-05-16T14:27:35","guid":{"rendered":"https:\/\/www.kalani-home.com\/?post_type=product&#038;p=89048"},"modified":"2025-12-08T16:27:50","modified_gmt":"2025-12-08T15:27:50","slug":"komplettes-luxus-handtuch-bundel","status":"publish","type":"product","link":"https:\/\/www.kalani-home.com\/de\/shop\/komplettes-luxus-handtuch-bundel\/","title":{"rendered":"Komplettes Luxus-Handtuch-B\u00fcndel"},"content":{"rendered":"<p><strong>Zusammensetzung: <\/strong>Erstklassiges Frottier der Luxusklasse, zu 100 % aus veganer, gek\u00e4mmter Bio-Baumwolle<\/p>\n<p><strong>Details:<\/strong> Luxuri\u00f6ses Handtuch:<\/p>\n<ul>\n<li>Standardgr\u00f6\u00dfe: 50 x 100 cm<\/li>\n<\/ul>\n<p class=\"product_title entry-title elementor-heading-title elementor-size-default\">Luxuri\u00f6ses Badetuch\/Duschtuch:<\/p>\n<ul>\n<li>Das Maxi-Badetuch kann auch als Strandlaken oder Schwimmbadlaken verwendet werden.<\/li>\n<li>Erh\u00e4ltlich in 2 Gr\u00f6\u00dfen:\n<ul>\n<li>Badetuch\/Duschtuch: 70 x 140 cm<\/li>\n<li>XL-Badetuch: 90 x 180 cm<\/li>\n<\/ul>\n<\/li>\n<\/ul>\n<p class=\"product_title entry-title elementor-heading-title elementor-size-default\">Luxuri\u00f6ses Waschlappen (Zweierpack):<\/p>\n<ul>\n<li>Standardgr\u00f6\u00dfe: 15 x 22 cm<\/li>\n<\/ul>\n<p class=\"product_title entry-title elementor-heading-title elementor-size-default\">Luxuri\u00f6ses G\u00e4stehandtuch:<\/p>\n<ul>\n<li>Standardgr\u00f6\u00dfe: 30 x 50 cm<\/li>\n<\/ul>\n<p class=\"product_title entry-title elementor-heading-title elementor-size-default\">Luxuri\u00f6ses Badematte (optional):<\/p>\n<ul>\n<li>Standardgr\u00f6\u00dfe: 50 x 80 cm<\/li>\n<\/ul>\n<p>Alle Produkte:<\/p>\n<ul>\n<li>Unglaublich weich dank langfaseriger, gek\u00e4mmter Baumwolle, die f\u00fcr hohe Qualit\u00e4t sorgt, und der Spinntechnologie \u201eLow Twist\u201c, die eine au\u00dfergew\u00f6hnliche Haptik schafft<\/li>\n<li>600 g\/m\u00b2 schwer, also genau richtig, um bei flie\u00dfenden Bewegungen nicht auf den Boden zu fallen<\/li>\n<li>Besonders flauschig und perfekt zum Hineinkuscheln<\/li>\n<li>Extrem saugf\u00e4hig, mit nur 3 cm breiter Bord\u00fcre an den R\u00e4ndern, um eine gr\u00f6\u00dftm\u00f6gliche Fl\u00e4che zum Abtrocknen zu bieten<\/li>\n<li>100 % GOTS-zertifizierte Baumwolle, r\u00fcckverfolgbar, gentechnikfrei, die verwendeten Farben sind \u00f6kologisch, gesundheitlich unbedenklich, umweltfreundlich und sch\u00fctzen die biologische Vielfalt<\/li>\n<li>100 % vegan, mit dem \u201cPETA-Approved Vegan\u201d-Logo versehen<\/li>\n<li>Vor Ort in Belgien und der T\u00fcrkei hergestellt, in Fabriken, die f\u00fcr weltweit f\u00fchrende Marken produzieren<\/li>\n<li>Mit Leidenschaft kreiert<\/li>\n<li>Zus\u00e4tzliche Handtuchschlaufe f\u00fcr einfacheres Aufh\u00e4ngen<\/li>\n<li>Kalani-Qualit\u00e4tssiegel<\/li>\n<\/ul>\n","protected":false},"excerpt":{"rendered":"<p>Besonders weiche, flauschige und extrem saugf\u00e4hige Badtextilien. Perfekt, um Ihre t\u00e4gliche Dusche oder Ihr Bad ganz einfach in Ihren kleinen, ganz pers\u00f6nlichen Luxus zu verwandeln. Einwickeln und wohlf\u00fchlen! Unverzichtbar f\u00fcr alle, die sich nach einem Bad oder einer Dusche gerne in ein wunderbar weiches Handtuch wickeln. Langlebig und unglaublich angenehm.<\/p>\n<p>Lokal hergestelltes Produkt aus 100% Bio-Baumwolle, GOTS-zertifiziert, ethisch einwandfrei.<\/p>\n","protected":false},"featured_media":286669,"comment_status":"open","ping_status":"closed","template":"","meta":{"_acf_changed":false},"product_brand":[],"product_cat":[1437,2878,3743,3719,3737,3740,3722],"product_tag":[],"class_list":{"0":"post-89048","1":"product","2":"type-product","3":"status-publish","4":"has-post-thumbnail","6":"product_cat-badewasche-de","7":"product_cat-bundel-de","8":"product_cat-heirat-de","9":"product_cat-jahrestag-de","10":"product_cat-um-zu-gefallen-de","11":"product_cat-valentinstag-de","12":"product_cat-weihnachten-de","13":"pa_color-anthracite-de","14":"pa_color-cream-de","15":"pa_color-forest-de","16":"pa_color-kalani-blue-de","17":"pa_color-navy-de","18":"pa_color-ochre-de","19":"pa_color-old-pink-de","20":"pa_color-sand-de","21":"pa_color-snow-white-de","22":"pa_color-stone-grey-de","23":"pa_color-taupe-de","24":"pa_color-terracotta-de","25":"pa_material-luxus-frottier","26":"pa_size-15-x-22-cm-de","27":"pa_size-30-x-50-cm-de","28":"pa_size-50-x-100-cm-de-2","29":"pa_size-50-x-80-cm-de","30":"pa_size-70-x-140-cm-de","31":"pa_size-90-x-180-cm-de","33":"first","34":"instock","35":"virtual","36":"taxable","37":"purchasable","38":"product-type-yith_bundle"},"acf":[],"_links":{"self":[{"href":"https:\/\/www.kalani-home.com\/de\/wp-json\/wp\/v2\/product\/89048","targetHints":{"allow":["GET"]}}],"collection":[{"href":"https:\/\/www.kalani-home.com\/de\/wp-json\/wp\/v2\/product"}],"about":[{"href":"https:\/\/www.kalani-home.com\/de\/wp-json\/wp\/v2\/types\/product"}],"replies":[{"embeddable":true,"href":"https:\/\/www.kalani-home.com\/de\/wp-json\/wp\/v2\/comments?post=89048"}],"wp:featuredmedia":[{"embeddable":true,"href":"https:\/\/www.kalani-home.com\/de\/wp-json\/wp\/v2\/media\/286669"}],"wp:attachment":[{"href":"https:\/\/www.kalani-home.com\/de\/wp-json\/wp\/v2\/media?parent=89048"}],"wp:term":[{"taxonomy":"product_brand","embeddable":true,"href":"https:\/\/www.kalani-home.com\/de\/wp-json\/wp\/v2\/product_brand?post=89048"},{"taxonomy":"product_cat","embeddable":true,"href":"https:\/\/www.kalani-home.com\/de\/wp-json\/wp\/v2\/product_cat?post=89048"},{"taxonomy":"product_tag","embeddable":true,"href":"https:\/\/www.kalani-home.com\/de\/wp-json\/wp\/v2\/product_tag?post=89048"}],"curies":[{"name":"wp","href":"https:\/\/api.w.org\/{rel}","templated":true}]}}