{"id":89039,"date":"2021-05-16T15:55:53","date_gmt":"2021-05-16T13:55:53","guid":{"rendered":"https:\/\/www.kalani-home.com\/?post_type=product&#038;p=89039"},"modified":"2025-07-16T11:21:50","modified_gmt":"2025-07-16T09:21:50","slug":"luxurioses-handtuch-bundel","status":"publish","type":"product","link":"https:\/\/www.kalani-home.com\/de\/shop\/luxurioses-handtuch-bundel\/","title":{"rendered":"Luxuri\u00f6ses Handtuch-B\u00fcndel"},"content":{"rendered":"<p><strong>Zusammensetzung: <\/strong>Erstklassiges Frottier der Luxusklasse, zu 100 % aus veganer, gek\u00e4mmter Bio-Baumwolle<\/p>\n<p><strong>Details:<\/strong><\/p>\n<p class=\"product_title entry-title elementor-heading-title elementor-size-default\">Luxuri\u00f6ses Handtuch:<\/p>\n<ul>\n<li>Standardgr\u00f6\u00dfe: 50 x 100 cm<\/li>\n<\/ul>\n<p class=\"product_title entry-title elementor-heading-title elementor-size-default\">Luxuri\u00f6ses Badetuch\/Duschtuch:<\/p>\n<ul>\n<li>Das Maxi-Badetuch kann auch als Strandlaken oder Schwimmbadlaken verwendet werden.<\/li>\n<li>Erh\u00e4ltlich in 2 Gr\u00f6\u00dfen:\n<ul>\n<li>Badetuch\/Duschtuch: 70 x 140 cm<\/li>\n<li>XL-Badetuch: 90 x 180 cm<\/li>\n<\/ul>\n<\/li>\n<\/ul>\n<p>Luxuri\u00f6ses Badematte (optional):<\/p>\n<ul>\n<li>Standardgr\u00f6\u00dfe: 50 x 80 cm<\/li>\n<li>1000 g\/m\u00b2 schwer, also genau richtig. Nicht zu schwer.<\/li>\n<\/ul>\n<p>Alle Produkte:<\/p>\n<ul>\n<li>Unglaublich weich dank langfaseriger, gek\u00e4mmter Baumwolle, die f\u00fcr hohe Qualit\u00e4t sorgt, und der Spinntechnologie \u201eLow Twist\u201c, die eine au\u00dfergew\u00f6hnliche Haptik schafft<\/li>\n<li>600 g\/m\u00b2 schwer, also genau richtig, um bei flie\u00dfenden Bewegungen nicht auf den Boden zu fallen<\/li>\n<li>Besonders flauschig und perfekt zum Hineinkuscheln<\/li>\n<li>Extrem saugf\u00e4hig, mit nur 3 cm breiter Bord\u00fcre an den R\u00e4ndern, um eine gr\u00f6\u00dftm\u00f6gliche Fl\u00e4che zum Abtrocknen zu bieten<\/li>\n<li>100 % GOTS-zertifizierte Baumwolle, r\u00fcckverfolgbar, gentechnikfrei, die verwendeten Farben sind \u00f6kologisch, gesundheitlich unbedenklich, umweltfreundlich und sch\u00fctzen die biologische Vielfalt<\/li>\n<li>100 % vegan, mit dem \u201cPETA-Approved Vegan\u201d-Logo versehen<\/li>\n<li>Vor Ort in Belgien und der T\u00fcrkei hergestellt, in Fabriken, die f\u00fcr weltweit f\u00fchrende Marken produzieren<\/li>\n<li>Mit Leidenschaft kreiert<\/li>\n<li>Zus\u00e4tzliche Handtuchschlaufe f\u00fcr einfacheres Aufh\u00e4ngen<\/li>\n<li>Kalani-Qualit\u00e4tssiegel<\/li>\n<\/ul>\n","protected":false},"excerpt":{"rendered":"<p>Besonders weiche, flauschige und extrem saugf\u00e4hige Badtextilien. Einwickeln und wohlf\u00fchlen!<br \/>Unverzichtbar f\u00fcr alle, die sich nach einem Bad oder einer Dusche gerne in ein wunderbar weiches Handtuch wickeln.<br \/>Langlebig und unglaublich angenehm.<br \/>Perfekt, um Ihre t\u00e4gliche Dusche oder Ihr Bad ganz einfach in Ihren kleinen, ganz pers\u00f6nlichen Luxus zu verwandeln.<\/p>\n<p>Lokal hergestelltes Produkt aus 100% Bio-Baumwolle, GOTS-zertifiziert, ethisch einwandfrei.<\/p>\n","protected":false},"featured_media":286657,"comment_status":"open","ping_status":"closed","template":"","meta":{"_acf_changed":false},"product_brand":[],"product_cat":[1437,2878],"product_tag":[],"class_list":{"0":"post-89039","1":"product","2":"type-product","3":"status-publish","4":"has-post-thumbnail","6":"product_cat-badewasche-de","7":"product_cat-bundel-de","8":"pa_color-anthracite-de","9":"pa_color-cream-de","10":"pa_color-forest-de","11":"pa_color-kalani-blue-de","12":"pa_color-navy-de","13":"pa_color-ochre-de","14":"pa_color-old-pink-de","15":"pa_color-sand-de","16":"pa_color-snow-white-de","17":"pa_color-stone-grey-de","18":"pa_color-taupe-de","19":"pa_color-terracotta-de","20":"pa_material-luxus-frottier","21":"pa_size-50-x-100-cm-de-2","22":"pa_size-50-x-80-cm-de","23":"pa_size-70-x-140-cm-de","24":"pa_size-90-x-180-cm-de","26":"first","27":"instock","28":"virtual","29":"taxable","30":"purchasable","31":"product-type-yith_bundle"},"acf":[],"_links":{"self":[{"href":"https:\/\/www.kalani-home.com\/de\/wp-json\/wp\/v2\/product\/89039","targetHints":{"allow":["GET"]}}],"collection":[{"href":"https:\/\/www.kalani-home.com\/de\/wp-json\/wp\/v2\/product"}],"about":[{"href":"https:\/\/www.kalani-home.com\/de\/wp-json\/wp\/v2\/types\/product"}],"replies":[{"embeddable":true,"href":"https:\/\/www.kalani-home.com\/de\/wp-json\/wp\/v2\/comments?post=89039"}],"wp:featuredmedia":[{"embeddable":true,"href":"https:\/\/www.kalani-home.com\/de\/wp-json\/wp\/v2\/media\/286657"}],"wp:attachment":[{"href":"https:\/\/www.kalani-home.com\/de\/wp-json\/wp\/v2\/media?parent=89039"}],"wp:term":[{"taxonomy":"product_brand","embeddable":true,"href":"https:\/\/www.kalani-home.com\/de\/wp-json\/wp\/v2\/product_brand?post=89039"},{"taxonomy":"product_cat","embeddable":true,"href":"https:\/\/www.kalani-home.com\/de\/wp-json\/wp\/v2\/product_cat?post=89039"},{"taxonomy":"product_tag","embeddable":true,"href":"https:\/\/www.kalani-home.com\/de\/wp-json\/wp\/v2\/product_tag?post=89039"}],"curies":[{"name":"wp","href":"https:\/\/api.w.org\/{rel}","templated":true}]}}