{"id":66139,"date":"2021-04-29T09:20:02","date_gmt":"2021-04-29T07:20:02","guid":{"rendered":"https:\/\/content.kalani.eu\/shop\/66139\/"},"modified":"2025-07-16T11:21:39","modified_gmt":"2025-07-16T09:21:39","slug":"perkal-baumwolle-bestickter-bundel","status":"publish","type":"product","link":"https:\/\/www.kalani-home.com\/de\/shop\/perkal-baumwolle-bestickter-bundel\/","title":{"rendered":"Perkal-Baumwolle Bestickter B\u00fcndel"},"content":{"rendered":"<p><strong>Zusammensetzung:<\/strong>&nbsp;<span lang=\"de\" xml:lang=\"de\">100% Perkal, gewebt aus feinen, langen, gek\u00e4mmten Baumwollf\u00e4den, Bio- und Fairtrade-zertifiziert<\/span> <strong>Details: <\/strong>ein Paket besteht aus 1 Bettbezug + 1 oder 2 (nach Wahl) identischen Kopfkissenbez\u00fcgen + 1 Spannbettlaken: Bettbezug :<\/p>\n<ul>\n<li style=\"list-style-type: none;\" data-mce-style=\"list-style-type: none;\">\n<ul>\n<li>Der Flaschenhals-Verschluss sorgt daf\u00fcr, dass Ihre Decke nicht verrutscht und erm\u00f6glicht das Befestigen des \u00dcberzugs unter der Matratze<\/li>\n<li>Mehrere Gr\u00f6\u00dfen und Formen erh\u00e4ltlich, um den Ma\u00dfen Ihres Kissens bestm\u00f6glich zu entsprechen<\/li>\n<li>W\u00e4hlen Sie f\u00fcr Ihren Bettbezug die exakte Gr\u00f6\u00dfe oder etwas kleiner, um einen volleren Effekt zu erzielen<!-- notionvc: cbeb944f-8bb7-4128-a5a5-3dfd491290f1 --><\/li>\n<\/ul>\n<\/li>\n<\/ul>\n<p>Kissenbezug:<\/p>\n<ul>\n<li style=\"list-style-type: none;\" data-mce-style=\"list-style-type: none;\">\n<ul>\n<li>\u00d6ffnung mit gro\u00dfer Innenlasche, die daf\u00fcr sorgt, dass Ihr Kissen nicht verrutscht<\/li>\n<li>Mehrere Gr\u00f6\u00dfen und Formen erh\u00e4ltlich, um den Ma\u00dfen Ihres Kissens bestm\u00f6glich zu entsprechen<\/li>\n<li>W\u00e4hlen Sie f\u00fcr Ihre Kissenbez\u00fcge die exakte Gr\u00f6\u00dfe Ihres Kissens oder etwas gr\u00f6\u00dfer, falls erforderlich<!-- notionvc: 46e424f4-2e67-4321-95e6-4aed5dbe96a3 --><\/li>\n<\/ul>\n<\/li>\n<\/ul>\n<p>Spannbettlaken :<\/p>\n<ul>\n<li style=\"list-style-type: none;\" data-mce-style=\"list-style-type: none;\">\n<ul>\n<li>Einzigartige Anfertigung mit exklusivem Rundumgummi f\u00fcr besseres Anliegen auf der Matratze<\/li>\n<li>Die Tiefe von 30 cm oder 40cm ist f\u00fcr dicke Matratzen geeignet<\/li>\n<li>Erh\u00e4ltlich in 3 L\u00e4ngen: f\u00fcr Matratzen von 2 m L\u00e4nge oder f\u00fcr Matratzen, die \u00fcber 2,2 m lang sind<\/li>\n<\/ul>\n<\/li>\n<\/ul>\n<p>Alle Produkte :<\/p>\n<ul>\n<li style=\"list-style-type: none;\" data-mce-style=\"list-style-type: none;\">\n<ul>\n<li>100 % GOTS-zertifizierte Baumwolle, r\u00fcckverfolgbar, gentechnikfrei, verwendete Farben sind \u00f6kologisch, gesundheitlich unbedenklich, umweltfreundlich und sch\u00fctzen die biologische Vielfalt<\/li>\n<li>100 % Fairtrade-zertifizierte Baumwolle, mit Respekt gegen\u00fcber der Bauerngemeinschaft<\/li>\n<li>Ethisch korrekt hergestellt in fairen Fabriken in Indien, in denen die Arbeiter respektvoll behandelt werden<\/li>\n<li>Sorgf\u00e4ltig hergestellt, liebevoll per Hand angefertigt, um den Anforderungen unserer Kunden gerecht zu werden<\/li>\n<li>Feinster Perkal, mit einer Fadendichte von 300TC (118-120F\u00e4den\/cm\u00b2) mit einfachem Faden<\/li>\n<li>Wird durch Verwendung und mit jedem Waschgang weicher<\/li>\n<li>Nicht b\u00fcgeln, um einen \u201ecoolen Knitterlook\u201c zu erzielen oder b\u00fcgeln f\u00fcr stilechten Hotel-Look<\/li>\n<\/ul>\n<\/li>\n<\/ul>\n","protected":false},"excerpt":{"rendered":"<p>Und wenn man jede Nacht so schlafen w\u00fcrde, wie im Hotel? Ein Gef\u00fchl von Frische, perfekte Gl\u00e4tte durch B\u00fcgeln oder stylisher Knitterlook im ungeb\u00fcgelten Zustand&#8230; Tr\u00e4umer reisen von nun an auch zuhause und Reisende tr\u00e4umen davon, zu ihrem Bett zur\u00fcckzukehren!<\/p>\n<p>Produkt zu 100% aus biologischer, Fairtrade-zertifizierter Baumwolle, ethisch und \u00f6kologisch.<\/p>\n<p class=\"kalani-green\">Standardm\u00e4\u00dfig schl\u00e4gt das System 1 Kissenbezug f\u00fcr die Leute vor, die nur einen ben\u00f6tigen. Wenn Sie 2 oder mehr Kissenbez\u00fcge in diesem Paket w\u00fcnschen, passen Sie die Menge bitte manuell an.<\/p>\n","protected":false},"featured_media":64127,"comment_status":"open","ping_status":"closed","template":"","meta":{"_acf_changed":false},"product_brand":[],"product_cat":[1438,2636],"product_tag":[],"class_list":{"0":"post-66139","1":"product","2":"type-product","3":"status-publish","4":"has-post-thumbnail","6":"product_cat-bettwasche","7":"product_cat-schlafen-bundel","8":"pa_color-snow-white-de","9":"pa_material-perkal-baumwolle","10":"pa_size-100-x-200-x-30-cm-de","11":"pa_size-140-x-190-x-30-cm-de","12":"pa_size-140-x-200-cm-de","13":"pa_size-140-x-200-x-10-cm-de","14":"pa_size-140-x-200-x-30-cm-de","15":"pa_size-140-x-220-x-30-cm-de","16":"pa_size-160-x-200-x-10-cm-de","17":"pa_size-160-x-200-x-30-cm-de","18":"pa_size-160-x-200-x-40-cm-de","19":"pa_size-160-x-210-x-30-cm-de","20":"pa_size-160-x-220-x-30-cm-de","21":"pa_size-180-x-200-x-10-cm-de","22":"pa_size-180-x-200-x-30-cm-de","23":"pa_size-180-x-200-x-40-cm-de","24":"pa_size-180-x-210-x-10-cm-de","25":"pa_size-180-x-210-x-30-cm-de","26":"pa_size-180-x-220-x-30-cm-de","27":"pa_size-200-x-200-cm-de","28":"pa_size-200-x-200-x-10-cm-de","29":"pa_size-200-x-200-x-30-cm-de","30":"pa_size-200-x-200-x-40-cm-de","31":"pa_size-200-x-210-x-30-cm-de","32":"pa_size-200-x-220-x-30-cm-de","33":"pa_size-240-x-220-cm-de","34":"pa_size-260-x-240-cm-de","35":"pa_size-30-x-50-cm-de","36":"pa_size-50-x-60-cm-de","37":"pa_size-50-x-75-cm-de","38":"pa_size-65-x-65-cm-de","39":"pa_size-80-x-200-x-30-cm-de","40":"pa_size-90-x-200-x-30-cm-de","41":"pa_size-90-x-210-x-30-cm-de","42":"pa_size-90-x-220-x-30-cm-de","44":"first","45":"instock","46":"virtual","47":"taxable","48":"purchasable","49":"product-type-yith_bundle"},"acf":[],"_links":{"self":[{"href":"https:\/\/www.kalani-home.com\/de\/wp-json\/wp\/v2\/product\/66139","targetHints":{"allow":["GET"]}}],"collection":[{"href":"https:\/\/www.kalani-home.com\/de\/wp-json\/wp\/v2\/product"}],"about":[{"href":"https:\/\/www.kalani-home.com\/de\/wp-json\/wp\/v2\/types\/product"}],"replies":[{"embeddable":true,"href":"https:\/\/www.kalani-home.com\/de\/wp-json\/wp\/v2\/comments?post=66139"}],"wp:featuredmedia":[{"embeddable":true,"href":"https:\/\/www.kalani-home.com\/de\/wp-json\/wp\/v2\/media\/64127"}],"wp:attachment":[{"href":"https:\/\/www.kalani-home.com\/de\/wp-json\/wp\/v2\/media?parent=66139"}],"wp:term":[{"taxonomy":"product_brand","embeddable":true,"href":"https:\/\/www.kalani-home.com\/de\/wp-json\/wp\/v2\/product_brand?post=66139"},{"taxonomy":"product_cat","embeddable":true,"href":"https:\/\/www.kalani-home.com\/de\/wp-json\/wp\/v2\/product_cat?post=66139"},{"taxonomy":"product_tag","embeddable":true,"href":"https:\/\/www.kalani-home.com\/de\/wp-json\/wp\/v2\/product_tag?post=66139"}],"curies":[{"name":"wp","href":"https:\/\/api.w.org\/{rel}","templated":true}]}}