{"id":65252,"date":"2020-10-06T00:00:00","date_gmt":"2020-10-05T22:00:00","guid":{"rendered":"https:\/\/content.kalani.eu\/shop\/perkal-baumwolle-bestickter-bettbezueg\/"},"modified":"2026-03-31T20:49:56","modified_gmt":"2026-03-31T18:49:56","slug":"perkal-baumwolle-bestickter-bettbezueg","status":"publish","type":"product","link":"https:\/\/www.kalani-home.com\/de\/shop\/perkal-baumwolle-bestickter-bettbezueg\/","title":{"rendered":"Perkal-Baumwolle Bestickter Bettbez\u00fcg"},"content":{"rendered":"<p><strong>Zusammensetzung:<\/strong> 100 % Perkal, gewebt aus feinen, langen, gek\u00e4mmten Baumwollf\u00e4den, Bio- und Fairtrade-zertifiziert<\/p>\n<p><strong>Details:<\/strong><\/p>\n<ul>\n<li>Feine, diskrete Stickerei quer \u00fcber den Bettbezug, 20 cm unter dem Kopfende<\/li>\n<li>Der Flaschenhals-Verschluss sorgt daf\u00fcr, dass Ihre Decke nicht verrutscht und erm\u00f6glicht das Befestigen des \u00dcberzugs unter der Matratze<\/li>\n<li>Verpackt in einer sch\u00f6nen, wiederverwendbaren Baumwolltasche<\/li>\n<li>100 % GOTS-zertifizierte Baumwolle, r\u00fcckverfolgbar, gentechnikfrei, verwendete Farben sind \u00f6kologisch, gesundheitlich unbedenklich, umweltfreundlich und sch\u00fctzen die biologische Vielfalt<\/li>\n<li>100 % Fairtrade-zertifizierte Baumwolle, mit Respekt gegen\u00fcber der Bauerngemeinschaft<\/li>\n<li>Ethisch korrekt hergestellt in fairen Fabriken in Indien, in denen die Arbeiter respektvoll behandelt werden<\/li>\n<li>Sorgf\u00e4ltig hergestellt, liebevoll per Hand angefertigt, um den Anforderungen unserer Kunden gerecht zu werden<\/li>\n<li>Feinster BaumwollPerkal, mit einer Fadendichte von 300TC (118-120F\u00e4den\/cm\u00b2) mit einfachem Faden<\/li>\n<li>Wird durch Verwendung und mit jedem Waschgang weicher<\/li>\n<li>Nicht b\u00fcgeln, um einen \u201ecoolen Knitterlook\u201c zu erzielen oder b\u00fcgeln f\u00fcr stilechten Hotel-Look<\/li>\n<li>Gr\u00f6\u00dfentipp: W\u00e4hlen Sie f\u00fcr Ihren Bettbezug genau die gleiche Gr\u00f6\u00dfe wie Ihr Kissen oder etwas kleiner, um einen volleren Effekt zu erzielen<!-- notionvc: de4752ec-0605-4dba-aeb0-a9d43270b693 --><\/li>\n<\/ul>\n<p>Die Bettbez\u00fcge von Kalani werden separat ohne Kissenbez\u00fcge angeboten, damit Sie die Anzahl der Kissenbez\u00fcge sowie Farbe und Ma\u00dfe nach Ihren Bed\u00fcrfnissen selbst w\u00e4hlen k\u00f6nnen. F\u00fcr ein bestm\u00f6gliches Schlaferlebnis empfehlen wir, diese Bettw\u00e4sche zusammen mit Kissenbez\u00fcgen und Spannbettlaken aus dem selben Material zu kaufen.<\/p>\n","protected":false},"excerpt":{"rendered":"<p>Und wenn man jede Nacht so schlafen w&uuml;rde, wie im Hotel? Subtile Variation mit durchbrochener Stickerei. Ein Gef&uuml;hl von Frische, perfekte Gl&auml;tte durch B&uuml;geln oder stylisher Knitterlook im ungeb&uuml;gelten Zustand&#8230; Tr&auml;umer reisen von nun an auch zuhause und Reisende tr&auml;umen davon, zu ihrem Bett zur&uuml;ckzukehren!<\/p>\n<p class=\"kalani-green\">Die Kissenbez&uuml;ge m&uuml;ssen extra bestellt werden, damit Sie Ma&szlig;e und Farben selbst ausw&auml;hlen k&ouml;nnen<\/p>\n<p>Produkt zu 100% aus biologischer, Fairtrade-zertifizierter Baumwolle, ethisch und &ouml;kologisch. <\/p>\n","protected":false},"featured_media":65765,"comment_status":"open","ping_status":"closed","template":"","meta":{"_acf_changed":false},"product_brand":[],"product_cat":[1446,1438],"product_tag":[],"class_list":{"0":"post-65252","1":"product","2":"type-product","3":"status-publish","4":"has-post-thumbnail","6":"product_cat-bettbezug","7":"product_cat-bettwasche","8":"pa_color-snow-white-de","9":"pa_genre-bettbezug","10":"pa_material-perkal-baumwolle","11":"pa_origin-indien","12":"pa_size-140-x-200-cm-de","13":"pa_size-200-x-200-cm-de","14":"pa_size-240-x-220-cm-de","15":"pa_size-260-x-240-cm-de","17":"first","18":"instock","19":"taxable","20":"shipping-taxable","21":"purchasable","22":"product-type-variable","23":"has-default-attributes"},"acf":[],"_links":{"self":[{"href":"https:\/\/www.kalani-home.com\/de\/wp-json\/wp\/v2\/product\/65252","targetHints":{"allow":["GET"]}}],"collection":[{"href":"https:\/\/www.kalani-home.com\/de\/wp-json\/wp\/v2\/product"}],"about":[{"href":"https:\/\/www.kalani-home.com\/de\/wp-json\/wp\/v2\/types\/product"}],"replies":[{"embeddable":true,"href":"https:\/\/www.kalani-home.com\/de\/wp-json\/wp\/v2\/comments?post=65252"}],"wp:featuredmedia":[{"embeddable":true,"href":"https:\/\/www.kalani-home.com\/de\/wp-json\/wp\/v2\/media\/65765"}],"wp:attachment":[{"href":"https:\/\/www.kalani-home.com\/de\/wp-json\/wp\/v2\/media?parent=65252"}],"wp:term":[{"taxonomy":"product_brand","embeddable":true,"href":"https:\/\/www.kalani-home.com\/de\/wp-json\/wp\/v2\/product_brand?post=65252"},{"taxonomy":"product_cat","embeddable":true,"href":"https:\/\/www.kalani-home.com\/de\/wp-json\/wp\/v2\/product_cat?post=65252"},{"taxonomy":"product_tag","embeddable":true,"href":"https:\/\/www.kalani-home.com\/de\/wp-json\/wp\/v2\/product_tag?post=65252"}],"curies":[{"name":"wp","href":"https:\/\/api.w.org\/{rel}","templated":true}]}}