{"id":65249,"date":"2020-10-02T00:00:00","date_gmt":"2020-10-01T22:00:00","guid":{"rendered":"https:\/\/content.kalani.eu\/shop\/perkal-baumwolle-oxford-kante-kissenbezug\/"},"modified":"2026-04-08T09:36:02","modified_gmt":"2026-04-08T07:36:02","slug":"perkal-baumwolle-oxford-kante-kissenbezug","status":"publish","type":"product","link":"https:\/\/www.kalani-home.com\/de\/shop\/perkal-baumwolle-oxford-kante-kissenbezug\/","title":{"rendered":"Perkal-Baumwolle Oxford-Kante Kissenbezug"},"content":{"rendered":"<p><strong>Zusammensetzung<\/strong>: 100% Perkal, gewebt aus feinen, langen, gek\u00e4mmten Baumwollf\u00e4den, Bio- und Fairtrade-zertifiziert<\/p>\n<p><strong>Details:<\/strong><\/p>\n<ul>\n<li>Kissenbezug mit 5cm Oxford-Kante fein gesteppt in doppelter Lage<\/li>\n<li>\u00d6ffnung mit gro\u00dfer Innenlasche, die daf\u00fcr sorgt, dass Ihr Kissen nicht verrutscht<\/li>\n<li>Mehrere Gr\u00f6\u00dfen und Formen erh\u00e4ltlich, um den Ma\u00dfen Ihres Kissens bestm\u00f6glich zu entsprechen<\/li>\n<li>Gr\u00f6\u00dfentipp: W\u00e4hlen Sie f\u00fcr Ihre Kissenbez\u00fcge genau die Gr\u00f6\u00dfe Ihres Kissens oder etwas gr\u00f6\u00dfer, falls erforderlich<!-- notionvc: ceaaee1d-99bc-4b97-86ce-1e2063b98c72 --><\/li>\n<li>100 % GOTS-zertifizierte Baumwolle, r\u00fcckverfolgbar, gentechnikfrei, verwendete Farben sind \u00f6kologisch, gesundheitlich unbedenklich, umweltfreundlich und sch\u00fctzen die biologische Vielfalt<\/li>\n<li>100 % Fairtrade-zertifizierte Baumwolle, mit Respekt gegen\u00fcber der Bauerngemeinschaft<\/li>\n<li>Ethisch korrekt hergestellt in fairen Fabriken in Indien, in denen die Arbeiter respektvoll behandelt werden<\/li>\n<li>Sorgf\u00e4ltig hergestellt, liebevoll per Hand angefertigt, um den Anforderungen unserer Kunden gerecht zu werden<\/li>\n<li>Feinster Perkal, mit einer Fadendichte von 300TC (118-120F\u00e4den\/cm\u00b2) mit einfachem Faden<\/li>\n<li>Wird durch Verwendung und mit jedem Waschgang weicher<\/li>\n<li>Nicht b\u00fcgeln, um einen \u201ecoolen Knitterlook\u201c zu erzielen oder b\u00fcgeln f\u00fcr stilechten Hotel-Look<\/li>\n<\/ul>\n","protected":false},"excerpt":{"rendered":"<p>Und wenn man jede Nacht so schlafen w\u00fcrde, wie im Hotel? Ein Gef\u00fchl von \u201cFrische, perfekte Gl\u00e4tte durch B\u00fcgeln\u201d oder stylisher \u201cKnitterlook im ungeb\u00fcgelten Zustand\u201d\u2026 Tr\u00e4umer reisen von nun an auch zuhause und Reisende tr\u00e4umen davon, zu ihrem Bett zur\u00fcckzukehren!<\/p>\n<p>Produkt zu 100% aus biologischer, Fairtrade-zertifizierter Baumwolle, ethisch und \u00f6kologisch.<\/p>\n","protected":false},"featured_media":96764,"comment_status":"open","ping_status":"closed","template":"","meta":{"_acf_changed":false},"product_brand":[],"product_cat":[1438,1448],"product_tag":[],"class_list":{"0":"post-65249","1":"product","2":"type-product","3":"status-publish","4":"has-post-thumbnail","6":"product_cat-bettwasche","7":"product_cat-kissenbezug","8":"pa_color-air-blue-de","9":"pa_color-lava-grey-de","10":"pa_color-midnight-blue-de","11":"pa_color-snow-white-de","12":"pa_color-stone-grey-de","13":"pa_color-taupe-de","14":"pa_genre-kissenbezug","15":"pa_material-perkal-baumwolle","16":"pa_origin-indien","17":"pa_size-50-x-75-cm-de","18":"pa_size-65-x-65-cm-de","20":"first","21":"instock","22":"sale","23":"taxable","24":"shipping-taxable","25":"purchasable","26":"product-type-variable","27":"has-default-attributes"},"acf":[],"_links":{"self":[{"href":"https:\/\/www.kalani-home.com\/de\/wp-json\/wp\/v2\/product\/65249","targetHints":{"allow":["GET"]}}],"collection":[{"href":"https:\/\/www.kalani-home.com\/de\/wp-json\/wp\/v2\/product"}],"about":[{"href":"https:\/\/www.kalani-home.com\/de\/wp-json\/wp\/v2\/types\/product"}],"replies":[{"embeddable":true,"href":"https:\/\/www.kalani-home.com\/de\/wp-json\/wp\/v2\/comments?post=65249"}],"wp:featuredmedia":[{"embeddable":true,"href":"https:\/\/www.kalani-home.com\/de\/wp-json\/wp\/v2\/media\/96764"}],"wp:attachment":[{"href":"https:\/\/www.kalani-home.com\/de\/wp-json\/wp\/v2\/media?parent=65249"}],"wp:term":[{"taxonomy":"product_brand","embeddable":true,"href":"https:\/\/www.kalani-home.com\/de\/wp-json\/wp\/v2\/product_brand?post=65249"},{"taxonomy":"product_cat","embeddable":true,"href":"https:\/\/www.kalani-home.com\/de\/wp-json\/wp\/v2\/product_cat?post=65249"},{"taxonomy":"product_tag","embeddable":true,"href":"https:\/\/www.kalani-home.com\/de\/wp-json\/wp\/v2\/product_tag?post=65249"}],"curies":[{"name":"wp","href":"https:\/\/api.w.org\/{rel}","templated":true}]}}