{"id":65204,"date":"2020-08-24T00:00:00","date_gmt":"2020-08-23T22:00:00","guid":{"rendered":"https:\/\/content.kalani.eu\/shop\/luxurioeses-handtuch\/"},"modified":"2026-04-13T22:19:35","modified_gmt":"2026-04-13T20:19:35","slug":"luxurioeses-handtuch","status":"publish","type":"product","link":"https:\/\/www.kalani-home.com\/de\/shop\/luxurioeses-handtuch\/","title":{"rendered":"Luxuri\u00f6ses Handtuch"},"content":{"rendered":"<p class=\"warning_inline\"><strong>Zusammensetzung:<\/strong><\/p>\n<p>Erstklassiges Frottier der Luxusklasse, zu 100 % aus veganer, gek\u00e4mmter Bio-Baumwolle<\/p>\n<p><strong>Details: <\/strong><\/p>\n<ul>\n<li>Unglaublich weich dank langfaseriger, gek\u00e4mmter Baumwolle, die f\u00fcr hohe Qualit\u00e4t sorgt, und der Spinntechnologie \u201eLow Twist\u201c, die eine au\u00dfergew\u00f6hnliche Haptik schafft<\/li>\n<li>600 g\/m\u00b2 schwer, also genau richtig, um bei flie\u00dfenden Bewegungen nicht auf den Boden zu fallen<\/li>\n<li>Besonders flauschig und perfekt zum Hineinkuscheln<\/li>\n<li>Extrem saugf\u00e4hig, mit nur 3 cm breiter Bord\u00fcre an den R\u00e4ndern, um eine gr\u00f6\u00dftm\u00f6gliche Fl\u00e4che zum Abtrocknen zu bieten<\/li>\n<li>100 % GOTS-zertifizierte Baumwolle, r\u00fcckverfolgbar, gentechnikfrei, die verwendeten Farben sind \u00f6kologisch, gesundheitlich unbedenklich, umweltfreundlich und sch\u00fctzen die biologische Vielfalt<\/li>\n<li>100 % vegan, mit dem &#8220;PETA-Approved Vegan&#8221;-Logo versehen<\/li>\n<li>Vor Ort in Belgien und der T\u00fcrkei hergestellt, in Fabriken, die f\u00fcr weltweit f\u00fchrende Marken produzieren<\/li>\n<li>Mit Leidenschaft kreiert<\/li>\n<li>Zus\u00e4tzliche Handtuchschlaufe f\u00fcr einfacheres Aufh\u00e4ngen<\/li>\n<li>Kalani-Qualit\u00e4tssiegel<\/li>\n<li>Standardgr\u00f6\u00dfe: 50 x 100 cm<\/li>\n<\/ul>\n","protected":false},"excerpt":{"rendered":"<p>Luxus-Handtuch f\u00fcr H\u00e4nde, Gesicht oder die allgemeine K\u00f6rperpflege. Besonders weiche, flauschige und extrem saugf\u00e4hige Badtextilien. Einwickeln und wohlf\u00fchlen! Unverzichtbar f\u00fcr Ihr Badezimmer und das t\u00e4gliche Wohlbefinden. Diese Handt\u00fccher bieten au\u00dferordentlichen Luxus und sind gleichzeitig besonders nachhaltig. Sie werden speziell daf\u00fcr gemacht.<\/p>\n<p>Lokal hergestelltes Produkt aus 100% Bio-Baumwolle, GOTS-zertifiziert, ethisch einwandfrei.<\/p>\n","protected":false},"featured_media":286717,"comment_status":"open","ping_status":"closed","template":"","meta":{"_acf_changed":false},"product_brand":[],"product_cat":[1437,2743,3719,3734,3731,3737,3740,3725,3722],"product_tag":[],"class_list":{"0":"post-65204","1":"product","2":"type-product","3":"status-publish","4":"has-post-thumbnail","6":"product_cat-badewasche-de","7":"product_cat-hotel-handtuch","8":"product_cat-jahrestag-de","9":"product_cat-muttertag-de","10":"product_cat-niedriger-preis-de","11":"product_cat-um-zu-gefallen-de","12":"product_cat-valentinstag-de","13":"product_cat-vatertag-de","14":"product_cat-weihnachten-de","15":"pa_color-anthracite-de","16":"pa_color-cream-de","17":"pa_color-forest-de","18":"pa_color-kalani-blue-de","19":"pa_color-navy-de","20":"pa_color-ochre-de","21":"pa_color-old-pink-de","22":"pa_color-sand-de","23":"pa_color-snow-white-de","24":"pa_color-stone-grey-de","25":"pa_color-taupe-de","26":"pa_color-terracotta-de","27":"pa_genre-handtuch","28":"pa_material-luxus-frottier","29":"pa_origin-indien","30":"pa_size-50-x-100-cm-de-2","32":"first","33":"instock","34":"featured","35":"taxable","36":"shipping-taxable","37":"purchasable","38":"product-type-variable","39":"has-default-attributes"},"acf":[],"_links":{"self":[{"href":"https:\/\/www.kalani-home.com\/de\/wp-json\/wp\/v2\/product\/65204","targetHints":{"allow":["GET"]}}],"collection":[{"href":"https:\/\/www.kalani-home.com\/de\/wp-json\/wp\/v2\/product"}],"about":[{"href":"https:\/\/www.kalani-home.com\/de\/wp-json\/wp\/v2\/types\/product"}],"replies":[{"embeddable":true,"href":"https:\/\/www.kalani-home.com\/de\/wp-json\/wp\/v2\/comments?post=65204"}],"wp:featuredmedia":[{"embeddable":true,"href":"https:\/\/www.kalani-home.com\/de\/wp-json\/wp\/v2\/media\/286717"}],"wp:attachment":[{"href":"https:\/\/www.kalani-home.com\/de\/wp-json\/wp\/v2\/media?parent=65204"}],"wp:term":[{"taxonomy":"product_brand","embeddable":true,"href":"https:\/\/www.kalani-home.com\/de\/wp-json\/wp\/v2\/product_brand?post=65204"},{"taxonomy":"product_cat","embeddable":true,"href":"https:\/\/www.kalani-home.com\/de\/wp-json\/wp\/v2\/product_cat?post=65204"},{"taxonomy":"product_tag","embeddable":true,"href":"https:\/\/www.kalani-home.com\/de\/wp-json\/wp\/v2\/product_tag?post=65204"}],"curies":[{"name":"wp","href":"https:\/\/api.w.org\/{rel}","templated":true}]}}