{"id":65190,"date":"2020-08-24T00:00:00","date_gmt":"2020-08-23T22:00:00","guid":{"rendered":"https:\/\/content.kalani.eu\/shop\/luxurioeses-waschlappen-zweierpack\/"},"modified":"2026-05-12T13:40:54","modified_gmt":"2026-05-12T11:40:54","slug":"luxurioeses-waschlappen-zweierpack","status":"publish","type":"product","link":"https:\/\/www.kalani-home.com\/de\/shop\/luxurioeses-waschlappen-zweierpack\/","title":{"rendered":"Luxuri\u00f6ses Waschlappen (Zweierpack)"},"content":{"rendered":"<p><strong>Zusammensetzung: <\/strong>Erstklassiges Frottier der Luxusklasse, hergestellt in Belgien, zu 100 % aus veganer, gek\u00e4mmter Bio-Baumwolle<\/p>\n<p><strong>Details: <\/strong><\/p>\n<ul>\n<li>Unglaublich weich dank langfaseriger, gek\u00e4mmter Baumwolle, die f\u00fcr hohe Qualit\u00e4t sorgt, und der Spinntechnologie \u201eLow Twist\u201c, die eine au\u00dfergew\u00f6hnliche Haptik schafft<\/li>\n<li>600 g\/m\u00b2 schwer, also genau richtig, um bei flie\u00dfenden Bewegungen nicht auf den Boden zu fallen<\/li>\n<li>Extra flauschig und besonders saugf\u00e4hig<\/li>\n<li>100 % GOTS-zertifizierte Baumwolle, r\u00fcckverfolgbar, gentechnikfrei, die verwendeten Farben sind \u00f6kologisch, gesundheitlich unbedenklich, umweltfreundlich und sch\u00fctzen die biologische Vielfalt<\/li>\n<li>100 % vegan, mit dem &#8220;PETA-Approved Vegan&#8221;-Logo versehen<\/li>\n<li>Hergestellt in BELGIEN, in Fabriken, die f\u00fcr weltweit f\u00fchrende Marken produzieren<\/li>\n<li>Mit Leidenschaft kreiert<\/li>\n<li>Zus\u00e4tzliche Handtuchschlaufe f\u00fcr einfacheres Aufh\u00e4ngen<\/li>\n<li>Kalani-Qualit\u00e4tssiegel<\/li>\n<li>Standardgr\u00f6\u00dfe: 15 x 22 cm<\/li>\n<\/ul>\n","protected":false},"excerpt":{"rendered":"<p>Extra weiche, dicke, flauschige und besonders saugf\u00e4hige Waschlappen. Im Zweierpack erh\u00e4ltlich. Besonders zart auf der Haut machen diese Waschlappen die t\u00e4gliche K\u00f6rperpflege zu einem Augenblick absoluten Wohlbefindens. Genie\u00dfen Sie die erstklassige Bio-Qualit\u00e4t unserer Badtextilien und machen Sie Ihr Badezimmer zu einem Ort voller Komfort, Wohlbefinden und Sch\u00f6nheit.<\/p>\n<p>Produziert in Belgien zu 100% aus biologischer GOTS-zertifizierter Baumwolle, ethisch und \u00f6kologisch.<\/p>\n","protected":false},"featured_media":297436,"comment_status":"open","ping_status":"closed","template":"","meta":{"_acf_changed":false},"product_brand":[],"product_cat":[1437,3719,3734,3731,3737,3740,3725,2747,3722],"product_tag":[],"class_list":{"0":"post-65190","1":"product","2":"type-product","3":"status-publish","4":"has-post-thumbnail","6":"product_cat-badewasche-de","7":"product_cat-jahrestag-de","8":"product_cat-muttertag-de","9":"product_cat-niedriger-preis-de","10":"product_cat-um-zu-gefallen-de","11":"product_cat-valentinstag-de","12":"product_cat-vatertag-de","13":"product_cat-waschlappen","14":"product_cat-weihnachten-de","15":"pa_color-anthracite-de","16":"pa_color-cream-de","17":"pa_color-forest-de","18":"pa_color-kalani-blue-de","19":"pa_color-navy-de","20":"pa_color-ochre-de","21":"pa_color-old-pink-de","22":"pa_color-sand-de","23":"pa_color-snow-white-de","24":"pa_color-stone-grey-de","25":"pa_color-taupe-de","26":"pa_color-terracotta-de","27":"pa_genre-waschlappen","28":"pa_material-luxus-frottier","29":"pa_origin-indien","30":"pa_size-15-x-22-cm-de","32":"first","33":"instock","34":"taxable","35":"shipping-taxable","36":"purchasable","37":"product-type-variable","38":"has-default-attributes"},"acf":[],"_links":{"self":[{"href":"https:\/\/www.kalani-home.com\/de\/wp-json\/wp\/v2\/product\/65190","targetHints":{"allow":["GET"]}}],"collection":[{"href":"https:\/\/www.kalani-home.com\/de\/wp-json\/wp\/v2\/product"}],"about":[{"href":"https:\/\/www.kalani-home.com\/de\/wp-json\/wp\/v2\/types\/product"}],"replies":[{"embeddable":true,"href":"https:\/\/www.kalani-home.com\/de\/wp-json\/wp\/v2\/comments?post=65190"}],"wp:featuredmedia":[{"embeddable":true,"href":"https:\/\/www.kalani-home.com\/de\/wp-json\/wp\/v2\/media\/297436"}],"wp:attachment":[{"href":"https:\/\/www.kalani-home.com\/de\/wp-json\/wp\/v2\/media?parent=65190"}],"wp:term":[{"taxonomy":"product_brand","embeddable":true,"href":"https:\/\/www.kalani-home.com\/de\/wp-json\/wp\/v2\/product_brand?post=65190"},{"taxonomy":"product_cat","embeddable":true,"href":"https:\/\/www.kalani-home.com\/de\/wp-json\/wp\/v2\/product_cat?post=65190"},{"taxonomy":"product_tag","embeddable":true,"href":"https:\/\/www.kalani-home.com\/de\/wp-json\/wp\/v2\/product_tag?post=65190"}],"curies":[{"name":"wp","href":"https:\/\/api.w.org\/{rel}","templated":true}]}}