{"id":64475,"date":"2021-04-20T09:32:40","date_gmt":"2021-04-20T07:32:40","guid":{"rendered":"https:\/\/content.kalani.eu\/shop\/geschenkgutschein\/"},"modified":"2026-04-20T03:20:33","modified_gmt":"2026-04-20T01:20:33","slug":"geschenkgutschein","status":"publish","type":"product","link":"https:\/\/www.kalani-home.com\/de\/shop\/geschenkgutschein\/","title":{"rendered":"Geschenkgutschein"},"content":{"rendered":"<p>Zus\u00e4tzlich zum elektronischen Empfang der Geschenkkarte bieten wir einen kostenlosen Service an, der es uns erm\u00f6glicht, Ihnen auf Wunsch eine sch\u00f6ne Karte in einem sch\u00f6nen Umschlag per Post zuzusenden.<\/p>\n<p>Richten Sie dazu Ihre Geschenkkarte ein und senden Sie uns eine E-Mail mit Ihrer Anfrage an info@kalani-home.com :<\/p>\n<ol>\n<li>Ihre Bestellnummer (sichtbar auf der Bestellbest\u00e4tigungs-E-Mail).<\/li>\n<li>Die gew\u00e4hlte Lieferadresse.<\/li>\n<\/ol>\n<p>Kleine Aufmerksamkeiten machen Beziehungen erst so richtig sch\u00f6n. Wir von Kalani sind \u00fcberzeugt, dass selbst ein Weg von tausend Meilen mit einem Schritt beginnt. Denken Sie an die Freude, die Sie mit einem Geschenkgutschein von Kalani bereiten werden, und machen Sie den ersten Schritt&#8230;<\/p>\n","protected":false},"excerpt":{"rendered":"<p>Sie m\u00f6chten Ihre Lieben mit einem sch\u00f6nen Geschenk verw\u00f6hnen, ihnen lauschige N\u00e4chte unter einer flauschigen Decke schenken, und dabei dem Planeten etwas Gutes tun?<\/p>\n<p>Wir haben an alles gedacht. So liegen Sie in Bezug auf Gr\u00f6\u00dfe, Farbe oder Material garantiert nicht falsch!<\/p>\n<p>Ein kleiner Tipp: Dieser Geschenkgutschein ist perfekt f\u00fcr eine Einweihungsparty, eine Hochzeit, einen Geburtstag, zum Muttertag, zum Vatertag, zu Weihnachten&#8230; Kurz: Jeder Anlass ist ein guter Grund, Freude zu bereiten! \ud83d\ude42<\/p>\n","protected":false},"featured_media":40282,"comment_status":"open","ping_status":"closed","template":"","meta":{"_acf_changed":false},"product_brand":[],"product_cat":[3728,1450,3743,3719,3734,3731,3737,3740,3725,3722],"product_tag":[],"class_list":{"0":"post-64475","1":"product","2":"type-product","3":"status-publish","4":"has-post-thumbnail","6":"product_cat-geschenkgutschein-de","7":"product_cat-geschenkideen-de","8":"product_cat-heirat-de","9":"product_cat-jahrestag-de","10":"product_cat-muttertag-de","11":"product_cat-niedriger-preis-de","12":"product_cat-um-zu-gefallen-de","13":"product_cat-valentinstag-de","14":"product_cat-vatertag-de","15":"product_cat-weihnachten-de","17":"first","18":"instock","19":"purchasable","20":"product-type-pw-gift-card","21":"has-default-attributes"},"acf":[],"_links":{"self":[{"href":"https:\/\/www.kalani-home.com\/de\/wp-json\/wp\/v2\/product\/64475","targetHints":{"allow":["GET"]}}],"collection":[{"href":"https:\/\/www.kalani-home.com\/de\/wp-json\/wp\/v2\/product"}],"about":[{"href":"https:\/\/www.kalani-home.com\/de\/wp-json\/wp\/v2\/types\/product"}],"replies":[{"embeddable":true,"href":"https:\/\/www.kalani-home.com\/de\/wp-json\/wp\/v2\/comments?post=64475"}],"wp:featuredmedia":[{"embeddable":true,"href":"https:\/\/www.kalani-home.com\/de\/wp-json\/wp\/v2\/media\/40282"}],"wp:attachment":[{"href":"https:\/\/www.kalani-home.com\/de\/wp-json\/wp\/v2\/media?parent=64475"}],"wp:term":[{"taxonomy":"product_brand","embeddable":true,"href":"https:\/\/www.kalani-home.com\/de\/wp-json\/wp\/v2\/product_brand?post=64475"},{"taxonomy":"product_cat","embeddable":true,"href":"https:\/\/www.kalani-home.com\/de\/wp-json\/wp\/v2\/product_cat?post=64475"},{"taxonomy":"product_tag","embeddable":true,"href":"https:\/\/www.kalani-home.com\/de\/wp-json\/wp\/v2\/product_tag?post=64475"}],"curies":[{"name":"wp","href":"https:\/\/api.w.org\/{rel}","templated":true}]}}