{"id":64385,"date":"2021-04-13T09:56:57","date_gmt":"2021-04-13T07:56:57","guid":{"rendered":"https:\/\/content.kalani.eu\/shop\/64385\/"},"modified":"2026-05-05T10:14:21","modified_gmt":"2026-05-05T08:14:21","slug":"baumwolle-premium-jersey-bundel","status":"publish","type":"product","link":"https:\/\/www.kalani-home.com\/de\/shop\/baumwolle-premium-jersey-bundel\/","title":{"rendered":"Baumwolle Premium Jersey  B\u00fcndel"},"content":{"rendered":"<p><strong>Zusammensetzung:<\/strong>\u00a0<span lang=\"de\" xml:lang=\"de\">100% Jersey Premium, gewebt aus feinen, langen, gek\u00e4mmten Baumwollf\u00e4den, Bio- und Fairtrade-zertifiziert<\/span><\/p>\n<p><strong>Details: <\/strong>ein Paket besteht aus 1 Bettbezug + 1 oder 2 (nach Wahl) identischen Kopfkissenbez\u00fcgen + 1 Spannbettlaken: Bettbezug :<\/p>\n<ul>\n<li style=\"list-style-type: none;\">\n<ul>\n<li>Die \u00d6ffnung mit nat\u00fcrlichen Kn\u00f6pfen aus Kokosnuss hindert Ihre Decke daran, zu verrutschen<\/li>\n<li>Mehrere Gr\u00f6\u00dfen und Formen erh\u00e4ltlich, um den Ma\u00dfen Ihres Kissens bestm\u00f6glich zu entsprechen<\/li>\n<li>W\u00e4hlen Sie f\u00fcr Ihren Bettbezug die exakte Gr\u00f6\u00dfe oder etwas kleiner, um einen volleren Effekt zu erzielen<!-- notionvc: cda060e4-0068-43c2-a2ea-8c3a69a14df5 --><\/li>\n<\/ul>\n<\/li>\n<\/ul>\n<p>Kissenbezug:<\/p>\n<ul>\n<li style=\"list-style-type: none;\">\n<ul>\n<li>\u00d6ffnung mit gro\u00dfer Innenlasche, die daf\u00fcr sorgt, dass Ihr Kissen nicht verrutscht<\/li>\n<li>Mehrere Gr\u00f6\u00dfen und Formen erh\u00e4ltlich, um den Ma\u00dfen Ihres Kissens bestm\u00f6glich zu entsprechen<\/li>\n<li>W\u00e4hlen Sie f\u00fcr Ihre Kissenbez\u00fcge die exakte Gr\u00f6\u00dfe Ihres Kissens oder etwas gr\u00f6\u00dfer, falls erforderlich<!-- notionvc: 4f37c2b2-ae15-47e0-a59e-a8aa2376e6e0 --><\/li>\n<\/ul>\n<\/li>\n<\/ul>\n<p>Spannbettlaken :<\/p>\n<ul>\n<li style=\"list-style-type: none;\">\n<ul>\n<li>Einzigartige Anfertigung mit exklusivem Rundumgummi f\u00fcr besseres Anliegen auf der Matratze<\/li>\n<li>Die Tiefe von 30 cm oder 40cm ist f\u00fcr dicke Matratzen geeignet<\/li>\n<li>Erh\u00e4ltlich in 3 L\u00e4ngen: f\u00fcr Matratzen von 2 m L\u00e4nge oder f\u00fcr Matratzen, die \u00fcber 2,2 m lang sind<\/li>\n<\/ul>\n<\/li>\n<\/ul>\n<p>Alle Produkte :<\/p>\n<ul>\n<li style=\"list-style-type: none;\">\n<ul>\n<li>Einfacher Jersey Premium-Strick mit hervorragender mechanischer Elastizit\u00e4t<\/li>\n<li>Die Ma\u00dfe sind etwas gro\u00dfz\u00fcgiger, damit sich der Bettbezug nach den ersten Waschg\u00e4ngen und dem damit verbundenen nat\u00fcrlichen Eingehen perfekt an Ihre Matratze anpasst<\/li>\n<li>Verpackt in einer sch\u00f6nen, wiederverwendbaren Baumwolltasche<\/li>\n<li>100% GOTS-zertifizierte Baumwolle, r\u00fcckverfolgbar, gentechnikfrei, verwendete Farben sind \u00f6kologisch, gesundheitlich unbedenklich, umweltfreundlich und sch\u00fctzen die biologische Vielfalt<\/li>\n<li>100% Fairtrade-zertifizierte Baumwolle, mit Respekt gegen\u00fcber der Bauerngemeinschaft<\/li>\n<li>Ethisch korrekt hergestellt in fairen Fabriken in Indien, in denen die Arbeiter respektvoll behandelt werden<\/li>\n<li>Sorgf\u00e4ltig hergestellt, liebevoll per Hand angefertigt, um den Anforderungen unserer Kunden gerecht zu werden<\/li>\n<li>B\u00fcgeln nicht notwendig<\/li>\n<\/ul>\n<\/li>\n<\/ul>\n","protected":false},"excerpt":{"rendered":"<p>Wir sagen JA zum gem\u00fctlichen Faulenzen, i eingewickelt in unsere Decken, die sich anf\u00fchlen wie unser Lieblings-Shirt. Diese Weichheit wird sie lange im Bett halten, sehr lange&#8230;<\/p>\n<p>Produkt zu 100% aus biologischer, Fairtrade-zertifizierter Baumwolle, ethisch und \u00f6kologisch.<\/p>\n<p class=\"kalani-green\">Standardm\u00e4\u00dfig schl\u00e4gt das System 1 Kissenbezug f\u00fcr die Leute vor, die nur einen ben\u00f6tigen. Wenn Sie 2 oder mehr Kissenbez\u00fcge in diesem Paket w\u00fcnschen, passen Sie die Menge bitte manuell an.<\/p>\n","protected":false},"featured_media":296682,"comment_status":"open","ping_status":"closed","template":"","meta":{"_acf_changed":false},"product_brand":[],"product_cat":[1438,2636,3743,3719,3734,3737,3740,3725,3722],"product_tag":[],"class_list":{"0":"post-64385","1":"product","2":"type-product","3":"status-publish","4":"has-post-thumbnail","6":"product_cat-bettwasche","7":"product_cat-schlafen-bundel","8":"product_cat-heirat-de","9":"product_cat-jahrestag-de","10":"product_cat-muttertag-de","11":"product_cat-um-zu-gefallen-de","12":"product_cat-valentinstag-de","13":"product_cat-vatertag-de","14":"product_cat-weihnachten-de","15":"pa_color-air-blue-de","16":"pa_color-lava-grey-de","17":"pa_color-light-grey-melange-de","18":"pa_color-midnight-blue-de","19":"pa_color-powder-pink-de","20":"pa_color-snow-white-de","21":"pa_color-stone-grey-de","22":"pa_material-baumwolle-premium-jersey","23":"pa_size-100-x-200-x-30-cm-de","24":"pa_size-140-x-190-x-30-cm-de","25":"pa_size-140-x-200-cm-de","26":"pa_size-140-x-200-x-10-cm-de","27":"pa_size-140-x-200-x-30-cm-de","28":"pa_size-140-x-220-cm-de","29":"pa_size-155-x-220-cm-de","30":"pa_size-160-x-200-x-10-cm-de","31":"pa_size-160-x-200-x-30-cm-de","32":"pa_size-160-x-200-x-40-cm-de","33":"pa_size-160-x-210-x-30-cm-de","34":"pa_size-160-x-220-x-30-cm-de","35":"pa_size-180-x-200-x-10-cm-de","36":"pa_size-180-x-200-x-30-cm-de","37":"pa_size-180-x-200-x-40-cm-de","38":"pa_size-180-x-210-x-10-cm-de","39":"pa_size-180-x-210-x-30-cm-de","40":"pa_size-180-x-220-x-30-cm-de","41":"pa_size-200-x-200-cm-de","42":"pa_size-200-x-200-x-10-cm-de","43":"pa_size-200-x-200-x-30-cm-de","44":"pa_size-200-x-200-x-40-cm-de","45":"pa_size-200-x-210-x-30-cm-de","46":"pa_size-200-x-220-cm-de","47":"pa_size-200-x-220-x-30-cm-de","48":"pa_size-240-x-220-cm-de","49":"pa_size-260-x-220-cm-de","50":"pa_size-260-x-240-cm-de","51":"pa_size-280-x-240-cm-de","52":"pa_size-30-x-50-cm-de","53":"pa_size-40-x-60-cm-de","54":"pa_size-50-x-60-cm-de","55":"pa_size-50-x-75-cm-de","56":"pa_size-50-x-80-cm-de","57":"pa_size-50-x-90-cm-de","58":"pa_size-60-x-70-cm-de","59":"pa_size-65-x-65-cm-de","60":"pa_size-80-x-200-x-30-cm-de","61":"pa_size-80-x-80-cm-de","62":"pa_size-90-x-200-x-30-cm-de","63":"pa_size-90-x-210-x-30-cm-de","64":"pa_size-90-x-220-x-30-cm-de","66":"first","67":"instock","68":"virtual","69":"taxable","70":"purchasable","71":"product-type-yith_bundle"},"acf":[],"_links":{"self":[{"href":"https:\/\/www.kalani-home.com\/de\/wp-json\/wp\/v2\/product\/64385","targetHints":{"allow":["GET"]}}],"collection":[{"href":"https:\/\/www.kalani-home.com\/de\/wp-json\/wp\/v2\/product"}],"about":[{"href":"https:\/\/www.kalani-home.com\/de\/wp-json\/wp\/v2\/types\/product"}],"replies":[{"embeddable":true,"href":"https:\/\/www.kalani-home.com\/de\/wp-json\/wp\/v2\/comments?post=64385"}],"wp:featuredmedia":[{"embeddable":true,"href":"https:\/\/www.kalani-home.com\/de\/wp-json\/wp\/v2\/media\/296682"}],"wp:attachment":[{"href":"https:\/\/www.kalani-home.com\/de\/wp-json\/wp\/v2\/media?parent=64385"}],"wp:term":[{"taxonomy":"product_brand","embeddable":true,"href":"https:\/\/www.kalani-home.com\/de\/wp-json\/wp\/v2\/product_brand?post=64385"},{"taxonomy":"product_cat","embeddable":true,"href":"https:\/\/www.kalani-home.com\/de\/wp-json\/wp\/v2\/product_cat?post=64385"},{"taxonomy":"product_tag","embeddable":true,"href":"https:\/\/www.kalani-home.com\/de\/wp-json\/wp\/v2\/product_tag?post=64385"}],"curies":[{"name":"wp","href":"https:\/\/api.w.org\/{rel}","templated":true}]}}