{"id":58062,"date":"2020-08-02T11:56:51","date_gmt":"2020-08-02T09:56:51","guid":{"rendered":"https:\/\/content.kalani.eu\/shop\/schutzmaske-mit-filtertasche\/"},"modified":"2026-03-23T11:03:35","modified_gmt":"2026-03-23T10:03:35","slug":"schutzmaske-mit-filtertasche","status":"publish","type":"product","link":"https:\/\/www.kalani-home.com\/de\/shop\/schutzmaske-mit-filtertasche\/","title":{"rendered":"Schutzmaske mit Filtertasche"},"content":{"rendered":"<p><strong>Materialen<\/strong>: 100% Baumwollsatin, gewebt aus feinen, langen, gek\u00e4mmten Baumwollf\u00e4den, Bio- und Fairtrade-zertifiziert<\/p>\n<p><strong>Verwendung:<\/strong><\/p>\n<ul>\n<li>Bitte laden Sie die Gebrauchsanleitung durch Anklicken der Schaltfl\u00e4che \u00fcber der Schaltfl\u00e4che &#8220;in den Warenkorb&#8221; oben und lesen Sie diese, bevor Sie die Maske benutzen.<\/li>\n<li>Waschen Sie die Maske vor dem ersten Gebrauch bei mindestens 60\u00a0Grad. Hochwertiger Stoff, der wenn gew\u00fcnscht ebenso bei 95\u00a0Grad gewaschen werden kann.<\/li>\n<li>Kann bei sehr hohen Temperaturen geb\u00fcgelt werden<\/li>\n<li>Waschbar und mehrfach verwendbar<\/li>\n<li>Es handelt sich hierbei nicht um ein medizinisches Produkt oder um eine genormte pers\u00f6nliche Schutzausr\u00fcstung<\/li>\n<li>Diese Maske sch\u00fctzt nicht vor Infektionskrankheiten oder Schadstoffen und ist nicht f\u00fcr Pflegepersonal geeignet<\/li>\n<li>Die Maske muss \u00fcber Nase und Mund getragen und nach dem Eindringen von Feuchtigkeit gewechselt werden, sp\u00e4testens aber nach 4 Stunden. Eine Stoffmaske darf h\u00f6chstens 4 Stunden lang getragen werden. Danach muss sie gewaschen werden, damit sie ihre Wirksamkeit beh\u00e4lt<\/li>\n<li>Es wird empfohlen, mindestens 5 Masken zu besitzen, um immer ein oder zwei saubere und trockene Exemplare pro Tag zur Verf\u00fcgung zu haben, w\u00e4hrend die anderen gewaschen werden<\/li>\n<li>Gebrauchte Masken m\u00fcssen in einer kontaminationssicheren Tasche (oder auf andere Weise versiegelt) aufbewahrt oder direkt nach dem Gebrauch gewaschen werden<\/li>\n<li>H\u00e4nde und Gesicht m\u00fcssen vor und nach Gebrauch gewaschen werden, ebenso wenn die Maske aus anderen Gr\u00fcnden ber\u00fchrt wird<\/li>\n<li>Eine R\u00fcckgabe ist aus hygienischen Gr\u00fcnden ausgeschlossen<\/li>\n<\/ul>\n<p><strong>Details:<\/strong><\/p>\n<ul>\n<li>Ma\u00dfe (B\u00a0x\u00a0H): 19\u00a0x\u00a013\/14 cm gefaltet (Ma\u00dfe der auseinandergefalteten Maske 19\u00a0x\u00a021\/22\u00a0cm), f\u00fcr alle Erwachsenen geeignet<\/li>\n<li>Tasche f\u00fcr extra Filter (Filter nicht inklusive)<\/li>\n<li>100% GOTS-zertifizierte Baumwolle, r\u00fcckverfolgbar, gentechnikfrei, verwendete Farben sind \u00f6kologisch, gesundheitlich unbedenklich, umweltfreundlich und sch\u00fctzen die biologische Vielfalt<\/li>\n<li>100% Fairtrade-zertifizierte Baumwolle, mit Respekt gegen\u00fcber der Bauerngemeinschaft<\/li>\n<li>Ethisch korrekt hergestellt in fairen Fabriken in Tschechische Republik, in denen die Arbeiter respektvoll behandelt werden<\/li>\n<li>Sorgf\u00e4ltig hergestellt, liebevoll per Hand angefertigt, um den Anforderungen unserer Kunden gerecht zu werden<\/li>\n<li>Baumwollsatin in Hotelqualit\u00e4t mit hoher Fadendichte: 250\u00a0TC (250\u00a0F\u00e4den pro Quadratzoll) einfach gefalzt<\/li>\n<li>Stoff ist vorgewaschen und vorgekrumpft<\/li>\n<li>Wird durch Verwendung und mit jedem Waschgang weicher<\/li>\n<\/ul>\n","protected":false},"excerpt":{"rendered":"<p><strong>Hoher Tragekomfort:\u00a0<\/strong>Siehe Beschreibung unten<\/p>\n<p>Produkt zu 100% aus biologischer, Fairtrade-zertifizierter Baumwolle, ethisch, \u00f6kologisch und vegan.<\/p>\n","protected":false},"featured_media":58084,"comment_status":"open","ping_status":"closed","template":"","meta":{"_acf_changed":false},"product_brand":[],"product_cat":[3049,2488],"product_tag":[],"class_list":{"0":"post-58062","1":"product","2":"type-product","3":"status-publish","4":"has-post-thumbnail","6":"product_cat-accessoires-de","7":"product_cat-schutzmaske","8":"pa_color-snow-white-de","9":"pa_origin-tschechische-republik","10":"pa_size-13-x-19-cm-de","12":"first","13":"instock","14":"sale","15":"taxable","16":"shipping-taxable","17":"purchasable","18":"product-type-variable","19":"has-default-attributes"},"acf":[],"_links":{"self":[{"href":"https:\/\/www.kalani-home.com\/de\/wp-json\/wp\/v2\/product\/58062","targetHints":{"allow":["GET"]}}],"collection":[{"href":"https:\/\/www.kalani-home.com\/de\/wp-json\/wp\/v2\/product"}],"about":[{"href":"https:\/\/www.kalani-home.com\/de\/wp-json\/wp\/v2\/types\/product"}],"replies":[{"embeddable":true,"href":"https:\/\/www.kalani-home.com\/de\/wp-json\/wp\/v2\/comments?post=58062"}],"wp:featuredmedia":[{"embeddable":true,"href":"https:\/\/www.kalani-home.com\/de\/wp-json\/wp\/v2\/media\/58084"}],"wp:attachment":[{"href":"https:\/\/www.kalani-home.com\/de\/wp-json\/wp\/v2\/media?parent=58062"}],"wp:term":[{"taxonomy":"product_brand","embeddable":true,"href":"https:\/\/www.kalani-home.com\/de\/wp-json\/wp\/v2\/product_brand?post=58062"},{"taxonomy":"product_cat","embeddable":true,"href":"https:\/\/www.kalani-home.com\/de\/wp-json\/wp\/v2\/product_cat?post=58062"},{"taxonomy":"product_tag","embeddable":true,"href":"https:\/\/www.kalani-home.com\/de\/wp-json\/wp\/v2\/product_tag?post=58062"}],"curies":[{"name":"wp","href":"https:\/\/api.w.org\/{rel}","templated":true}]}}