{"id":54587,"date":"2019-06-14T00:00:00","date_gmt":"2019-06-13T22:00:00","guid":{"rendered":"https:\/\/content.kalani.eu\/shop\/bath-mats\/"},"modified":"2026-01-03T13:11:30","modified_gmt":"2026-01-03T12:11:30","slug":"hotel-badematte","status":"publish","type":"product","link":"https:\/\/www.kalani-home.com\/de\/shop\/hotel-badematte\/","title":{"rendered":"Hotel Badematte"},"content":{"rendered":"<p><strong>Materialien<\/strong>: Frottier in Hotelqualit\u00e4t aus 100% biologisch gek\u00e4mmter Baumwolle, Fairtrade zertifiziert und vegan.<\/p>\n<p><strong>Details:<\/strong><\/p>\n<ul>\n<li>Gr\u00f6\u00dfe : 50&#215;80 cm<\/li>\n<li>100% GOTS-zertifizierte Baumwolle, r\u00fcckverfolgbar, gentechnikfrei, verwendete Farben sind \u00f6kologisch, gesundheitlich unbedenklich, umweltfreundlich und sch\u00fctzen die biologische Vielfalt<\/li>\n<li>100% Fairtrade-zertifizierte Baumwolle, mit Respekt gegen\u00fcber den Kleinbauern<\/li>\n<li>100% Vegan<\/li>\n<li>Ethisch hergestellt in indischen Fairtrade-Fabriken, mit Respekt vor den Mitarbeitern<\/li>\n<li>Leidenschaftlich entworfen im Hinblick auf die Kundenzufriedenheit<\/li>\n<li>800 g\/m\u00b2<\/li>\n<\/ul>\n","protected":false},"excerpt":{"rendered":"<p>Diese Badematte verbindet <strong>Komfort<\/strong> mit <strong>Sicherheit<\/strong> und das alles in einem <strong>zeitlosen Design<\/strong>, das die F\u00fc\u00dfe von klein bis gro\u00df w\u00e4rmt und trocknet. Mit seiner&nbsp;<strong>super absorbierenden<\/strong>&nbsp;Kraft geh\u00f6ren nasse F\u00fcsse im Bad endlich der Vergangenheit an.<\/p>\n<p>Frottier in Hotelqualit\u00e4t, einfach zu Hause.<\/p>\n<p>Hergestellt aus 100% biologischer und Fairtrade-zertifizierter Baumwolle, ethisch, \u00f6kologisch und vegan.<\/p>\n","protected":false},"featured_media":65949,"comment_status":"open","ping_status":"closed","template":"","meta":{"_acf_changed":false},"product_brand":[],"product_cat":[1439,1437],"product_tag":[],"class_list":{"0":"post-54587","1":"product","2":"type-product","3":"status-publish","4":"has-post-thumbnail","6":"product_cat-badematte-de","7":"product_cat-badewasche-de","8":"pa_color-snow-white-de","9":"pa_genre-badematte","10":"pa_material-schwamm-hotel","11":"pa_origin-indien","12":"pa_size-50-x-80-cm-de","13":"pa_size-50-x-90-cm-de","15":"first","16":"instock","17":"taxable","18":"shipping-taxable","19":"purchasable","20":"product-type-variable","21":"has-default-attributes"},"acf":[],"_links":{"self":[{"href":"https:\/\/www.kalani-home.com\/de\/wp-json\/wp\/v2\/product\/54587","targetHints":{"allow":["GET"]}}],"collection":[{"href":"https:\/\/www.kalani-home.com\/de\/wp-json\/wp\/v2\/product"}],"about":[{"href":"https:\/\/www.kalani-home.com\/de\/wp-json\/wp\/v2\/types\/product"}],"replies":[{"embeddable":true,"href":"https:\/\/www.kalani-home.com\/de\/wp-json\/wp\/v2\/comments?post=54587"}],"wp:featuredmedia":[{"embeddable":true,"href":"https:\/\/www.kalani-home.com\/de\/wp-json\/wp\/v2\/media\/65949"}],"wp:attachment":[{"href":"https:\/\/www.kalani-home.com\/de\/wp-json\/wp\/v2\/media?parent=54587"}],"wp:term":[{"taxonomy":"product_brand","embeddable":true,"href":"https:\/\/www.kalani-home.com\/de\/wp-json\/wp\/v2\/product_brand?post=54587"},{"taxonomy":"product_cat","embeddable":true,"href":"https:\/\/www.kalani-home.com\/de\/wp-json\/wp\/v2\/product_cat?post=54587"},{"taxonomy":"product_tag","embeddable":true,"href":"https:\/\/www.kalani-home.com\/de\/wp-json\/wp\/v2\/product_tag?post=54587"}],"curies":[{"name":"wp","href":"https:\/\/api.w.org\/{rel}","templated":true}]}}