{"id":54580,"date":"2019-06-14T00:00:00","date_gmt":"2019-06-13T22:00:00","guid":{"rendered":"https:\/\/content.kalani.eu\/shop\/plain-towel\/"},"modified":"2026-04-13T22:19:36","modified_gmt":"2026-04-13T20:19:36","slug":"hotel-badetuch","status":"publish","type":"product","link":"https:\/\/www.kalani-home.com\/de\/shop\/hotel-badetuch\/","title":{"rendered":"Hotel Badetuch"},"content":{"rendered":"<p><strong>Materialien:<\/strong> Frottier in Hotelqualit\u00e4t aus 100% biologisch gek\u00e4mmter Baumwolle, Fairtrade zertifiziert und vegan. <strong>Details:<\/strong><\/p>\n<ul>\n<li>Glatt ohne Streifen<\/li>\n<li>100 % GOTS-zertifizierte Baumwolle, r\u00fcckverfolgbar, gentechnikfrei, verwendete Farben sind \u00f6kologisch, gesundheitlich unbedenklich, umweltfreundlich und sch\u00fctzen die biologische Vielfalt<\/li>\n<li>100 % Fairtrade-zertifizierte Baumwolle, mit Respekt gegen\u00fcber der Bauerngemeinschaft<\/li>\n<li>100% Vegan<\/li>\n<li>Ethisch korrekt hergestellt in fairen Fabriken in Indien, in denen die Arbeiter respektvoll behandelt werden<\/li>\n<li>Sorgf\u00e4ltig hergestellt, liebevoll per Hand angefertigt, um den Anforderungen unserer Kunden gerecht zu werden<\/li>\n<li>550 g\/m\u00b2<\/li>\n<\/ul>\n<p><strong>Gr\u00f6\u00dfen:<\/strong><\/p>\n<ul>\n<li>Duschtuch: 70 x 140 cm<\/li>\n<li>Badetuch: 100 x 150 cm<\/li>\n<\/ul>\n","protected":false},"excerpt":{"rendered":"<p>F\u00fchlen Sie sich in diesem bequemen Badetuch mit einfachem und zeitlosem Design komplett neu geboren. Super weich und mit hoher Saugf\u00e4higkeit! Weichheit, Spa\u00df und Luxus, um sich wie in einem Hotel zu Hause zu f\u00fchlen!<\/p>\n<p>Erleben Sie das luxuri\u00f6se Hotelgef\u00fchl in Ihrem eigenen Badezimmer.<\/p>\n<p>Hergestellt aus 100% biologischer und Fairtrade-zertifizierter Baumwolle, ethisch, \u00f6kologisch und vegan.<\/p>\n","protected":false},"featured_media":40392,"comment_status":"open","ping_status":"closed","template":"","meta":{"_acf_changed":false},"product_brand":[],"product_cat":[1442,1437],"product_tag":[],"class_list":{"0":"post-54580","1":"product","2":"type-product","3":"status-publish","4":"has-post-thumbnail","6":"product_cat-badetuch-de","7":"product_cat-badewasche-de","8":"pa_color-snow-white-de","9":"pa_genre-badetuch","10":"pa_material-schwamm-hotel","11":"pa_origin-indien","12":"pa_size-100-x-150-cm-de","13":"pa_size-100-x-170-cm-de","14":"pa_size-70-x-140-cm-de","16":"first","17":"instock","18":"taxable","19":"shipping-taxable","20":"purchasable","21":"product-type-variable","22":"has-default-attributes"},"acf":[],"_links":{"self":[{"href":"https:\/\/www.kalani-home.com\/de\/wp-json\/wp\/v2\/product\/54580","targetHints":{"allow":["GET"]}}],"collection":[{"href":"https:\/\/www.kalani-home.com\/de\/wp-json\/wp\/v2\/product"}],"about":[{"href":"https:\/\/www.kalani-home.com\/de\/wp-json\/wp\/v2\/types\/product"}],"replies":[{"embeddable":true,"href":"https:\/\/www.kalani-home.com\/de\/wp-json\/wp\/v2\/comments?post=54580"}],"wp:featuredmedia":[{"embeddable":true,"href":"https:\/\/www.kalani-home.com\/de\/wp-json\/wp\/v2\/media\/40392"}],"wp:attachment":[{"href":"https:\/\/www.kalani-home.com\/de\/wp-json\/wp\/v2\/media?parent=54580"}],"wp:term":[{"taxonomy":"product_brand","embeddable":true,"href":"https:\/\/www.kalani-home.com\/de\/wp-json\/wp\/v2\/product_brand?post=54580"},{"taxonomy":"product_cat","embeddable":true,"href":"https:\/\/www.kalani-home.com\/de\/wp-json\/wp\/v2\/product_cat?post=54580"},{"taxonomy":"product_tag","embeddable":true,"href":"https:\/\/www.kalani-home.com\/de\/wp-json\/wp\/v2\/product_tag?post=54580"}],"curies":[{"name":"wp","href":"https:\/\/api.w.org\/{rel}","templated":true}]}}