{"id":54578,"date":"2019-06-14T00:00:00","date_gmt":"2019-06-13T22:00:00","guid":{"rendered":"https:\/\/content.kalani.eu\/shop\/bathrobe\/"},"modified":"2025-04-22T11:06:09","modified_gmt":"2025-04-22T09:06:09","slug":"hotel-bademantel","status":"publish","type":"product","link":"https:\/\/www.kalani-home.com\/de\/shop\/hotel-bademantel\/","title":{"rendered":"Hotel Bademantel"},"content":{"rendered":"<p><strong>Materialien:<\/strong> Frottier in Hotelqualit\u00e4t aus 100% biologisch gek\u00e4mmter Baumwolle, Fairtrade zertifiziert und vegan.<\/p>\n<p><strong>Details:<\/strong><\/p>\n<ul>\n<li>Bademantel mit Schalkragen<\/li>\n<li>Unisex<\/li>\n<li>Einheitsgr\u00f6\u00dfe<\/li>\n<li>100 % GOTS-zertifizierte Baumwolle, r\u00fcckverfolgbar, gentechnikfrei, verwendete Farben sind \u00f6kologisch, gesundheitlich unbedenklich, umweltfreundlich und sch\u00fctzen die biologische Vielfalt<\/li>\n<li>100 % Fairtrade-zertifizierte Baumwolle, mit Respekt gegen\u00fcber der Bauerngemeinschaft<\/li>\n<li>100% Vegan<\/li>\n<li>Ethisch korrekt hergestellt in fairen Fabriken in Indien, in denen die Arbeiter respektvoll behandelt werden<\/li>\n<li>Sorgf\u00e4ltig hergestellt, liebevoll per Hand angefertigt, um den Anforderungen unserer Kunden gerecht zu werden<\/li>\n<li>400 g\/m\u00b2<\/li>\n<li>Gesamtl\u00e4nge: 120 cm<\/li>\n<li>2 Taschen<\/li>\n<li>Abnehmbarer G\u00fcrtel<\/li>\n<\/ul>\n","protected":false},"excerpt":{"rendered":"<p>Erleben Sie einen angenehmen Moment, bequem eingewickelt in Ihrem Bademantel. Alles sch\u00f6n weich wenn Sie aus dem Bad oder der Dusche kommen.<\/p>\n<p>Genie\u00dfen Sie den Stil und Komfort eines Hotels bei Ihnen zu Hause.<\/p>\n<p>Hergestellt aus 100% biologischer und Fairtrade-zertifizierter Baumwolle, ethisch, \u00f6kologisch und vegan.<\/p>\n","protected":false},"featured_media":65953,"comment_status":"open","ping_status":"closed","template":"","meta":{"_acf_changed":false},"product_brand":[],"product_cat":[1440,1437],"product_tag":[],"class_list":{"0":"post-54578","1":"product","2":"type-product","3":"status-publish","4":"has-post-thumbnail","6":"product_cat-bademantel-de","7":"product_cat-badewasche-de","8":"pa_color-snow-white-de","9":"pa_genre-bademantel","10":"pa_material-schwamm-hotel","11":"pa_origin-indien","12":"pa_size-eine-grosse","14":"first","15":"instock","16":"taxable","17":"shipping-taxable","18":"purchasable","19":"product-type-variable","20":"has-default-attributes"},"acf":[],"_links":{"self":[{"href":"https:\/\/www.kalani-home.com\/de\/wp-json\/wp\/v2\/product\/54578","targetHints":{"allow":["GET"]}}],"collection":[{"href":"https:\/\/www.kalani-home.com\/de\/wp-json\/wp\/v2\/product"}],"about":[{"href":"https:\/\/www.kalani-home.com\/de\/wp-json\/wp\/v2\/types\/product"}],"replies":[{"embeddable":true,"href":"https:\/\/www.kalani-home.com\/de\/wp-json\/wp\/v2\/comments?post=54578"}],"wp:featuredmedia":[{"embeddable":true,"href":"https:\/\/www.kalani-home.com\/de\/wp-json\/wp\/v2\/media\/65953"}],"wp:attachment":[{"href":"https:\/\/www.kalani-home.com\/de\/wp-json\/wp\/v2\/media?parent=54578"}],"wp:term":[{"taxonomy":"product_brand","embeddable":true,"href":"https:\/\/www.kalani-home.com\/de\/wp-json\/wp\/v2\/product_brand?post=54578"},{"taxonomy":"product_cat","embeddable":true,"href":"https:\/\/www.kalani-home.com\/de\/wp-json\/wp\/v2\/product_cat?post=54578"},{"taxonomy":"product_tag","embeddable":true,"href":"https:\/\/www.kalani-home.com\/de\/wp-json\/wp\/v2\/product_tag?post=54578"}],"curies":[{"name":"wp","href":"https:\/\/api.w.org\/{rel}","templated":true}]}}