{"id":54576,"date":"2019-06-14T00:00:00","date_gmt":"2019-06-13T22:00:00","guid":{"rendered":"https:\/\/content.kalani.eu\/shop\/plain-face-hand-towel\/"},"modified":"2026-01-30T11:44:43","modified_gmt":"2026-01-30T10:44:43","slug":"hotel-gaestetuch","status":"publish","type":"product","link":"https:\/\/www.kalani-home.com\/de\/shop\/hotel-gaestetuch\/","title":{"rendered":"Hotel G\u00e4stetuch"},"content":{"rendered":"<p><strong>Materialien:<\/strong> Frottier in Hotelqualit\u00e4t aus 100% biologisch gek\u00e4mmter Baumwolle, Fairtrade zertifiziert und vegan.<\/p>\n<p><strong>Details:<\/strong><\/p>\n<ul>\n<li>Gr\u00f6\u00dfe: 30 x 30 cm<\/li>\n<li>100 % GOTS-zertifizierte Baumwolle, r\u00fcckverfolgbar, gentechnikfrei, verwendete Farben sind \u00f6kologisch, gesundheitlich unbedenklich, umweltfreundlich und sch\u00fctzen die biologische Vielfalt<\/li>\n<li>100 % Fairtrade-zertifizierte Baumwolle, mit Respekt gegen\u00fcber der Bauerngemeinschaft<\/li>\n<li>100% Vegan<\/li>\n<li>Ethisch korrekt hergestellt in fairen Fabriken in Indien, in denen die Arbeiter respektvoll behandelt werden<\/li>\n<li>Sorgf\u00e4ltig hergestellt, liebevoll per Hand angefertigt, um den Anforderungen unserer Kunden gerecht zu werden<\/li>\n<li>470 g\/m\u00b2<\/li>\n<\/ul>\n","protected":false},"excerpt":{"rendered":"<p>Vielseitig einsetzbar. Mit diesem praktischen kleinen Handtuch k\u00f6nnen Sie Gesicht und H\u00e4nde sanft trocknen. Es kombiniert ultimative Weichheit mit einer hohen Saugf\u00e4higkeit\u2026. f\u00fcr Ihren Komfort.<\/p>\n<p>Genie\u00dfen Sie endlich Hotelqualit\u00e4t in Ihrem eigenen Bad!<\/p>\n<p>Hergestellt aus 100% biologischer und Fairtrade-zertifizierter Baumwolle, ethisch, \u00f6kologisch und vegan.<\/p>\n","protected":false},"featured_media":66033,"comment_status":"open","ping_status":"closed","template":"","meta":{"_acf_changed":false},"product_brand":[],"product_cat":[1437,1441],"product_tag":[],"class_list":{"0":"post-54576","1":"product","2":"type-product","3":"status-publish","4":"has-post-thumbnail","6":"product_cat-badewasche-de","7":"product_cat-gastetuch-de","8":"pa_color-snow-white-de","9":"pa_genre-gastetuch","10":"pa_material-schwamm-hotel","11":"pa_origin-indien","12":"pa_size-30-x-30-cm-de","14":"first","15":"instock","16":"taxable","17":"shipping-taxable","18":"purchasable","19":"product-type-variable","20":"has-default-attributes"},"acf":[],"_links":{"self":[{"href":"https:\/\/www.kalani-home.com\/de\/wp-json\/wp\/v2\/product\/54576","targetHints":{"allow":["GET"]}}],"collection":[{"href":"https:\/\/www.kalani-home.com\/de\/wp-json\/wp\/v2\/product"}],"about":[{"href":"https:\/\/www.kalani-home.com\/de\/wp-json\/wp\/v2\/types\/product"}],"replies":[{"embeddable":true,"href":"https:\/\/www.kalani-home.com\/de\/wp-json\/wp\/v2\/comments?post=54576"}],"wp:featuredmedia":[{"embeddable":true,"href":"https:\/\/www.kalani-home.com\/de\/wp-json\/wp\/v2\/media\/66033"}],"wp:attachment":[{"href":"https:\/\/www.kalani-home.com\/de\/wp-json\/wp\/v2\/media?parent=54576"}],"wp:term":[{"taxonomy":"product_brand","embeddable":true,"href":"https:\/\/www.kalani-home.com\/de\/wp-json\/wp\/v2\/product_brand?post=54576"},{"taxonomy":"product_cat","embeddable":true,"href":"https:\/\/www.kalani-home.com\/de\/wp-json\/wp\/v2\/product_cat?post=54576"},{"taxonomy":"product_tag","embeddable":true,"href":"https:\/\/www.kalani-home.com\/de\/wp-json\/wp\/v2\/product_tag?post=54576"}],"curies":[{"name":"wp","href":"https:\/\/api.w.org\/{rel}","templated":true}]}}