{"id":54569,"date":"2018-12-24T00:00:00","date_gmt":"2018-12-23T23:00:00","guid":{"rendered":"https:\/\/content.kalani.eu\/shop\/baumwollsatin-bestickter-bettlaken\/"},"modified":"2025-03-26T14:28:19","modified_gmt":"2025-03-26T13:28:19","slug":"baumwollsatin-bestickter-bettlaken","status":"publish","type":"product","link":"https:\/\/www.kalani-home.com\/de\/shop\/baumwollsatin-bestickter-bettlaken\/","title":{"rendered":"Baumwollsatin Bestickter Bettlaken"},"content":{"rendered":"<p><strong>Zusammensetzung:<\/strong> 100 % Baumwollsatin, gewebt aus feinen, langen, gek\u00e4mmten Baumwollf\u00e4den, Bio- und Fairtrade-zertifiziert<\/p>\n<p><strong>Details:<\/strong><\/p>\n<ul>\n<li>Breiter Saum mit Ziernaht am Kopfende, feine, diskrete Stickerei quer \u00fcber den Bettlaken, 10 cm unter dem Kopfende<\/li>\n<li>Perfektes Laken f\u00fcr warme Sommern\u00e4chte oder das ganze Jahr \u00fcber im \u201camerikanischen Stil\u201d mit umgeschlagenem Bettbezug<\/li>\n<li>100 % GOTS-zertifizierte Baumwolle, r\u00fcckverfolgbar, gentechnikfrei, verwendete Farben sind \u00f6kologisch, gesundheitlich unbedenklich, umweltfreundlich und sch\u00fctzen die biologische Vielfalt<\/li>\n<li>100 % Fairtrade-zertifizierte Baumwolle, mit Respekt gegen\u00fcber der Bauerngemeinschaft<\/li>\n<li>Ethisch korrekt hergestellt in fairen Fabriken in Indien, in denen die Arbeiter respektvoll behandelt werden<\/li>\n<li>Sorgf\u00e4ltig hergestellt, liebevoll per Hand angefertigt, um den Anforderungen unserer Kunden gerecht zu werden<\/li>\n<li>Feinster Baumwollsatin, mit einer Fadendichte von 300TC (118-120F\u00e4den\/cm\u00b2) mit einfachem Faden<\/li>\n<li>Zarter, heller Glanz<\/li>\n<li>Wird durch Verwendung und mit jedem Waschgang weicher<\/li>\n<li>B\u00fcgeln nicht erforderlich oder bei niedriger Temperatur b\u00fcgeln<\/li>\n<\/ul>\n","protected":false},"excerpt":{"rendered":"<p>Lassen Sie sich von der seidigen Weichheit verzaubern. Klasse und Luxus treffen aufeinander und machen Ihre N\u00e4chte und Morgen sch\u00f6ner. Genie\u00dfer werden sich in sie verlieben\u2026<\/p>\n<p>Produkt zu 100% aus biologischer, Fairtrade-zertifizierter Baumwolle, ethisch und \u00f6kologisch.<\/p>\n","protected":false},"featured_media":39689,"comment_status":"open","ping_status":"closed","template":"","meta":{"_acf_changed":false},"product_brand":[],"product_cat":[1447,1438],"product_tag":[],"class_list":{"0":"post-54569","1":"product","2":"type-product","3":"status-publish","4":"has-post-thumbnail","6":"product_cat-bettlaken","7":"product_cat-bettwasche","8":"pa_color-snow-white-de","9":"pa_genre-bettlaken","10":"pa_material-baumwollsatin","11":"pa_origin-indien","12":"pa_size-180-x-290-cm-de","13":"pa_size-180-x-310-cm-de","14":"pa_size-250-x-290-cm-de","15":"pa_size-250-x-310-cm-de","16":"pa_size-270-x-290-cm-de","17":"pa_size-270-x-310-cm-de","19":"first","20":"instock","21":"taxable","22":"shipping-taxable","23":"purchasable","24":"product-type-variable","25":"has-default-attributes"},"acf":[],"_links":{"self":[{"href":"https:\/\/www.kalani-home.com\/de\/wp-json\/wp\/v2\/product\/54569","targetHints":{"allow":["GET"]}}],"collection":[{"href":"https:\/\/www.kalani-home.com\/de\/wp-json\/wp\/v2\/product"}],"about":[{"href":"https:\/\/www.kalani-home.com\/de\/wp-json\/wp\/v2\/types\/product"}],"replies":[{"embeddable":true,"href":"https:\/\/www.kalani-home.com\/de\/wp-json\/wp\/v2\/comments?post=54569"}],"wp:featuredmedia":[{"embeddable":true,"href":"https:\/\/www.kalani-home.com\/de\/wp-json\/wp\/v2\/media\/39689"}],"wp:attachment":[{"href":"https:\/\/www.kalani-home.com\/de\/wp-json\/wp\/v2\/media?parent=54569"}],"wp:term":[{"taxonomy":"product_brand","embeddable":true,"href":"https:\/\/www.kalani-home.com\/de\/wp-json\/wp\/v2\/product_brand?post=54569"},{"taxonomy":"product_cat","embeddable":true,"href":"https:\/\/www.kalani-home.com\/de\/wp-json\/wp\/v2\/product_cat?post=54569"},{"taxonomy":"product_tag","embeddable":true,"href":"https:\/\/www.kalani-home.com\/de\/wp-json\/wp\/v2\/product_tag?post=54569"}],"curies":[{"name":"wp","href":"https:\/\/api.w.org\/{rel}","templated":true}]}}