{"id":54564,"date":"2018-12-24T00:00:00","date_gmt":"2018-12-23T23:00:00","guid":{"rendered":"https:\/\/content.kalani.eu\/shop\/baumwolle-premium-jersey-baby-spannbettlaken\/"},"modified":"2026-04-28T10:42:22","modified_gmt":"2026-04-28T08:42:22","slug":"baumwolle-premium-jersey-baby-spannbettlaken","status":"publish","type":"product","link":"https:\/\/www.kalani-home.com\/de\/shop\/baumwolle-premium-jersey-baby-spannbettlaken\/","title":{"rendered":"Baumwolle Premium Jersey Baby Spannbettlaken"},"content":{"rendered":"<p><strong>Zusammensetzung:<\/strong> 100% Baumwolle Premium Jersey, gewebt aus feinen, langen, gek\u00e4mmten Baumwollf\u00e4den, Bio- und Fairtrade-zertifiziert<\/p>\n<p><strong>Details:<\/strong><\/p>\n<ul>\n<li>Einzigartige Anfertigung mit exklusivem Rundumgummi f\u00fcr besseres Anliegen auf der Matratze<\/li>\n<li>Die Tiefe von 15 cm ist f\u00fcr dicke Matratzen geeignet<\/li>\n<li>Erh\u00e4ltlich in 2 L\u00e4ngen: f\u00fcr Matratzen von 120cm L\u00e4nge oder f\u00fcr Matratzen, die \u00fcber 140cm lang sind<\/li>\n<li>100 % GOTS-zertifizierte Baumwolle, r\u00fcckverfolgbar, gentechnikfrei, verwendete Farben sind \u00f6kologisch, gesundheitlich unbedenklich, umweltfreundlich und sch\u00fctzen die biologische Vielfalt<\/li>\n<li>100 % Fairtrade-zertifizierte Baumwolle, mit Respekt gegen\u00fcber der Bauerngemeinschaft<\/li>\n<li>Ethisch korrekt hergestellt in fairen Fabriken in Indien, in denen die Arbeiter respektvoll behandelt werden<\/li>\n<li>Sorgf\u00e4ltig hergestellt, liebevoll per Hand angefertigt, um den Anforderungen unserer Kunden gerecht zu werden<\/li>\n<li>Einfacher Jersey Premium-Strick mit hervorragender mechanischer Elastizit\u00e4t<\/li>\n<li>Etwas gr\u00f6\u00dfer Messungen Ihre Matraze nach der nat\u00fcrlichen Schrumpfung der ersten Wasch passen<\/li>\n<li>B\u00fcgeln nicht notwendig<\/li>\n<\/ul>\n","protected":false},"excerpt":{"rendered":"<p>Lassen Sie sich von der seidigen Weichheit verzaubern. Klasse und Luxus treffen aufeinander und machen Ihre N\u00e4chte und Morgen sch\u00f6ner. Genie\u00dfer werden sich in sie verlieben&#8230;<\/p>\n<p>Produkt zu 100% aus biologischer, Fairtrade-zertifizierter Baumwolle, ethisch und \u00f6kologisch.<\/p>\n","protected":false},"featured_media":296695,"comment_status":"open","ping_status":"closed","template":"","meta":{"_acf_changed":false},"product_brand":[],"product_cat":[1444,1438,1445,3737],"product_tag":[],"class_list":{"0":"post-54564","1":"product","2":"type-product","3":"status-publish","4":"has-post-thumbnail","6":"product_cat-baby-spannbettlaken","7":"product_cat-bettwasche","8":"product_cat-spannbettlaken","9":"product_cat-um-zu-gefallen-de","10":"pa_color-snow-white-de","11":"pa_genre-baby-spannbettlaken","12":"pa_material-baumwolle-premium-jersey","13":"pa_origin-indien","14":"pa_size-60-x-120-x-15-cm-de","15":"pa_size-70-x-140-x-15-cm-de","17":"first","18":"instock","19":"taxable","20":"shipping-taxable","21":"purchasable","22":"product-type-variable","23":"has-default-attributes"},"acf":[],"_links":{"self":[{"href":"https:\/\/www.kalani-home.com\/de\/wp-json\/wp\/v2\/product\/54564","targetHints":{"allow":["GET"]}}],"collection":[{"href":"https:\/\/www.kalani-home.com\/de\/wp-json\/wp\/v2\/product"}],"about":[{"href":"https:\/\/www.kalani-home.com\/de\/wp-json\/wp\/v2\/types\/product"}],"replies":[{"embeddable":true,"href":"https:\/\/www.kalani-home.com\/de\/wp-json\/wp\/v2\/comments?post=54564"}],"wp:featuredmedia":[{"embeddable":true,"href":"https:\/\/www.kalani-home.com\/de\/wp-json\/wp\/v2\/media\/296695"}],"wp:attachment":[{"href":"https:\/\/www.kalani-home.com\/de\/wp-json\/wp\/v2\/media?parent=54564"}],"wp:term":[{"taxonomy":"product_brand","embeddable":true,"href":"https:\/\/www.kalani-home.com\/de\/wp-json\/wp\/v2\/product_brand?post=54564"},{"taxonomy":"product_cat","embeddable":true,"href":"https:\/\/www.kalani-home.com\/de\/wp-json\/wp\/v2\/product_cat?post=54564"},{"taxonomy":"product_tag","embeddable":true,"href":"https:\/\/www.kalani-home.com\/de\/wp-json\/wp\/v2\/product_tag?post=54564"}],"curies":[{"name":"wp","href":"https:\/\/api.w.org\/{rel}","templated":true}]}}