{"id":54551,"date":"2018-12-04T00:00:00","date_gmt":"2018-12-03T23:00:00","guid":{"rendered":"https:\/\/content.kalani.eu\/shop\/baumwollsatin-baby-spannbettlaken\/"},"modified":"2026-04-23T11:42:24","modified_gmt":"2026-04-23T09:42:24","slug":"baumwollsatin-baby-spannbettlaken","status":"publish","type":"product","link":"https:\/\/www.kalani-home.com\/de\/shop\/baumwollsatin-baby-spannbettlaken\/","title":{"rendered":"Baumwollsatin Baby Spannbettlaken"},"content":{"rendered":"<p><strong>Zusammensetzung:<\/strong> 100 % Baumwollsatin, gewebt aus feinen, langen, gek\u00e4mmten Baumwollf\u00e4den, Bio- und Fairtrade-zertifiziert<\/p>\n<p><strong>Details:<\/strong><\/p>\n<ul>\n<li>Einzigartige Anfertigung mit exklusivem Rundumgummi f\u00fcr besseres Anliegen auf der Matratze<\/li>\n<li>Die Tiefe von 15 cm ist f\u00fcr dicke Matratzen geeignet<\/li>\n<li>Erh\u00e4ltlich in 2 L\u00e4ngen: f\u00fcr Matratzen von 120cm L\u00e4nge oder f\u00fcr Matratzen, die \u00fcber 140cm lang sind<\/li>\n<li>100 % GOTS-zertifizierte Baumwolle, r\u00fcckverfolgbar, gentechnikfrei, verwendete Farben sind \u00f6kologisch, gesundheitlich unbedenklich, umweltfreundlich und sch\u00fctzen die biologische Vielfalt<\/li>\n<li>100 % Fairtrade-zertifizierte Baumwolle, mit Respekt gegen\u00fcber der Bauerngemeinschaft<\/li>\n<li>Ethisch korrekt hergestellt in fairen Fabriken in Indien, in denen die Arbeiter respektvoll behandelt werden<\/li>\n<li>Sorgf\u00e4ltig hergestellt, liebevoll per Hand angefertigt, um den Anforderungen unserer Kunden gerecht zu werden<\/li>\n<li>Feinster Baumwollsatin, mit einer Fadendichte von 300TC (118-120F\u00e4den\/cm\u00b2) mit einfachem Faden<\/li>\n<li>Zarter, heller Glanz<\/li>\n<li>Wird durch Verwendung und mit jedem Waschgang weicher<\/li>\n<li>B\u00fcgeln nicht erforderlich oder bei niedriger Temperatur b\u00fcgeln<\/li>\n<\/ul>\n","protected":false},"excerpt":{"rendered":"<p>Lassen Sie sich von der seidigen Weichheit verzaubern. Klasse und Luxus treffen aufeinander und machen Ihre N\u00e4chte und Morgen sch\u00f6ner. Genie\u00dfer werden sich in sie verlieben.<\/p>\n<p>Produkt zu 100% aus biologischer, Fairtrade-zertifizierter Baumwolle, ethisch und \u00f6kologisch.<\/p>\n","protected":false},"featured_media":296536,"comment_status":"open","ping_status":"closed","template":"","meta":{"_acf_changed":false},"product_brand":[],"product_cat":[1444,1438,1445,3737],"product_tag":[],"class_list":{"0":"post-54551","1":"product","2":"type-product","3":"status-publish","4":"has-post-thumbnail","6":"product_cat-baby-spannbettlaken","7":"product_cat-bettwasche","8":"product_cat-spannbettlaken","9":"product_cat-um-zu-gefallen-de","10":"pa_color-kalani-blue-de","11":"pa_color-snow-white-de","12":"pa_color-soft-pink-de","13":"pa_genre-baby-spannbettlaken","14":"pa_material-baumwollsatin","15":"pa_origin-indien","16":"pa_size-60-x-120-x-15-cm-de","17":"pa_size-70-x-140-x-15-cm-de","19":"first","20":"instock","21":"taxable","22":"shipping-taxable","23":"purchasable","24":"product-type-variable","25":"has-default-attributes"},"acf":[],"_links":{"self":[{"href":"https:\/\/www.kalani-home.com\/de\/wp-json\/wp\/v2\/product\/54551","targetHints":{"allow":["GET"]}}],"collection":[{"href":"https:\/\/www.kalani-home.com\/de\/wp-json\/wp\/v2\/product"}],"about":[{"href":"https:\/\/www.kalani-home.com\/de\/wp-json\/wp\/v2\/types\/product"}],"replies":[{"embeddable":true,"href":"https:\/\/www.kalani-home.com\/de\/wp-json\/wp\/v2\/comments?post=54551"}],"wp:featuredmedia":[{"embeddable":true,"href":"https:\/\/www.kalani-home.com\/de\/wp-json\/wp\/v2\/media\/296536"}],"wp:attachment":[{"href":"https:\/\/www.kalani-home.com\/de\/wp-json\/wp\/v2\/media?parent=54551"}],"wp:term":[{"taxonomy":"product_brand","embeddable":true,"href":"https:\/\/www.kalani-home.com\/de\/wp-json\/wp\/v2\/product_brand?post=54551"},{"taxonomy":"product_cat","embeddable":true,"href":"https:\/\/www.kalani-home.com\/de\/wp-json\/wp\/v2\/product_cat?post=54551"},{"taxonomy":"product_tag","embeddable":true,"href":"https:\/\/www.kalani-home.com\/de\/wp-json\/wp\/v2\/product_tag?post=54551"}],"curies":[{"name":"wp","href":"https:\/\/api.w.org\/{rel}","templated":true}]}}