{"id":54516,"date":"2016-07-27T00:00:00","date_gmt":"2016-07-26T22:00:00","guid":{"rendered":"https:\/\/content.kalani.eu\/shop\/baumwolle-premium-jersey-kissenbezug\/"},"modified":"2026-04-08T12:12:07","modified_gmt":"2026-04-08T10:12:07","slug":"baumwolle-premium-jersey-kissenbezug","status":"publish","type":"product","link":"https:\/\/www.kalani-home.com\/de\/shop\/baumwolle-premium-jersey-kissenbezug\/","title":{"rendered":"Baumwolle Premium Jersey Kissenbezug"},"content":{"rendered":"<p><strong>Zusammensetzung:<\/strong> 100% Jersey Premium, gewebt aus feinen, langen, gek\u00e4mmten Baumwollf\u00e4den, Bio- und Fairtrade-zertifiziert<\/p>\n<p><strong>Details:<\/strong><\/p>\n<ul>\n<li>Die \u00d6ffnung mit nat\u00fcrlichen Kn\u00f6pfen aus Kokosnuss hindert Ihre Kissen daran, zu verrutschen<\/li>\n<li>Mehrere Gr\u00f6\u00dfen und Formen erh\u00e4ltlich, um den Ma\u00dfen Ihres Kissens bestm\u00f6glich zu entsprechen<\/li>\n<li>Gr\u00f6\u00dfentipp: W\u00e4hlen Sie f\u00fcr Ihre Kissenbez\u00fcge genau die Gr\u00f6\u00dfe Ihres Kissens oder etwas gr\u00f6\u00dfer, falls erforderlich<\/li>\n<li>100 % GOTS-zertifizierte Baumwolle, r\u00fcckverfolgbar, gentechnikfrei, verwendete Farben sind \u00f6kologisch, gesundheitlich unbedenklich, umweltfreundlich und sch\u00fctzen die biologische Vielfalt<\/li>\n<li> 100 % Fairtrade-zertifizierte Baumwolle, mit Respekt gegen\u00fcber der Bauerngemeinschaft<\/li>\n<li>Ethisch korrekt hergestellt in fairen Fabriken in Indien, in denen die Arbeiter respektvoll behandelt werden<\/li>\n<li>Sorgf\u00e4ltig hergestellt, liebevoll per Hand angefertigt, um den Anforderungen unserer Kunden gerecht zu werden<\/li>\n<li>Einfacher Jersey Premium-Strick mit hervorragender mechanischer Elastizit\u00e4t<\/li>\n<li>Etwas gr\u00f6\u00dfer Messungen Ihre Kissen nack der nat\u00fcrlichen Schrumpfung der ersten Wasch passen<\/li>\n<li>B\u00fcgeln nicht notwendig<\/li>\n<\/ul>\n","protected":false},"excerpt":{"rendered":"<p>Wir sagen JA zum gem\u00fctlichen Faulenzen, eingewickelt in unsere Decken, die sich anf\u00fchlen wie unser Lieblings-Shirt. Diese Weichheit wird sie lange im Bett halten, sehr lange&#8230;<\/p>\n<p>Produkt zu 100% aus biologischer, Fairtrade-zertifizierter Baumwolle, ethisch und \u00f6kologisch.<\/p>\n","protected":false},"featured_media":102295,"comment_status":"open","ping_status":"closed","template":"","meta":{"_acf_changed":false},"product_brand":[],"product_cat":[1438,3719,1448,3734,3731,3725,3722],"product_tag":[],"class_list":{"0":"post-54516","1":"product","2":"type-product","3":"status-publish","4":"has-post-thumbnail","6":"product_cat-bettwasche","7":"product_cat-jahrestag-de","8":"product_cat-kissenbezug","9":"product_cat-muttertag-de","10":"product_cat-niedriger-preis-de","11":"product_cat-vatertag-de","12":"product_cat-weihnachten-de","13":"pa_color-air-blue-de","14":"pa_color-kalani-blue-de","15":"pa_color-lava-grey-de","16":"pa_color-light-grey-melange-de","17":"pa_color-midnight-blue-de","18":"pa_color-powder-pink-de","19":"pa_color-snow-white-de","20":"pa_color-soft-pink-de","21":"pa_color-stone-grey-de","22":"pa_genre-kissenbezug","23":"pa_material-baumwolle-premium-jersey","24":"pa_origin-indien","25":"pa_size-30-x-50-cm-de","26":"pa_size-40-x-60-cm-de","27":"pa_size-50-x-60-cm-de","28":"pa_size-50-x-75-cm-de","29":"pa_size-50-x-80-cm-de","30":"pa_size-50-x-90-cm-de","31":"pa_size-60-x-70-cm-de","32":"pa_size-65-x-65-cm-de","33":"pa_size-80-x-80-cm-de","35":"first","36":"instock","37":"taxable","38":"shipping-taxable","39":"purchasable","40":"product-type-variable","41":"has-default-attributes"},"acf":[],"_links":{"self":[{"href":"https:\/\/www.kalani-home.com\/de\/wp-json\/wp\/v2\/product\/54516","targetHints":{"allow":["GET"]}}],"collection":[{"href":"https:\/\/www.kalani-home.com\/de\/wp-json\/wp\/v2\/product"}],"about":[{"href":"https:\/\/www.kalani-home.com\/de\/wp-json\/wp\/v2\/types\/product"}],"replies":[{"embeddable":true,"href":"https:\/\/www.kalani-home.com\/de\/wp-json\/wp\/v2\/comments?post=54516"}],"wp:featuredmedia":[{"embeddable":true,"href":"https:\/\/www.kalani-home.com\/de\/wp-json\/wp\/v2\/media\/102295"}],"wp:attachment":[{"href":"https:\/\/www.kalani-home.com\/de\/wp-json\/wp\/v2\/media?parent=54516"}],"wp:term":[{"taxonomy":"product_brand","embeddable":true,"href":"https:\/\/www.kalani-home.com\/de\/wp-json\/wp\/v2\/product_brand?post=54516"},{"taxonomy":"product_cat","embeddable":true,"href":"https:\/\/www.kalani-home.com\/de\/wp-json\/wp\/v2\/product_cat?post=54516"},{"taxonomy":"product_tag","embeddable":true,"href":"https:\/\/www.kalani-home.com\/de\/wp-json\/wp\/v2\/product_tag?post=54516"}],"curies":[{"name":"wp","href":"https:\/\/api.w.org\/{rel}","templated":true}]}}