{"id":54315,"date":"2016-07-27T00:00:00","date_gmt":"2016-07-26T22:00:00","guid":{"rendered":"https:\/\/content.kalani.eu\/shop\/perkal-baumwolle-spannbettlaken\/"},"modified":"2026-04-26T15:46:28","modified_gmt":"2026-04-26T13:46:28","slug":"perkal-baumwolle-spannbettlaken","status":"publish","type":"product","link":"https:\/\/www.kalani-home.com\/de\/shop\/perkal-baumwolle-spannbettlaken\/","title":{"rendered":"Perkal-Baumwolle Spannbettlaken"},"content":{"rendered":"<p><strong>Zusammensetzung<\/strong>: 100% Perkal, gewebt aus feinen, langen, gek\u00e4mmten Baumwollf\u00e4den, Bio- und Fairtrade-zertifiziert<\/p>\n<p><strong>Details:<\/strong><\/p>\n<ul>\n<li>Einzigartige Anfertigung mit exklusivem Rundumgummi f\u00fcr besseres Anliegen auf der Matratze<\/li>\n<li>3 Becherh\u00f6hen:\n<ul>\n<li>30 cm hohe Schalen f\u00fcr Standardmatratzen<\/li>\n<li>40 cm tiefe Becher f\u00fcr tiefe Matratzen<\/li>\n<li>10 cm hohe Becher nur f\u00fcr Matratzenauflagen<\/li>\n<\/ul>\n<\/li>\n<li>Erh\u00e4ltlich in 3 L\u00e4ngen: f\u00fcr Matratzen von 2 m L\u00e4nge oder f\u00fcr Matratzen, die \u00fcber 2,2 m lang sind<\/li>\n<li>100 % GOTS-zertifizierte Baumwolle, r\u00fcckverfolgbar, gentechnikfrei, verwendete Farben sind \u00f6kologisch, gesundheitlich unbedenklich, umweltfreundlich und sch\u00fctzen die biologische Vielfalt<\/li>\n<li>100 % Fairtrade-zertifizierte Baumwolle, mit Respekt gegen\u00fcber der Bauerngemeinschaft<\/li>\n<li>Ethisch korrekt hergestellt in fairen Fabriken in Indien, in denen die Arbeiter respektvoll behandelt werden<\/li>\n<li>Sorgf\u00e4ltig hergestellt, liebevoll per Hand angefertigt, um den Anforderungen unserer Kunden gerecht zu werden<\/li>\n<li>Feinster Perkal, mit einer Fadendichte von 300TC (118-120F\u00e4den\/cm\u00b2) mit einfachem Faden<\/li>\n<li>Wird durch Verwendung und mit jedem Waschgang weicher<\/li>\n<li>Nicht b\u00fcgeln, um einen \u201ecoolen Knitterlook\u201c zu erzielen oder b\u00fcgeln f\u00fcr stilechten Hotel-Look<\/li>\n<\/ul>\n","protected":false},"excerpt":{"rendered":"<p>Und wenn man jede Nacht so schlafen w\u00fcrde, wie im Hotel? Ein Gef\u00fchl von \u201cFrische, perfekte Gl\u00e4tte durch B\u00fcgeln\u201d oder stylisher \u201cKnitterlook im ungeb\u00fcgelten Zustand\u201d\u2026 Tr\u00e4umer reisen von nun an auch zuhause und Reisende tr\u00e4umen davon, zu ihrem Bett zur\u00fcckzukehren!<\/p>\n<p>Produkt zu 100% aus biologischer, Fairtrade-zertifizierter Baumwolle, ethisch und \u00f6kologisch.<\/p>\n","protected":false},"featured_media":96584,"comment_status":"open","ping_status":"closed","template":"","meta":{"_acf_changed":false},"product_brand":[],"product_cat":[1438,1445],"product_tag":[],"class_list":{"0":"post-54315","1":"product","2":"type-product","3":"status-publish","4":"has-post-thumbnail","6":"product_cat-bettwasche","7":"product_cat-spannbettlaken","8":"pa_color-air-blue-de","9":"pa_color-lava-grey-de","10":"pa_color-midnight-blue-de","11":"pa_color-snow-white-de","12":"pa_color-stone-grey-de","13":"pa_color-taupe-de","14":"pa_genre-spannbettlaken","15":"pa_material-perkal-baumwolle","16":"pa_origin-indien","17":"pa_size-100-x-200-x-30-cm-de","18":"pa_size-140-x-190-x-30-cm-de","19":"pa_size-140-x-200-x-10-cm-de","20":"pa_size-140-x-200-x-30-cm-de","21":"pa_size-140-x-220-x-30-cm-de","22":"pa_size-160-x-200-x-10-cm-de","23":"pa_size-160-x-200-x-30-cm-de","24":"pa_size-160-x-200-x-40-cm-de","25":"pa_size-160-x-210-x-30-cm-de","26":"pa_size-160-x-220-x-30-cm-de","27":"pa_size-180-x-200-x-10-cm-de","28":"pa_size-180-x-200-x-30-cm-de","29":"pa_size-180-x-200-x-40-cm-de","30":"pa_size-180-x-210-x-10-cm-de","31":"pa_size-180-x-210-x-30-cm-de","32":"pa_size-180-x-220-x-30-cm-de","33":"pa_size-200-x-200-x-10-cm-de","34":"pa_size-200-x-200-x-30-cm-de","35":"pa_size-200-x-200-x-40-cm-de","36":"pa_size-200-x-210-x-30-cm-de","37":"pa_size-200-x-220-x-30-cm-de","38":"pa_size-80-x-200-x-30-cm-de","39":"pa_size-90-x-200-x-30-cm-de","40":"pa_size-90-x-210-x-30-cm-de","41":"pa_size-90-x-220-x-30-cm-de","43":"first","44":"instock","45":"taxable","46":"shipping-taxable","47":"purchasable","48":"product-type-variable","49":"has-default-attributes"},"acf":[],"_links":{"self":[{"href":"https:\/\/www.kalani-home.com\/de\/wp-json\/wp\/v2\/product\/54315","targetHints":{"allow":["GET"]}}],"collection":[{"href":"https:\/\/www.kalani-home.com\/de\/wp-json\/wp\/v2\/product"}],"about":[{"href":"https:\/\/www.kalani-home.com\/de\/wp-json\/wp\/v2\/types\/product"}],"replies":[{"embeddable":true,"href":"https:\/\/www.kalani-home.com\/de\/wp-json\/wp\/v2\/comments?post=54315"}],"wp:featuredmedia":[{"embeddable":true,"href":"https:\/\/www.kalani-home.com\/de\/wp-json\/wp\/v2\/media\/96584"}],"wp:attachment":[{"href":"https:\/\/www.kalani-home.com\/de\/wp-json\/wp\/v2\/media?parent=54315"}],"wp:term":[{"taxonomy":"product_brand","embeddable":true,"href":"https:\/\/www.kalani-home.com\/de\/wp-json\/wp\/v2\/product_brand?post=54315"},{"taxonomy":"product_cat","embeddable":true,"href":"https:\/\/www.kalani-home.com\/de\/wp-json\/wp\/v2\/product_cat?post=54315"},{"taxonomy":"product_tag","embeddable":true,"href":"https:\/\/www.kalani-home.com\/de\/wp-json\/wp\/v2\/product_tag?post=54315"}],"curies":[{"name":"wp","href":"https:\/\/api.w.org\/{rel}","templated":true}]}}