{"id":54278,"date":"2016-07-26T00:00:00","date_gmt":"2016-07-25T22:00:00","guid":{"rendered":"https:\/\/content.kalani.eu\/shop\/baumwollsatin-bettlaken\/"},"modified":"2026-04-23T11:53:30","modified_gmt":"2026-04-23T09:53:30","slug":"baumwollsatin-bettlaken","status":"publish","type":"product","link":"https:\/\/www.kalani-home.com\/de\/shop\/baumwollsatin-bettlaken\/","title":{"rendered":"Baumwollsatin Bettlaken"},"content":{"rendered":"<p><strong>Zusammensetzung:<\/strong> 100 % Baumwollsatin, gewebt aus feinen, langen, gek\u00e4mmten Baumwollf\u00e4den, Bio- und Fairtrade-zertifiziert<\/p>\n<p><strong>Details:<\/strong><\/p>\n<ul>\n<li>Breiter Saum mit Ziernaht am Kopfende<\/li>\n<li>Perfektes Laken f\u00fcr warme Sommern\u00e4chte oder das ganze Jahr \u00fcber im \u201camerikanischen Stil\u201d mit umgeschlagenem Bettbezug<\/li>\n<li>100 % GOTS-zertifizierte Baumwolle, r\u00fcckverfolgbar, gentechnikfrei, verwendete Farben sind \u00f6kologisch, gesundheitlich unbedenklich, umweltfreundlich und sch\u00fctzen die biologische Vielfalt<\/li>\n<li>100 % Fairtrade-zertifizierte Baumwolle, mit Respekt gegen\u00fcber der Bauerngemeinschaft<\/li>\n<li>Ethisch korrekt hergestellt in fairen Fabriken in Indien, in denen die Arbeiter respektvoll behandelt werden<\/li>\n<li>Sorgf\u00e4ltig hergestellt, liebevoll per Hand angefertigt, um den Anforderungen unserer Kunden gerecht zu werden<\/li>\n<li>Feinster Baumwollsatin, mit einer Fadendichte von 300TC (118-120F\u00e4den\/cm\u00b2) mit einfachem Faden<\/li>\n<li>Zarter, heller Glanz<\/li>\n<li>Wird durch Verwendung und mit jedem Waschgang weicher<\/li>\n<li>B\u00fcgeln nicht erforderlich oder bei niedriger Temperatur b\u00fcgeln<\/li>\n<\/ul>\n","protected":false},"excerpt":{"rendered":"<p>Lassen Sie sich von der seidigen Weichheit verzaubern. Klasse und Luxus treffen aufeinander und machen Ihre N\u00e4chte und Morgen sch\u00f6ner. Genie\u00dfer werden sich in sie verlieben\u2026<\/p>\n<p>Produkt zu 100% aus biologischer, Fairtrade-zertifizierter Baumwolle, ethisch und \u00f6kologisch.<\/p>\n","protected":false},"featured_media":296571,"comment_status":"open","ping_status":"closed","template":"","meta":{"_acf_changed":false},"product_brand":[],"product_cat":[1447,1438],"product_tag":[],"class_list":{"0":"post-54278","1":"product","2":"type-product","3":"status-publish","4":"has-post-thumbnail","6":"product_cat-bettlaken","7":"product_cat-bettwasche","8":"pa_color-air-blue-de","9":"pa_color-anthracite-de","10":"pa_color-forest-de","11":"pa_color-ivory-de","12":"pa_color-kalani-blue-de","13":"pa_color-lilac-de","14":"pa_color-midnight-blue-de","15":"pa_color-sage-de","16":"pa_color-sand-de","17":"pa_color-small-grey-dots-de","18":"pa_color-snow-white-de","19":"pa_color-soft-pink-de","20":"pa_color-stone-grey-de","21":"pa_color-taupe-de","22":"pa_color-terracotta-de","23":"pa_genre-bettlaken","24":"pa_material-baumwollsatin","25":"pa_origin-indien","26":"pa_size-180-x-290-cm-de","27":"pa_size-180-x-310-cm-de","28":"pa_size-250-x-290-cm-de","29":"pa_size-250-x-310-cm-de","30":"pa_size-270-x-290-cm-de","31":"pa_size-270-x-310-cm-de","33":"first","34":"instock","35":"taxable","36":"shipping-taxable","37":"purchasable","38":"product-type-variable","39":"has-default-attributes"},"acf":[],"_links":{"self":[{"href":"https:\/\/www.kalani-home.com\/de\/wp-json\/wp\/v2\/product\/54278","targetHints":{"allow":["GET"]}}],"collection":[{"href":"https:\/\/www.kalani-home.com\/de\/wp-json\/wp\/v2\/product"}],"about":[{"href":"https:\/\/www.kalani-home.com\/de\/wp-json\/wp\/v2\/types\/product"}],"replies":[{"embeddable":true,"href":"https:\/\/www.kalani-home.com\/de\/wp-json\/wp\/v2\/comments?post=54278"}],"wp:featuredmedia":[{"embeddable":true,"href":"https:\/\/www.kalani-home.com\/de\/wp-json\/wp\/v2\/media\/296571"}],"wp:attachment":[{"href":"https:\/\/www.kalani-home.com\/de\/wp-json\/wp\/v2\/media?parent=54278"}],"wp:term":[{"taxonomy":"product_brand","embeddable":true,"href":"https:\/\/www.kalani-home.com\/de\/wp-json\/wp\/v2\/product_brand?post=54278"},{"taxonomy":"product_cat","embeddable":true,"href":"https:\/\/www.kalani-home.com\/de\/wp-json\/wp\/v2\/product_cat?post=54278"},{"taxonomy":"product_tag","embeddable":true,"href":"https:\/\/www.kalani-home.com\/de\/wp-json\/wp\/v2\/product_tag?post=54278"}],"curies":[{"name":"wp","href":"https:\/\/api.w.org\/{rel}","templated":true}]}}