{"id":54043,"date":"2016-07-26T00:00:00","date_gmt":"2016-07-25T22:00:00","guid":{"rendered":"https:\/\/content.kalani.eu\/shop\/baumwollsatin-spannbettlaken\/"},"modified":"2026-03-27T13:20:18","modified_gmt":"2026-03-27T12:20:18","slug":"baumwollsatin-spannbettlaken","status":"publish","type":"product","link":"https:\/\/www.kalani-home.com\/de\/shop\/baumwollsatin-spannbettlaken\/","title":{"rendered":"Baumwollsatin Spannbettlaken"},"content":{"rendered":"<p><strong>Zusammensetzung:<\/strong> 100 % Baumwollsatin, gewebt aus feinen, langen, gek\u00e4mmten Baumwollf\u00e4den, Bio- und Fairtrade-zertifiziert<\/p>\n<p><strong>Details:<\/strong><\/p>\n<ul>\n<li>Einzigartige Anfertigung mit exklusivem Rundumgummi f\u00fcr besseres Anliegen auf der Matratze<\/li>\n<li>3 Becherh\u00f6hen:\n<ul>\n<li>30 cm hohe Schalen f\u00fcr Standardmatratzen<\/li>\n<li>40 cm tiefe Becher f\u00fcr tiefe Matratzen<\/li>\n<li>10 cm hohe Becher nur f\u00fcr Matratzenauflagen<\/li>\n<\/ul>\n<\/li>\n<li>Erh\u00e4ltlich in 3 L\u00e4ngen: f\u00fcr Matratzen von 2 m L\u00e4nge oder f\u00fcr Matratzen, die \u00fcber 2,2 m lang sind<\/li>\n<li>100 % GOTS-zertifizierte Baumwolle, r\u00fcckverfolgbar, gentechnikfrei, verwendete Farben sind \u00f6kologisch, gesundheitlich unbedenklich, umweltfreundlich und sch\u00fctzen die biologische Vielfalt<\/li>\n<li>100 % Fairtrade-zertifizierte Baumwolle, mit Respekt gegen\u00fcber der Bauerngemeinschaft<\/li>\n<li>Ethisch korrekt hergestellt in fairen Fabriken in Indien, in denen die Arbeiter respektvoll behandelt werden<\/li>\n<li>Sorgf\u00e4ltig hergestellt, liebevoll per Hand angefertigt, um den Anforderungen unserer Kunden gerecht zu werden<\/li>\n<li>Feinster Baumwollsatin, mit einer Fadendichte von 300TC (118-120F\u00e4den\/cm\u00b2) mit einfachem Faden<\/li>\n<li>Zarter, heller Glanz<\/li>\n<li>Wird durch Verwendung und mit jedem Waschgang weicher<\/li>\n<li>B\u00fcgeln nicht erforderlich oder bei niedriger Temperatur b\u00fcgeln<\/li>\n<\/ul>\n","protected":false},"excerpt":{"rendered":"<p>Lassen Sie sich von der seidigen Weichheit verzaubern. Klasse und Luxus treffen aufeinander und machen Ihre N\u00e4chte und Morgen sch\u00f6ner. Genie\u00dfer werden sich in sie verlieben\u2026<\/p>\n<p>Produkt zu 100% aus biologischer, Fairtrade-zertifizierter Baumwolle, ethisch und \u00f6kologisch.<\/p>\n","protected":false},"featured_media":39437,"comment_status":"open","ping_status":"closed","template":"","meta":{"_acf_changed":false},"product_brand":[],"product_cat":[1438,1445],"product_tag":[],"class_list":{"0":"post-54043","1":"product","2":"type-product","3":"status-publish","4":"has-post-thumbnail","6":"product_cat-bettwasche","7":"product_cat-spannbettlaken","8":"pa_color-air-blue-de","9":"pa_color-anthracite-de","10":"pa_color-forest-de","11":"pa_color-ivory-de","12":"pa_color-kalani-blue-de","13":"pa_color-lilac-de","14":"pa_color-midnight-blue-de","15":"pa_color-sage-de","16":"pa_color-sand-de","17":"pa_color-snow-white-de","18":"pa_color-soft-pink-de","19":"pa_color-stone-grey-de","20":"pa_color-taupe-de","21":"pa_color-terracotta-de","22":"pa_genre-spannbettlaken","23":"pa_material-baumwollsatin","24":"pa_origin-indien","25":"pa_size-100-x-200-x-30-cm-de","26":"pa_size-120-x-200-x-30-cm-de","27":"pa_size-140-x-190-x-30-cm-de","28":"pa_size-140-x-200-x-10-cm-de","29":"pa_size-140-x-200-x-30-cm-de","30":"pa_size-140-x-220-x-30-cm-de","31":"pa_size-160-x-200-x-10-cm-de","32":"pa_size-160-x-200-x-30-cm-de","33":"pa_size-160-x-200-x-40-cm-de","34":"pa_size-160-x-210-x-30-cm-de","35":"pa_size-160-x-220-x-30-cm-de","36":"pa_size-180-x-200-x-10-cm-de","37":"pa_size-180-x-200-x-30-cm-de","38":"pa_size-180-x-200-x-40-cm-de","39":"pa_size-180-x-210-x-10-cm-de","40":"pa_size-180-x-210-x-30-cm-de","41":"pa_size-180-x-220-x-30-cm-de","42":"pa_size-2-x-80-x-200-x-30-gelenkige-h-formige-matratze","43":"pa_size-2-x-80-x-210-x-30-gelenkige-h-formige-matratze","44":"pa_size-2-x-90-x-200-x-30-gelenkige-h-formige-matratze","45":"pa_size-2-x-90-x-210-x-30-gelenkige-h-formige-matratze","46":"pa_size-200-x-200-x-10-cm-de","47":"pa_size-200-x-200-x-30-cm-de","48":"pa_size-200-x-200-x-40-cm-de","49":"pa_size-200-x-210-x-30-cm-de","50":"pa_size-200-x-220-x-30-cm-de","51":"pa_size-80-x-200-x-30-cm-de","52":"pa_size-90-x-200-x-30-cm-de","53":"pa_size-90-x-210-x-30-cm-de","54":"pa_size-90-x-220-x-30-cm-de","56":"first","57":"instock","58":"sale","59":"taxable","60":"shipping-taxable","61":"purchasable","62":"product-type-variable","63":"has-default-attributes"},"acf":[],"_links":{"self":[{"href":"https:\/\/www.kalani-home.com\/de\/wp-json\/wp\/v2\/product\/54043","targetHints":{"allow":["GET"]}}],"collection":[{"href":"https:\/\/www.kalani-home.com\/de\/wp-json\/wp\/v2\/product"}],"about":[{"href":"https:\/\/www.kalani-home.com\/de\/wp-json\/wp\/v2\/types\/product"}],"replies":[{"embeddable":true,"href":"https:\/\/www.kalani-home.com\/de\/wp-json\/wp\/v2\/comments?post=54043"}],"wp:featuredmedia":[{"embeddable":true,"href":"https:\/\/www.kalani-home.com\/de\/wp-json\/wp\/v2\/media\/39437"}],"wp:attachment":[{"href":"https:\/\/www.kalani-home.com\/de\/wp-json\/wp\/v2\/media?parent=54043"}],"wp:term":[{"taxonomy":"product_brand","embeddable":true,"href":"https:\/\/www.kalani-home.com\/de\/wp-json\/wp\/v2\/product_brand?post=54043"},{"taxonomy":"product_cat","embeddable":true,"href":"https:\/\/www.kalani-home.com\/de\/wp-json\/wp\/v2\/product_cat?post=54043"},{"taxonomy":"product_tag","embeddable":true,"href":"https:\/\/www.kalani-home.com\/de\/wp-json\/wp\/v2\/product_tag?post=54043"}],"curies":[{"name":"wp","href":"https:\/\/api.w.org\/{rel}","templated":true}]}}