{"id":53993,"date":"2016-07-26T00:00:00","date_gmt":"2016-07-25T22:00:00","guid":{"rendered":"https:\/\/content.kalani.eu\/shop\/perkal-baumwolle-bettbezug\/"},"modified":"2026-04-26T15:46:27","modified_gmt":"2026-04-26T13:46:27","slug":"perkal-baumwolle-bettbezug","status":"publish","type":"product","link":"https:\/\/www.kalani-home.com\/de\/shop\/perkal-baumwolle-bettbezug\/","title":{"rendered":"Perkal-Baumwolle Bettbezug"},"content":{"rendered":"<p><span data-mce-type=\"bookmark\" style=\"display: inline-block; width: 0px; overflow: hidden; line-height: 0;\" class=\"mce_SELRES_start\">\ufeff<\/span><strong>Zusammensetzung<\/strong>: 100% Perkal, gewebt aus feinen, langen, gek\u00e4mmten Baumwollf\u00e4den, Bio- und Fairtrade-zertifiziert<\/p>\n<p><strong>Details:<\/strong><\/p>\n<ul>\n<li>Der Flaschenhals-Verschluss sorgt daf\u00fcr, dass Ihre Decke nicht verrutscht und erm\u00f6glicht das Befestigen des \u00dcberzugs unter der Matratze<\/li>\n<li>Verpackt in einer eleganten und sch\u00f6nen wiederverwendbaren Baumwolltasche<\/li>\n<li>100 % GOTS-zertifizierte Baumwolle, r\u00fcckverfolgbar, gentechnikfrei, verwendete Farben sind \u00f6kologisch, gesundheitlich unbedenklich, umweltfreundlich und sch\u00fctzen die biologische Vielfalt<\/li>\n<li>100 % Fairtrade-zertifizierte Baumwolle, mit Respekt gegen\u00fcber der Bauerngemeinschaft<\/li>\n<li>Ethisch korrekt hergestellt in fairen Fabriken in Indien, in denen die Arbeiter respektvoll behandelt werden<\/li>\n<li>Sorgf\u00e4ltig hergestellt, liebevoll per Hand angefertigt, um den Anforderungen unserer Kunden gerecht zu werden<\/li>\n<li>Feinster Perkal, mit einer Fadendichte von 300TC (118-120F\u00e4den\/cm\u00b2) mit einfachem Faden<\/li>\n<li>Wird durch Verwendung und mit jedem Waschgang weicher<\/li>\n<li>Nicht b\u00fcgeln, um einen \u201ecoolen Knitterlook\u201c zu erzielen oder b\u00fcgeln f\u00fcr stilechten Hotel-Look<\/li>\n<li>Gr\u00f6\u00dfentipp: W\u00e4hlen Sie f\u00fcr Ihren Bettbezug genau die gleiche Gr\u00f6\u00dfe wie Ihr Kissen oder etwas kleiner, um einen volleren Effekt zu erzielen<\/li>\n<\/ul>\n<p class=\"kalani-green\">Die Bettbez\u00fcge von Kalani werden separat ohne Kissenbez\u00fcge angeboten, damit Sie die Anzahl der Kissenbez\u00fcge sowie Farbe und Ma\u00dfe nach Ihren Bed\u00fcrfnissen selbst w\u00e4hlen k\u00f6nnen. F\u00fcr ein bestm\u00f6gliches Schlaferlebnis empfehlen wir, diese Bettw\u00e4sche zusammen mit Kissenbez\u00fcgen und Spannbettlaken aus dem selben Material zu kaufen.<\/p>\n","protected":false},"excerpt":{"rendered":"<p>Und wenn man jede Nacht so schlafen w\u00fcrde, wie im Hotel? Ein Gef\u00fchl von Frische, perfekte Gl\u00e4tte durch B\u00fcgeln oder stylisher Knitterlook im ungeb\u00fcgelten Zustand\u2026 Tr\u00e4umer reisen von nun an auch zuhause und Reisende tr\u00e4umen davon, zu ihrem Bett zur\u00fcckzukehren!<\/p>\n<p class=\"kalani-green\">Die Kissenbez\u00fcge m\u00fcssen extra bestellt werden, damit Sie Ma\u00dfe und Farben selbst ausw\u00e4hlen k\u00f6nnen.<\/p>\n<p>Produkt zu 100% aus biologischer, Fairtrade-zertifizierter Baumwolle, ethisch und \u00f6kologisch.<\/p>\n","protected":false},"featured_media":98009,"comment_status":"open","ping_status":"closed","template":"","meta":{"_acf_changed":false},"product_brand":[],"product_cat":[1446,1438],"product_tag":[],"class_list":{"0":"post-53993","1":"product","2":"type-product","3":"status-publish","4":"has-post-thumbnail","6":"product_cat-bettbezug","7":"product_cat-bettwasche","8":"pa_color-air-blue-de","9":"pa_color-lava-grey-de","10":"pa_color-midnight-blue-de","11":"pa_color-snow-white-de","12":"pa_color-stone-grey-de","13":"pa_color-taupe-de","14":"pa_genre-bettbezug","15":"pa_material-perkal-baumwolle","16":"pa_origin-indien","17":"pa_size-140-x-200-cm-de","18":"pa_size-140-x-220-cm-de","19":"pa_size-155-x-220-cm-de","20":"pa_size-200-x-200-cm-de","21":"pa_size-200-x-220-cm-de","22":"pa_size-240-x-220-cm-de","23":"pa_size-260-x-220-cm-de","24":"pa_size-260-x-240-cm-de","25":"pa_size-280-x-240-cm-de","27":"first","28":"instock","29":"taxable","30":"shipping-taxable","31":"purchasable","32":"product-type-variable","33":"has-default-attributes"},"acf":[],"_links":{"self":[{"href":"https:\/\/www.kalani-home.com\/de\/wp-json\/wp\/v2\/product\/53993","targetHints":{"allow":["GET"]}}],"collection":[{"href":"https:\/\/www.kalani-home.com\/de\/wp-json\/wp\/v2\/product"}],"about":[{"href":"https:\/\/www.kalani-home.com\/de\/wp-json\/wp\/v2\/types\/product"}],"replies":[{"embeddable":true,"href":"https:\/\/www.kalani-home.com\/de\/wp-json\/wp\/v2\/comments?post=53993"}],"wp:featuredmedia":[{"embeddable":true,"href":"https:\/\/www.kalani-home.com\/de\/wp-json\/wp\/v2\/media\/98009"}],"wp:attachment":[{"href":"https:\/\/www.kalani-home.com\/de\/wp-json\/wp\/v2\/media?parent=53993"}],"wp:term":[{"taxonomy":"product_brand","embeddable":true,"href":"https:\/\/www.kalani-home.com\/de\/wp-json\/wp\/v2\/product_brand?post=53993"},{"taxonomy":"product_cat","embeddable":true,"href":"https:\/\/www.kalani-home.com\/de\/wp-json\/wp\/v2\/product_cat?post=53993"},{"taxonomy":"product_tag","embeddable":true,"href":"https:\/\/www.kalani-home.com\/de\/wp-json\/wp\/v2\/product_tag?post=53993"}],"curies":[{"name":"wp","href":"https:\/\/api.w.org\/{rel}","templated":true}]}}