{"id":53862,"date":"2016-07-25T00:00:00","date_gmt":"2016-07-24T22:00:00","guid":{"rendered":"https:\/\/content.kalani.eu\/shop\/baumwollsatin-bestickter-bettbezug\/"},"modified":"2025-07-01T11:43:29","modified_gmt":"2025-07-01T09:43:29","slug":"baumwollsatin-bestickter-bettbezug","status":"publish","type":"product","link":"https:\/\/www.kalani-home.com\/de\/shop\/baumwollsatin-bestickter-bettbezug\/","title":{"rendered":"Baumwollsatin Bestickter Bettbezug"},"content":{"rendered":"<p><strong>Zusammensetzung:<\/strong> 100 % Baumwollsatin, gewebt aus feinen, langen, gek\u00e4mmten Baumwollf\u00e4den, Bio- und Fairtrade-zertifiziert<\/p>\n<p><strong>Details:<\/strong><\/p>\n<ul>\n<li>Feine, diskrete Stickerei quer \u00fcber den Bettbezug, 20 cm unter dem Kopfende<\/li>\n<li>Der Flaschenhals-Verschluss sorgt daf\u00fcr, dass Ihre Decke nicht verrutscht und erm\u00f6glicht das Befestigen des \u00dcberzugs unter der Matratze<\/li>\n<li>Verpackt in einer eleganten und sch\u00f6nen wiederverwendbaren Baumwolltasche<\/li>\n<li>100 % GOTS-zertifizierte Baumwolle, r\u00fcckverfolgbar, gentechnikfrei, verwendete Farben sind \u00f6kologisch, gesundheitlich unbedenklich, umweltfreundlich und sch\u00fctzen die biologische Vielfalt<\/li>\n<li>100 % Fairtrade-zertifizierte Baumwolle, mit Respekt gegen\u00fcber der Bauerngemeinschaft<\/li>\n<li>Ethisch korrekt hergestellt in fairen Fabriken in Indien, in denen die Arbeiter respektvoll behandelt werden<\/li>\n<li>Sorgf\u00e4ltig hergestellt, liebevoll per Hand angefertigt, um den Anforderungen unserer Kunden gerecht zu werden<\/li>\n<li>Feinster Baumwollsatin, mit einer Fadendichte von 300 TC mit einfachem Faden<\/li>\n<li>Zarter, heller Glanz<\/li>\n<li>Wird durch Verwendung und mit jedem Waschgang weicher<\/li>\n<li>B\u00fcgeln nicht erforderlich oder bei niedriger Temperatur b\u00fcgeln<\/li>\n<li>Gr\u00f6\u00dfentipp: W\u00e4hlen Sie f\u00fcr Ihren Bettbezug genau die gleiche Gr\u00f6\u00dfe wie Ihr Kissen oder etwas kleiner, um einen volleren Effekt zu erzielen<!-- notionvc: 981c5e8e-a53e-4f42-9cc9-ac4cd4351e86 --><\/li>\n<\/ul>\n<p class=\"kalani-green\">Die Bettbez\u00fcge von Kalani werden separat ohne Kissenbez\u00fcge angeboten, damit Sie die Anzahl der Kissenbez\u00fcge sowie Farbe und Ma\u00dfe nach Ihren Bed\u00fcrfnissen selbst w\u00e4hlen k\u00f6nnen. F\u00fcr ein bestm\u00f6gliches Schlaferlebnis empfehlen wir, diese Bettw\u00e4sche zusammen mit Kissenbez\u00fcgen und Spannbettlaken aus dem selben Material zu kaufen.<\/p>\n","protected":false},"excerpt":{"rendered":"<p>Seidige Weichheit, Komfort und edle Details warten auf Sie. Wir lieben die feinen Stickereien, die Ihrem Schlafzimmer zauberhaften Charme verleihen, ohne dabei aufdringlich zu wirken.<\/p>\n<p class=\"kalani-green\">Die Kissenbez\u00fcge m\u00fcssen extra bestellt werden, damit Sie Ma\u00dfe und Farben selbst ausw\u00e4hlen k\u00f6nnen.<\/p>\n<p>Produkt zu 100% aus biologischer, Fairtrade-zertifizierter Baumwolle, ethisch und \u00f6kologisch.<\/p>\n","protected":false},"featured_media":39744,"comment_status":"open","ping_status":"closed","template":"","meta":{"_acf_changed":false},"product_brand":[],"product_cat":[1446,1438],"product_tag":[],"class_list":{"0":"post-53862","1":"product","2":"type-product","3":"status-publish","4":"has-post-thumbnail","6":"product_cat-bettbezug","7":"product_cat-bettwasche","8":"pa_color-snow-white-de","9":"pa_genre-bettbezug","10":"pa_material-baumwollsatin","11":"pa_origin-indien","12":"pa_size-140-x-200-cm-de","13":"pa_size-140-x-220-cm-de","14":"pa_size-155-x-220-cm-de","15":"pa_size-200-x-200-cm-de","16":"pa_size-200-x-220-cm-de","17":"pa_size-240-x-220-cm-de","18":"pa_size-260-x-220-cm-de","19":"pa_size-260-x-240-cm-de","20":"pa_size-280-x-240-cm-de","22":"first","23":"instock","24":"taxable","25":"shipping-taxable","26":"purchasable","27":"product-type-variable","28":"has-default-attributes"},"acf":[],"_links":{"self":[{"href":"https:\/\/www.kalani-home.com\/de\/wp-json\/wp\/v2\/product\/53862","targetHints":{"allow":["GET"]}}],"collection":[{"href":"https:\/\/www.kalani-home.com\/de\/wp-json\/wp\/v2\/product"}],"about":[{"href":"https:\/\/www.kalani-home.com\/de\/wp-json\/wp\/v2\/types\/product"}],"replies":[{"embeddable":true,"href":"https:\/\/www.kalani-home.com\/de\/wp-json\/wp\/v2\/comments?post=53862"}],"wp:featuredmedia":[{"embeddable":true,"href":"https:\/\/www.kalani-home.com\/de\/wp-json\/wp\/v2\/media\/39744"}],"wp:attachment":[{"href":"https:\/\/www.kalani-home.com\/de\/wp-json\/wp\/v2\/media?parent=53862"}],"wp:term":[{"taxonomy":"product_brand","embeddable":true,"href":"https:\/\/www.kalani-home.com\/de\/wp-json\/wp\/v2\/product_brand?post=53862"},{"taxonomy":"product_cat","embeddable":true,"href":"https:\/\/www.kalani-home.com\/de\/wp-json\/wp\/v2\/product_cat?post=53862"},{"taxonomy":"product_tag","embeddable":true,"href":"https:\/\/www.kalani-home.com\/de\/wp-json\/wp\/v2\/product_tag?post=53862"}],"curies":[{"name":"wp","href":"https:\/\/api.w.org\/{rel}","templated":true}]}}