{"id":292207,"date":"2025-12-03T09:53:03","date_gmt":"2025-12-03T08:53:03","guid":{"rendered":"https:\/\/www.kalani-home.com\/?post_type=product&#038;p=292207"},"modified":"2025-12-09T10:45:08","modified_gmt":"2025-12-09T09:45:08","slug":"set-mit-12-kerzen-nachfullungen","status":"publish","type":"product","link":"https:\/\/www.kalani-home.com\/de\/shop\/set-mit-12-kerzen-nachfullungen\/","title":{"rendered":"Set mit 12 Kerzen-Nachf\u00fcllungen"},"content":{"rendered":"<p>Diese Kerzen-Nachf\u00fcllungen aus 100 % pflanzlichem, biologisch abbaubarem Sojawachs sind speziell f\u00fcr die Beton-Kerzenhalter der handgefertigten Kalani x Terrae Kerzen konzipiert. Der zarte, nicht-toxische Duft nach Baumwollbl\u00fcte aus Grasse sorgt f\u00fcr eine beruhigende und entspannende Atmosph\u00e4re f\u00fcr mehr Wohlbefinden zu Hause. Hergestellt in Belgien in einem gesch\u00fctzten Betrieb, vereinen diese nachhaltigen Kerzenrefills Handwerkskunst, soziale Inklusion und ethische Produktion.<\/p>\n<p><strong>Material:<\/strong><\/p>\n<p><em>Nachf\u00fcllungen:<\/em> 100 % nat\u00fcrliches pflanzliches Wachs mit ungiftigen D\u00fcften (frei von krebserregenden, mutagenen und reproduktionstoxischen Stoffen).<\/p>\n<p><strong>Einzelheiten:<\/strong><\/p>\n<ul>\n<li>100% gentechnikfreies, biologisch abbaubares, pflanzliches, wei\u00dfes Sojawachs, mit Baumwollbl\u00fctenduft.<\/li>\n<li>Baumwolldochte.<\/li>\n<li>Kalani-Kerzen sind von PETA als vegan zertifiziert.<\/li>\n<li>Sanfter, leichter und subtiler Baumwollbl\u00fctenduft (Herkunft des Duftes: Grasse, Frankreich).<\/li>\n<li>Jede Nachf\u00fcllung wiegt etwa 30 Gramm und hat eine Brenndauer von 7 bis 8 Stunden.<\/li>\n<li>Die Nachf\u00fcllungen sind 2,5 cm hoch und haben einen Durchmesser von 4,5 cm.<\/li>\n<li>Ethisch und lokal von belgischen Handwerkern in einem angepassten Betrieb hergestellt.<\/li>\n<\/ul>\n","protected":false},"excerpt":{"rendered":"<p>Verl\u00e4ngern Sie das Leben Ihrer Kalani x Terrae Kerzen mit diesen 12 Nachf\u00fcllungen aus pflanzlichem Wachs, zart mit Baumwollbl\u00fcte parf\u00fcmiert.<\/p>\n","protected":false},"featured_media":279357,"comment_status":"open","ping_status":"closed","template":"","meta":{"_acf_changed":false},"product_brand":[],"product_cat":[3049,1450,3743,3719,1449,3734,3731,3737,3740,3725,3722],"product_tag":[],"class_list":{"0":"post-292207","1":"product","2":"type-product","3":"status-publish","4":"has-post-thumbnail","6":"product_cat-accessoires-de","7":"product_cat-geschenkideen-de","8":"product_cat-heirat-de","9":"product_cat-jahrestag-de","10":"product_cat-kerze","11":"product_cat-muttertag-de","12":"product_cat-niedriger-preis-de","13":"product_cat-um-zu-gefallen-de","14":"product_cat-valentinstag-de","15":"product_cat-vatertag-de","16":"product_cat-weihnachten-de","17":"pa_origin-belgien","18":"pa_size-12x-de","20":"first","21":"instock","22":"taxable","23":"shipping-taxable","24":"purchasable","25":"product-type-variable"},"acf":[],"_links":{"self":[{"href":"https:\/\/www.kalani-home.com\/de\/wp-json\/wp\/v2\/product\/292207","targetHints":{"allow":["GET"]}}],"collection":[{"href":"https:\/\/www.kalani-home.com\/de\/wp-json\/wp\/v2\/product"}],"about":[{"href":"https:\/\/www.kalani-home.com\/de\/wp-json\/wp\/v2\/types\/product"}],"replies":[{"embeddable":true,"href":"https:\/\/www.kalani-home.com\/de\/wp-json\/wp\/v2\/comments?post=292207"}],"wp:featuredmedia":[{"embeddable":true,"href":"https:\/\/www.kalani-home.com\/de\/wp-json\/wp\/v2\/media\/279357"}],"wp:attachment":[{"href":"https:\/\/www.kalani-home.com\/de\/wp-json\/wp\/v2\/media?parent=292207"}],"wp:term":[{"taxonomy":"product_brand","embeddable":true,"href":"https:\/\/www.kalani-home.com\/de\/wp-json\/wp\/v2\/product_brand?post=292207"},{"taxonomy":"product_cat","embeddable":true,"href":"https:\/\/www.kalani-home.com\/de\/wp-json\/wp\/v2\/product_cat?post=292207"},{"taxonomy":"product_tag","embeddable":true,"href":"https:\/\/www.kalani-home.com\/de\/wp-json\/wp\/v2\/product_tag?post=292207"}],"curies":[{"name":"wp","href":"https:\/\/api.w.org\/{rel}","templated":true}]}}