{"id":291989,"date":"2025-12-01T16:40:10","date_gmt":"2025-12-01T15:40:10","guid":{"rendered":"https:\/\/www.kalani-home.com\/?post_type=product&#038;p=291989"},"modified":"2025-12-09T10:47:35","modified_gmt":"2025-12-09T09:47:35","slug":"set-mit-3-kissensprays","status":"publish","type":"product","link":"https:\/\/www.kalani-home.com\/de\/shop\/set-mit-3-kissensprays\/","title":{"rendered":"Set mit 3 Kissensprays"},"content":{"rendered":"<p>Das Kissenspray-Set vereint unsere drei Duftwelten, um jeden Moment des Abends zu begleiten: Wohlbefinden, Schlaf und Sinnlichkeit.<br \/>\n<strong>Sacred Balance<\/strong> hilft, den Geist zu beruhigen und Stress zu reduzieren, dank seines entspannenden blumigen Duftes mit Palmarosa und Rosengeranie.<br \/>\n<strong>Sweet Dreams<\/strong> f\u00f6rdert das Einschlafen und einen tiefen, erholsamen Schlaf mit seinen sanften, frischen Noten von Lavendel, Mandarine und Orange.<br \/>\n<strong>Silken Desire<\/strong> weckt die Sinne und schafft eine intime Atmosph\u00e4re mit seinem leicht gourmandigen, blumigen Duft \u2013 einer zarten Mischung aus Ylang-Ylang, Bergamotte und Rosenholz.<\/p>\n<p>Unsere 100 % nat\u00fcrlichen Kissensprays entstehen aus der Zusammenarbeit zwischen Kalani und Re.sentir. Sie werden in Belgien in Handarbeit mit biologischen \u00e4therischen \u00d6len aus Grasse in Frankreich hergestellt und verbinden Nat\u00fcrlichkeit mit Raffinesse.<\/p>\n<p><strong>Zusammensetzung:<\/strong><\/p>\n<p><strong><em>Sweet Dreams<\/em><\/strong><\/p>\n<p><em>Inhaltsstoffe:<\/em> Alcohol, Citrus Aurantium Dulcis Flower Water, Lavandula Angustifolia Oil, Citrus Reticulata Peel Oil, Citrus Sinensis Peel Oil.<\/p>\n<p><em>Enth\u00e4lt:<\/em> Citral, Citronellol, Carvone, Coumarin, Geraniol, Limonene, Linalol, Alpha-Terpinene, Beta-Caryophyllene, Camphor, Geranyl Acetate, Linalyl Acetate, Pinene, Lavandula Augustifolia Oil, Citrus Aurantium Amara Peel Oil.<\/p>\n<p><strong><em>Sacred Balance<\/em><\/strong><\/p>\n<p><em>Inhaltsstoffe:<\/em> Alcohol, Pelargonium Graveolens Flower Oil, Cymbopogon Martini Oil.<\/p>\n<p><em>Enth\u00e4lt:<\/em> Citral, Citronellol, Geraniol, Limonene, Linalol, Beta-Caryophyllene, Geranyl Acetate, Pinene, Farnesol, Pelargonium Graveolens Flower Oil.<\/p>\n<p><strong><em>Silken Desire<\/em><\/strong><\/p>\n<p><em>Inhaltsstoffe:<\/em> Alcohol, Aniba Rosaeodora Wood Oil, Cananga Odorata Flower Oil, Citrus Aurantium Bergamia Fruit Oil.<\/p>\n<p><em>Enth\u00e4lt:<\/em> Citral, Citronellol, Benzyl Benzoate, Geraniol, Limonene, Linalol, Farnesol, (Iso)Eugenol, Terpinolene, Furocoumarin Natural, Bergapten Natural, Myrcene, Alpha-Pinene, Citronnellal, Bergamot Oil Exp., Benzyl Alcohol, Benzyl Benzoate, Benzyl Cinnamate, Benzyl Salicylate, Cinnamal, Cinnamyl Alcohol, Ylang-Ylang Extract.<\/p>\n<p><strong><em>Hinweis:<\/em><\/strong> Aufgrund ihrer 100 % nat\u00fcrlichen Zusammensetzung k\u00f6nnen die Sprays einen leichten Bodensatz bilden. Dies ist v\u00f6llig normal und beeintr\u00e4chtigt in keiner Weise die Qualit\u00e4t des Produkts.<\/p>\n<p><strong>Anwendungshinweise und Vorsichtsma\u00dfnahmen:<\/strong><\/p>\n<ul>\n<li>Vor Gebrauch sch\u00fctteln.<\/li>\n<li>1 bis 3 Spr\u00fchst\u00f6\u00dfe aus 30 cm Entfernung auf das Kissen oder in die Luft spr\u00fchen.<\/li>\n<li>Nicht auf die Haut spr\u00fchen.<\/li>\n<li>Nicht auf empfindliche Oberfl\u00e4chen spr\u00fchen (Leder, Holz, Naturstein\u2026).<\/li>\n<li>Au\u00dferhalb der Reichweite von Kindern aufbewahren.<\/li>\n<li>Nicht w\u00e4hrend der Schwangerschaft oder Stillzeit verwenden.<\/li>\n<li>Vor Hitze und Licht gesch\u00fctzt aufbewahren.<\/li>\n<\/ul>\n","protected":false},"excerpt":{"rendered":"<p>Set bestehend aus drei Kissensprays f\u00fcr den Schlaf (Sweet Dreams), die Entspannung (Sacred Balance) und die Sinnlichkeit (Silken Desire). Drei sich erg\u00e4nzende Duftwelten, die jede Schlafenszeit in ein wahres Ritual der Sanftheit verwandeln.<\/p>\n","protected":false},"featured_media":292161,"comment_status":"open","ping_status":"closed","template":"","meta":{"_acf_changed":false},"product_brand":[],"product_cat":[3049,1450,3743,3719,3822,3734,3731,3737,3740,3725,3722],"product_tag":[],"class_list":{"0":"post-291989","1":"product","2":"type-product","3":"status-publish","4":"has-post-thumbnail","6":"product_cat-accessoires-de","7":"product_cat-geschenkideen-de","8":"product_cat-heirat-de","9":"product_cat-jahrestag-de","10":"product_cat-kissenspray-de","11":"product_cat-muttertag-de","12":"product_cat-niedriger-preis-de","13":"product_cat-um-zu-gefallen-de","14":"product_cat-valentinstag-de","15":"product_cat-vatertag-de","16":"product_cat-weihnachten-de","17":"pa_origin-belgien","18":"pa_size-50ml-de","20":"first","21":"instock","22":"taxable","23":"shipping-taxable","24":"purchasable","25":"product-type-variable","26":"has-default-attributes"},"acf":[],"_links":{"self":[{"href":"https:\/\/www.kalani-home.com\/de\/wp-json\/wp\/v2\/product\/291989","targetHints":{"allow":["GET"]}}],"collection":[{"href":"https:\/\/www.kalani-home.com\/de\/wp-json\/wp\/v2\/product"}],"about":[{"href":"https:\/\/www.kalani-home.com\/de\/wp-json\/wp\/v2\/types\/product"}],"replies":[{"embeddable":true,"href":"https:\/\/www.kalani-home.com\/de\/wp-json\/wp\/v2\/comments?post=291989"}],"wp:featuredmedia":[{"embeddable":true,"href":"https:\/\/www.kalani-home.com\/de\/wp-json\/wp\/v2\/media\/292161"}],"wp:attachment":[{"href":"https:\/\/www.kalani-home.com\/de\/wp-json\/wp\/v2\/media?parent=291989"}],"wp:term":[{"taxonomy":"product_brand","embeddable":true,"href":"https:\/\/www.kalani-home.com\/de\/wp-json\/wp\/v2\/product_brand?post=291989"},{"taxonomy":"product_cat","embeddable":true,"href":"https:\/\/www.kalani-home.com\/de\/wp-json\/wp\/v2\/product_cat?post=291989"},{"taxonomy":"product_tag","embeddable":true,"href":"https:\/\/www.kalani-home.com\/de\/wp-json\/wp\/v2\/product_tag?post=291989"}],"curies":[{"name":"wp","href":"https:\/\/api.w.org\/{rel}","templated":true}]}}