{"id":291978,"date":"2025-12-01T16:24:37","date_gmt":"2025-12-01T15:24:37","guid":{"rendered":"https:\/\/www.kalani-home.com\/?post_type=product&#038;p=291978"},"modified":"2025-12-09T10:50:07","modified_gmt":"2025-12-09T09:50:07","slug":"sinnlichkeits-kissenspray-silken-desire","status":"publish","type":"product","link":"https:\/\/www.kalani-home.com\/de\/shop\/sinnlichkeits-kissenspray-silken-desire\/","title":{"rendered":"Sinnlichkeits-Kissenspray &#8211; Silken Desire"},"content":{"rendered":"<p>Dieses 100 % nat\u00fcrliche Kissenspray mit biologischen \u00e4therischen \u00d6len aus Ylang-Ylang, Bergamotte und Rosenholz ist ideal, um sinnliche und intime Momente zur Schlafenszeit zu schaffen.<\/p>\n<p>Unsere Kissensprays entstehen aus der Zusammenarbeit zwischen Kalani und Re.sentir. Sie werden in Belgien in Handarbeit mit biologischen \u00e4therischen \u00d6len hergestellt und vereinen Nat\u00fcrlichkeit mit Raffinesse.<\/p>\n<p><strong>Zusammensetzung:<\/strong><\/p>\n<p><strong><em>Inhaltsstoffe:<\/em><\/strong> Alcohol, Aniba Rosaeodora Wood Oil, Cananga Odorata Flower Oil, Citrus Aurantium Bergamia Fruit Oil.<\/p>\n<p><strong><em>Enth\u00e4lt:<\/em><\/strong> Citral, Citronellol, Benzyl Benzoate, Geraniol, Limonene, Linalol, Farnesol, (Iso)Eugenol, Terpinolene, Furocoumarin Natural, Bergapten Natural, Myrcene, Alpha-Pinene, Citronnellal, Bergamot Oil Exp., Benzyl Alcohol, Benzyl Benzoate, Benzyl Cinnamate, Benzyl Salicylate, Cinnamal, Cinnamyl Alcohol, Ylang-Ylang Extract.<\/p>\n<p><strong><em>Hinweis:<\/em><\/strong> Aufgrund ihrer 100 % nat\u00fcrlichen Zusammensetzung k\u00f6nnen die Sprays einen leichten Bodensatz bilden. Dies ist v\u00f6llig normal und beeintr\u00e4chtigt in keiner Weise die Qualit\u00e4t des Produkts.<\/p>\n<p><strong>Anwendungshinweise und Vorsichtsma\u00dfnahmen:<\/strong><\/p>\n<ul>\n<li>Vor Gebrauch sch\u00fctteln.<\/li>\n<li>1 bis 3 Spr\u00fchst\u00f6\u00dfe aus 30 cm Entfernung auf das Kissen oder in die Luft spr\u00fchen.<\/li>\n<li>Nicht auf die Haut spr\u00fchen.<\/li>\n<li>Nicht auf empfindliche Oberfl\u00e4chen spr\u00fchen (Leder, Holz, Naturstein\u2026).<\/li>\n<li>Au\u00dferhalb der Reichweite von Kindern aufbewahren.<\/li>\n<li>Nicht w\u00e4hrend der Schwangerschaft oder Stillzeit verwenden.<\/li>\n<li>Vor Hitze und Licht gesch\u00fctzt aufbewahren.<\/li>\n<\/ul>\n","protected":false},"excerpt":{"rendered":"<p>Kissenspray mit einem raffinierten blumig-gourmandigen Duft, der die Sinne auf subtile Weise weckt.<\/p>\n","protected":false},"featured_media":292131,"comment_status":"open","ping_status":"closed","template":"","meta":{"_acf_changed":false},"product_brand":[],"product_cat":[3049,1450,3743,3719,3822,3734,3731,3737,3740,3725,3722],"product_tag":[],"class_list":{"0":"post-291978","1":"product","2":"type-product","3":"status-publish","4":"has-post-thumbnail","6":"product_cat-accessoires-de","7":"product_cat-geschenkideen-de","8":"product_cat-heirat-de","9":"product_cat-jahrestag-de","10":"product_cat-kissenspray-de","11":"product_cat-muttertag-de","12":"product_cat-niedriger-preis-de","13":"product_cat-um-zu-gefallen-de","14":"product_cat-valentinstag-de","15":"product_cat-vatertag-de","16":"product_cat-weihnachten-de","17":"pa_origin-belgien","18":"pa_size-50ml-de","20":"first","21":"instock","22":"taxable","23":"shipping-taxable","24":"purchasable","25":"product-type-variable","26":"has-default-attributes"},"acf":[],"_links":{"self":[{"href":"https:\/\/www.kalani-home.com\/de\/wp-json\/wp\/v2\/product\/291978","targetHints":{"allow":["GET"]}}],"collection":[{"href":"https:\/\/www.kalani-home.com\/de\/wp-json\/wp\/v2\/product"}],"about":[{"href":"https:\/\/www.kalani-home.com\/de\/wp-json\/wp\/v2\/types\/product"}],"replies":[{"embeddable":true,"href":"https:\/\/www.kalani-home.com\/de\/wp-json\/wp\/v2\/comments?post=291978"}],"wp:featuredmedia":[{"embeddable":true,"href":"https:\/\/www.kalani-home.com\/de\/wp-json\/wp\/v2\/media\/292131"}],"wp:attachment":[{"href":"https:\/\/www.kalani-home.com\/de\/wp-json\/wp\/v2\/media?parent=291978"}],"wp:term":[{"taxonomy":"product_brand","embeddable":true,"href":"https:\/\/www.kalani-home.com\/de\/wp-json\/wp\/v2\/product_brand?post=291978"},{"taxonomy":"product_cat","embeddable":true,"href":"https:\/\/www.kalani-home.com\/de\/wp-json\/wp\/v2\/product_cat?post=291978"},{"taxonomy":"product_tag","embeddable":true,"href":"https:\/\/www.kalani-home.com\/de\/wp-json\/wp\/v2\/product_tag?post=291978"}],"curies":[{"name":"wp","href":"https:\/\/api.w.org\/{rel}","templated":true}]}}