{"id":291967,"date":"2025-12-01T16:12:24","date_gmt":"2025-12-01T15:12:24","guid":{"rendered":"https:\/\/www.kalani-home.com\/?post_type=product&#038;p=291967"},"modified":"2025-12-09T10:51:12","modified_gmt":"2025-12-09T09:51:12","slug":"schlaf-kissenspray-sweet-dreams","status":"publish","type":"product","link":"https:\/\/www.kalani-home.com\/de\/shop\/schlaf-kissenspray-sweet-dreams\/","title":{"rendered":"Schlaf-Kissenspray &#8211; Sweet Dreams"},"content":{"rendered":"<p>Das 100 % nat\u00fcrliche Kissenspray &#8220;Sweet Dreams&#8221; verstr\u00f6mt sanfte Noten von Lavendel, Mandarine und Orange, die daf\u00fcr bekannt sind, den Geist zu beruhigen und einen tiefen, erholsamen Schlaf zu f\u00f6rdern.<\/p>\n<p>Unsere Kissensprays sind das Ergebnis einer Zusammenarbeit zwischen Kalani und Re.sentir. Sie werden handwerklich in Belgien aus Bio-\u00e4therischen \u00d6len hergestellt und stehen f\u00fcr Qualit\u00e4t, Nat\u00fcrlichkeit und Wohlbefinden.<\/p>\n<p><strong>Zusammensetzung:<\/strong><\/p>\n<p><strong><em>Inhaltsstoffe:<\/em><\/strong> Alcohol, Citrus Aurantium Dulcis Flower Water, Lavandula Angustifolia Oil, Citrus Reticulata Peel Oil, Citrus Sinensis Peel Oil.<\/p>\n<p><strong><em>Enth\u00e4lt:<\/em><\/strong> Citral, Citronellol, Carvone, Coumarin, Geraniol, Limonene, Linalol, Alpha-Terpinene, Beta-Caryophyllene, Camphor, Geranyl Acetate, Linalyl Acetate, Pinene, Lavandula Augustifolia Oil, Citrus Aurantium Amara Peel Oil.<\/p>\n<p><strong><em>Hinweis:<\/em><\/strong> Aufgrund ihrer 100 % nat\u00fcrlichen Zusammensetzung k\u00f6nnen die Sprays einen leichten Bodensatz bilden. Dies ist v\u00f6llig normal und beeintr\u00e4chtigt in keiner Weise die Qualit\u00e4t des Produkts.<\/p>\n<p><strong>Anwendungshinweise und Vorsichtsma\u00dfnahmen:<\/strong><\/p>\n<ul>\n<li>Vor Gebrauch sch\u00fctteln.<\/li>\n<li>1 bis 3 Spr\u00fchst\u00f6\u00dfe aus 30 cm Entfernung auf das Kissen oder in die Luft spr\u00fchen.<\/li>\n<li>Nicht auf die Haut spr\u00fchen.<\/li>\n<li>Nicht auf empfindliche Oberfl\u00e4chen spr\u00fchen (Leder, Holz, Naturstein\u2026).<\/li>\n<li>Au\u00dferhalb der Reichweite von Kindern aufbewahren.<\/li>\n<li>Nicht w\u00e4hrend der Schwangerschaft oder Stillzeit verwenden.<\/li>\n<li>Vor Hitze und Licht gesch\u00fctzt aufbewahren.<\/li>\n<\/ul>\n","protected":false},"excerpt":{"rendered":"<p>Kissenspray mit einem sanften und frischen Duft, ideal f\u00fcr ein entspannendes Abendritual und einen erholsamen Schlaf.<\/p>\n","protected":false},"featured_media":292146,"comment_status":"open","ping_status":"closed","template":"","meta":{"_acf_changed":false},"product_brand":[],"product_cat":[3049,1450,3743,3719,3822,3734,3731,3737,3740,3725,3722],"product_tag":[],"class_list":{"0":"post-291967","1":"product","2":"type-product","3":"status-publish","4":"has-post-thumbnail","6":"product_cat-accessoires-de","7":"product_cat-geschenkideen-de","8":"product_cat-heirat-de","9":"product_cat-jahrestag-de","10":"product_cat-kissenspray-de","11":"product_cat-muttertag-de","12":"product_cat-niedriger-preis-de","13":"product_cat-um-zu-gefallen-de","14":"product_cat-valentinstag-de","15":"product_cat-vatertag-de","16":"product_cat-weihnachten-de","17":"pa_origin-belgien","18":"pa_size-50ml-de","20":"first","21":"instock","22":"featured","23":"taxable","24":"shipping-taxable","25":"purchasable","26":"product-type-variable","27":"has-default-attributes"},"acf":[],"_links":{"self":[{"href":"https:\/\/www.kalani-home.com\/de\/wp-json\/wp\/v2\/product\/291967","targetHints":{"allow":["GET"]}}],"collection":[{"href":"https:\/\/www.kalani-home.com\/de\/wp-json\/wp\/v2\/product"}],"about":[{"href":"https:\/\/www.kalani-home.com\/de\/wp-json\/wp\/v2\/types\/product"}],"replies":[{"embeddable":true,"href":"https:\/\/www.kalani-home.com\/de\/wp-json\/wp\/v2\/comments?post=291967"}],"wp:featuredmedia":[{"embeddable":true,"href":"https:\/\/www.kalani-home.com\/de\/wp-json\/wp\/v2\/media\/292146"}],"wp:attachment":[{"href":"https:\/\/www.kalani-home.com\/de\/wp-json\/wp\/v2\/media?parent=291967"}],"wp:term":[{"taxonomy":"product_brand","embeddable":true,"href":"https:\/\/www.kalani-home.com\/de\/wp-json\/wp\/v2\/product_brand?post=291967"},{"taxonomy":"product_cat","embeddable":true,"href":"https:\/\/www.kalani-home.com\/de\/wp-json\/wp\/v2\/product_cat?post=291967"},{"taxonomy":"product_tag","embeddable":true,"href":"https:\/\/www.kalani-home.com\/de\/wp-json\/wp\/v2\/product_tag?post=291967"}],"curies":[{"name":"wp","href":"https:\/\/api.w.org\/{rel}","templated":true}]}}