{"id":275076,"date":"2024-08-05T10:01:12","date_gmt":"2024-08-05T08:01:12","guid":{"rendered":"https:\/\/www.kalani-home.com\/?post_type=product&#038;p=275076"},"modified":"2026-02-04T19:11:33","modified_gmt":"2026-02-04T18:11:33","slug":"baumwollgaze-kissenbezug","status":"publish","type":"product","link":"https:\/\/www.kalani-home.com\/de\/shop\/baumwollgaze-kissenbezug\/","title":{"rendered":"Baumwollgaze Kissenbezug"},"content":{"rendered":"<p><strong>Zusammensetzung:<\/strong> 100% GOTS-zertifizierte, doppellagige Baumwollgaze, hergestellt aus hochwertiger, gek\u00e4mmter Bio-Baumwolle.<\/p>\n<p><strong>Details:<\/strong><\/p>\n<ul>\n<li>\u00d6ffnung mit 20 cm breiter Innenlasche, die daf\u00fcr sorgt, dass Ihr Kissen nicht verrutscht<\/li>\n<li>Mehrere Gr\u00f6\u00dfen und Formen erh\u00e4ltlich, um den Ma\u00dfen Ihres Kissens bestm\u00f6glich zu entsprechen<\/li>\n<li>Gr\u00f6\u00dfentipp: W\u00e4hlen Sie f\u00fcr Ihre Kissenbez\u00fcge genau die Gr\u00f6\u00dfe Ihres Kissens oder etwas gr\u00f6\u00dfer, falls erforderlich<\/li>\n<li>Weicher, doppellagiger, gewaschener Gaze-Stoff (140 g\/m2).<\/li>\n<li>Durch das Vorwaschen wird das Baumwollgaze sehr weich und geschmeidig<\/li>\n<li>100% GOTS-zertifiziertes Produkt, hergestellt aus 100% zertifizierter Bio-Baumwolle, r\u00fcckverfolgbar, GMO-verboten, umweltfreundliche und ungiftige Farbstoffe, gesund, umweltfreundlich, zum Schutz der Artenvielfalt.<\/li>\n<li>Ethisch hergestellt in Portugal in ethischen Fabriken, die die Arbeiter respektieren<\/li>\n<li>Sorgf\u00e4ltig hergestellt, liebevoll per Hand angefertigt, um den Anforderungen unserer Kunden gerecht zu warden<\/li>\n<li>Wird durch Verwendung und mit jedem Waschgang weicher<\/li>\n<li>B\u00fcgeln nicht erforderlich.<br \/>\n<!-- notionvc: bca0f8bf-3b0b-47b3-b1c4-d6b5af56a3ab --><\/li>\n<\/ul>\n","protected":false},"excerpt":{"rendered":"<p>Stellen Sie sich ein Bettlaken vor, das leicht, ultraweich, atmungsaktiv, luftig, zu jeder Jahreszeit angenehm und \u00e4u\u00dferst komfortabel ist und dazu noch einen begehrten Look hat&#8230;<br \/>\nBaumwollgaze vereint diese Eigenschaften und ist ein hervorragender Kompromiss zwischen dem l\u00e4ssigen Aussehen und der W\u00e4rmeregulierung von gewaschenem Leinen und der Weichheit und dem Gef\u00fchl von Baumwolle.<br \/>\nUnsere Baumwollgaze ist biologisch (GOTS-zertifiziert), lokal, nicht zu sperrig und daher leicht zu lagern; Ihre Baumwollgaze-Laken m\u00fcssen nie geb\u00fcgelt werden!<\/p>\n<p>100% GOTS-zertifiziertes Produkt, hergestellt aus ethischer und \u00f6kologischer Bio-Baumwolle. Gewebt und hergestellt in der Wiege der Textilindustrie in Portugal.<\/p>\n","protected":false},"featured_media":287335,"comment_status":"open","ping_status":"closed","template":"","meta":{"_acf_changed":false},"product_brand":[],"product_cat":[1438,3719,1448,3734,3731,3725,3722],"product_tag":[],"class_list":{"0":"post-275076","1":"product","2":"type-product","3":"status-publish","4":"has-post-thumbnail","6":"product_cat-bettwasche","7":"product_cat-jahrestag-de","8":"product_cat-kissenbezug","9":"product_cat-muttertag-de","10":"product_cat-niedriger-preis-de","11":"product_cat-vatertag-de","12":"product_cat-weihnachten-de","13":"pa_color-ocean-blue-de","14":"pa_color-powder-pink-de","15":"pa_color-sage-de","16":"pa_color-sand-de","17":"pa_color-snow-white-de","18":"pa_color-terracotta-de","19":"pa_genre-kissenbezug","20":"pa_material-baumwollgaze-de","21":"pa_origin-portugal-de","22":"pa_size-30-x-50-cm-de","23":"pa_size-40-x-60-cm-de","24":"pa_size-50-x-60-cm-de","25":"pa_size-50-x-75-cm-de","26":"pa_size-60-x-70-cm-de","27":"pa_size-65-x-65-cm-de","29":"first","30":"instock","31":"taxable","32":"shipping-taxable","33":"purchasable","34":"product-type-variable","35":"has-default-attributes"},"acf":[],"_links":{"self":[{"href":"https:\/\/www.kalani-home.com\/de\/wp-json\/wp\/v2\/product\/275076","targetHints":{"allow":["GET"]}}],"collection":[{"href":"https:\/\/www.kalani-home.com\/de\/wp-json\/wp\/v2\/product"}],"about":[{"href":"https:\/\/www.kalani-home.com\/de\/wp-json\/wp\/v2\/types\/product"}],"replies":[{"embeddable":true,"href":"https:\/\/www.kalani-home.com\/de\/wp-json\/wp\/v2\/comments?post=275076"}],"wp:featuredmedia":[{"embeddable":true,"href":"https:\/\/www.kalani-home.com\/de\/wp-json\/wp\/v2\/media\/287335"}],"wp:attachment":[{"href":"https:\/\/www.kalani-home.com\/de\/wp-json\/wp\/v2\/media?parent=275076"}],"wp:term":[{"taxonomy":"product_brand","embeddable":true,"href":"https:\/\/www.kalani-home.com\/de\/wp-json\/wp\/v2\/product_brand?post=275076"},{"taxonomy":"product_cat","embeddable":true,"href":"https:\/\/www.kalani-home.com\/de\/wp-json\/wp\/v2\/product_cat?post=275076"},{"taxonomy":"product_tag","embeddable":true,"href":"https:\/\/www.kalani-home.com\/de\/wp-json\/wp\/v2\/product_tag?post=275076"}],"curies":[{"name":"wp","href":"https:\/\/api.w.org\/{rel}","templated":true}]}}