{"id":275065,"date":"2024-08-05T10:01:18","date_gmt":"2024-08-05T08:01:18","guid":{"rendered":"https:\/\/www.kalani-home.com\/?post_type=product&#038;p=275065"},"modified":"2026-03-13T01:57:34","modified_gmt":"2026-03-13T00:57:34","slug":"baumwollgaze-bettlaken","status":"publish","type":"product","link":"https:\/\/www.kalani-home.com\/de\/shop\/baumwollgaze-bettlaken\/","title":{"rendered":"Baumwollgaze Bettlaken"},"content":{"rendered":"<p><strong>Zusammensetzung:<\/strong> 100% GOTS-zertifizierte, doppellagige Baumwollgaze, hergestellt aus hochwertiger, gek\u00e4mmter Bio-Baumwolle.<\/p>\n<p><strong>Details:<\/strong><\/p>\n<ul>\n<li>Breiter Saum mit Ziernaht am Kopfende<\/li>\n<li>Perfektes Laken f\u00fcr warme Sommern\u00e4chte oder das ganze Jahr \u00fcber im \u201camerikanischen Stil\u201d mit umgeschlagenem Bettbezug<\/li>\n<li>Weicher, doppellagiger, gewaschener Gaze-Stoff (140 g\/m2).<\/li>\n<li>Durch das Vorwaschen wird das Baumwollgaze sehr weich und geschmeidig<\/li>\n<li>100% GOTS-zertifiziertes Produkt, hergestellt aus 100% zertifizierter Bio-Baumwolle, r\u00fcckverfolgbar, GMO-verboten, umweltfreundliche und ungiftige Farbstoffe, gesund, umweltfreundlich, zum Schutz der Artenvielfalt<\/li>\n<li>Ethisch hergestellt in Portugal in ethischen Fabriken, die die Arbeiter respektieren<\/li>\n<li>Sorgf\u00e4ltig hergestellt, liebevoll per Hand angefertigt, um den Anforderungen unserer Kunden gerecht zu warden<\/li>\n<li>Wird durch Verwendung und mit jedem Waschgang weicher<\/li>\n<li>B\u00fcgeln nicht erforderlich.<\/li>\n<\/ul>\n","protected":false},"excerpt":{"rendered":"<p>Stellen Sie sich ein Bettlaken vor, das leicht, ultraweich, atmungsaktiv, luftig, zu jeder Jahreszeit angenehm und \u00e4u\u00dferst komfortabel ist und dazu noch einen begehrten Look hat&#8230;<br \/>\nBaumwollgaze vereint diese Eigenschaften und ist ein hervorragender Kompromiss zwischen dem l\u00e4ssigen Aussehen und der W\u00e4rmeregulierung von gewaschenem Leinen und der Weichheit und dem Gef\u00fchl von Baumwolle.<br \/>\nUnsere Baumwollgaze ist biologisch (GOTS-zertifiziert), lokal, nicht zu sperrig und daher leicht zu lagern; Ihre Baumwollgaze-Laken m\u00fcssen nie geb\u00fcgelt werden!<\/p>\n<p>100% GOTS-zertifiziertes Produkt, hergestellt aus ethischer und \u00f6kologischer Bio-Baumwolle. Gewebt und hergestellt in der Wiege der Textilindustrie in Portugal.<\/p>\n","protected":false},"featured_media":275993,"comment_status":"open","ping_status":"closed","template":"","meta":{"_acf_changed":false},"product_brand":[],"product_cat":[1447,1438],"product_tag":[],"class_list":{"0":"post-275065","1":"product","2":"type-product","3":"status-publish","4":"has-post-thumbnail","6":"product_cat-bettlaken","7":"product_cat-bettwasche","8":"pa_color-ocean-blue-de","9":"pa_color-powder-pink-de","10":"pa_color-sage-de","11":"pa_color-sand-de","12":"pa_color-snow-white-de","13":"pa_color-terracotta-de","14":"pa_genre-bettlaken","15":"pa_material-baumwollgaze-de","16":"pa_origin-portugal-de","17":"pa_size-250-x-310-cm-de","18":"pa_size-270-x-310-cm-de","20":"first","21":"instock","22":"taxable","23":"shipping-taxable","24":"purchasable","25":"product-type-variable","26":"has-default-attributes"},"acf":[],"_links":{"self":[{"href":"https:\/\/www.kalani-home.com\/de\/wp-json\/wp\/v2\/product\/275065","targetHints":{"allow":["GET"]}}],"collection":[{"href":"https:\/\/www.kalani-home.com\/de\/wp-json\/wp\/v2\/product"}],"about":[{"href":"https:\/\/www.kalani-home.com\/de\/wp-json\/wp\/v2\/types\/product"}],"replies":[{"embeddable":true,"href":"https:\/\/www.kalani-home.com\/de\/wp-json\/wp\/v2\/comments?post=275065"}],"wp:featuredmedia":[{"embeddable":true,"href":"https:\/\/www.kalani-home.com\/de\/wp-json\/wp\/v2\/media\/275993"}],"wp:attachment":[{"href":"https:\/\/www.kalani-home.com\/de\/wp-json\/wp\/v2\/media?parent=275065"}],"wp:term":[{"taxonomy":"product_brand","embeddable":true,"href":"https:\/\/www.kalani-home.com\/de\/wp-json\/wp\/v2\/product_brand?post=275065"},{"taxonomy":"product_cat","embeddable":true,"href":"https:\/\/www.kalani-home.com\/de\/wp-json\/wp\/v2\/product_cat?post=275065"},{"taxonomy":"product_tag","embeddable":true,"href":"https:\/\/www.kalani-home.com\/de\/wp-json\/wp\/v2\/product_tag?post=275065"}],"curies":[{"name":"wp","href":"https:\/\/api.w.org\/{rel}","templated":true}]}}