{"id":274935,"date":"2024-08-05T10:01:09","date_gmt":"2024-08-05T08:01:09","guid":{"rendered":"https:\/\/www.kalani-home.com\/?post_type=product&#038;p=274935"},"modified":"2026-05-15T15:24:49","modified_gmt":"2026-05-15T13:24:49","slug":"baumwollgaze-bettbezug","status":"publish","type":"product","link":"https:\/\/www.kalani-home.com\/de\/shop\/baumwollgaze-bettbezug\/","title":{"rendered":"Baumwollgaze Bettbez\u00fcg"},"content":{"rendered":"<p><strong>Zusammensetzung:<\/strong> 100% GOTS-zertifizierte, doppellagige Baumwollgaze, hergestellt aus hochwertiger, gek\u00e4mmter Bio-Baumwolle.<\/p>\n<p><strong>Details:<\/strong><\/p>\n<ul>\n<li>\u00d6ffnung aus komprimierten Hanfkn\u00f6pfen h\u00e4lt die Bettdecke an ihrem Platz<\/li>\n<li>Weicher, doppellagiger, gewaschener Gaze-Stoff (140 g\/m2).<\/li>\n<li>Durch das Vorwaschen wird das Baumwollgaze sehr weich und geschmeidig<\/li>\n<li>100% GOTS-zertifiziertes Produkt, hergestellt aus 100% zertifizierter Bio-Baumwolle, r\u00fcckverfolgbar, GMO-verboten, umweltfreundliche und ungiftige Farbstoffe, gesund, umweltfreundlich, zum Schutz der Artenvielfalt.<\/li>\n<li>Ethisch hergestellt in Portugal in ethischen Fabriken, die die Arbeiter respektieren<\/li>\n<li>Sorgf\u00e4ltig hergestellt, liebevoll per Hand angefertigt, um den Anforderungen unserer Kunden gerecht zu warden<\/li>\n<li>Wird durch Verwendung und mit jedem Waschgang weicher<\/li>\n<li>B\u00fcgeln nicht erforderlich.<\/li>\n<li>Gr\u00f6\u00dfentipp: W\u00e4hlen Sie f\u00fcr Ihren Bettbezug genau die gleiche Gr\u00f6\u00dfe wie Ihr Kissen oder etwas kleiner, um einen volleren Effekt zu erzielen.<!-- notionvc: cb109350-79a5-4b58-9d9e-83cbe9daae58 --><\/li>\n<\/ul>\n<p class=\"kalani-green\">Die Bettbez\u00fcge von Kalani werden separat ohne Kissenbez\u00fcge angeboten, damit Sie die Anzahl der Kissenbez\u00fcge sowie Farbe und Ma\u00dfe nach Ihren Bed\u00fcrfnissen selbst w\u00e4hlen k\u00f6nnen. F\u00fcr ein bestm\u00f6gliches Schlaferlebnis empfehlen wir, diese Bettw\u00e4sche zusammen mit Kissenbez\u00fcgen und Spannbettlaken aus dem selben Material zu kaufen.<\/p>\n","protected":false},"excerpt":{"rendered":"<p>Stellen Sie sich ein Bettlaken vor, das leicht, ultraweich, atmungsaktiv, luftig, zu jeder Jahreszeit angenehm und \u00e4u\u00dferst komfortabel ist und dazu noch einen begehrten Look hat&#8230;<br \/>\nBaumwollgaze vereint diese Eigenschaften und ist ein hervorragender Kompromiss zwischen dem l\u00e4ssigen Aussehen und der W\u00e4rmeregulierung von gewaschenem Leinen und der Weichheit und dem Gef\u00fchl von Baumwolle.<br \/>\nUnsere Baumwollgaze ist biologisch (GOTS-zertifiziert), lokal, nicht zu sperrig und daher leicht zu lagern; Ihre Baumwollgaze-Laken m\u00fcssen nie geb\u00fcgelt werden!<\/p>\n<p class=\"kalani-green\">Die Kissenbez\u00fcge m\u00fcssen extra bestellt werden, damit Sie Ma\u00dfe und Farben selbst ausw\u00e4hlen k\u00f6nnen.<\/p>\n<p>100% GOTS-zertifiziertes Produkt, hergestellt aus ethischer und \u00f6kologischer Bio-Baumwolle. Gewebt und hergestellt in der Wiege der Textilindustrie in Portugal.<\/p>\n","protected":false},"featured_media":275913,"comment_status":"open","ping_status":"closed","template":"","meta":{"_acf_changed":false},"product_brand":[],"product_cat":[1446,1438],"product_tag":[],"class_list":{"0":"post-274935","1":"product","2":"type-product","3":"status-publish","4":"has-post-thumbnail","6":"product_cat-bettbezug","7":"product_cat-bettwasche","8":"pa_color-ocean-blue-de","9":"pa_color-powder-pink-de","10":"pa_color-sage-de","11":"pa_color-sand-de","12":"pa_color-snow-white-de","13":"pa_color-terracotta-de","14":"pa_genre-bettbezug","15":"pa_material-baumwollgaze-de","16":"pa_origin-portugal-de","17":"pa_size-140-x-200-cm-de","18":"pa_size-140-x-220-cm-de","19":"pa_size-155-x-220-cm-de","20":"pa_size-200-x-200-cm-de","21":"pa_size-200-x-220-cm-de","22":"pa_size-240-x-220-cm-de","23":"pa_size-260-x-220-cm-de","24":"pa_size-260-x-240-cm-de","26":"first","27":"instock","28":"featured","29":"taxable","30":"shipping-taxable","31":"purchasable","32":"product-type-variable","33":"has-default-attributes"},"acf":[],"_links":{"self":[{"href":"https:\/\/www.kalani-home.com\/de\/wp-json\/wp\/v2\/product\/274935","targetHints":{"allow":["GET"]}}],"collection":[{"href":"https:\/\/www.kalani-home.com\/de\/wp-json\/wp\/v2\/product"}],"about":[{"href":"https:\/\/www.kalani-home.com\/de\/wp-json\/wp\/v2\/types\/product"}],"replies":[{"embeddable":true,"href":"https:\/\/www.kalani-home.com\/de\/wp-json\/wp\/v2\/comments?post=274935"}],"wp:featuredmedia":[{"embeddable":true,"href":"https:\/\/www.kalani-home.com\/de\/wp-json\/wp\/v2\/media\/275913"}],"wp:attachment":[{"href":"https:\/\/www.kalani-home.com\/de\/wp-json\/wp\/v2\/media?parent=274935"}],"wp:term":[{"taxonomy":"product_brand","embeddable":true,"href":"https:\/\/www.kalani-home.com\/de\/wp-json\/wp\/v2\/product_brand?post=274935"},{"taxonomy":"product_cat","embeddable":true,"href":"https:\/\/www.kalani-home.com\/de\/wp-json\/wp\/v2\/product_cat?post=274935"},{"taxonomy":"product_tag","embeddable":true,"href":"https:\/\/www.kalani-home.com\/de\/wp-json\/wp\/v2\/product_tag?post=274935"}],"curies":[{"name":"wp","href":"https:\/\/api.w.org\/{rel}","templated":true}]}}