{"id":215102,"date":"2023-09-12T23:16:58","date_gmt":"2023-09-12T21:16:58","guid":{"rendered":"https:\/\/www.kalani-home.com\/?post_type=product&#038;p=215102"},"modified":"2026-05-05T15:57:53","modified_gmt":"2026-05-05T13:57:53","slug":"schachtel-mit-3-kerzenhaltern-und-3-wachsnachfullungen","status":"publish","type":"product","link":"https:\/\/www.kalani-home.com\/de\/shop\/schachtel-mit-3-kerzenhaltern-und-3-wachsnachfullungen\/","title":{"rendered":"Schachtel mit 3 Kerzenhaltern und 3 Wachsnachf\u00fcllungen"},"content":{"rendered":"<p><strong>Materialen:<\/strong><\/p>\n<p style=\"font-weight: 400;\">Kerzenhalter: Belgischer Leichtbeton<\/p>\n<p style=\"font-weight: 400;\">Kerzen und Nachf\u00fcllungen: 100% pflanzliches Wachs, nat\u00fcrliche, ungiftige Duftstoffe (krebserregend, erbgutver\u00e4ndernd, reproxotisch).<\/p>\n<p><strong>Das perfekte Geschenk:<\/strong> zum Verschenken oder um sich selbst zu verw\u00f6hnen, um Ihr Herz oder Ihr Heim zu erw\u00e4rmen.<\/p>\n<p><strong>Projekt: <\/strong>Die Kerzen der Terrae x Kalani-Kooperation werden in Belgien von einem Unternehmen f\u00fcr angepasste Arbeit hergestellt, das Menschen mit Behinderungen hilft, eine ihren F\u00e4higkeiten entsprechende Arbeit zu finden. Sie stellen die Betonbeh\u00e4lter von Hand her und gie\u00dfen 100% pflanzliches, biologisch abbaubares Sojawachs und ungiftige Duftstoffe ein.<\/p>\n<p><strong>Details:<\/strong><\/p>\n<ul>\n<li>100% gentechnikfreies, biologisch abbaubares, pflanzliches, wei\u00dfes Sojawachs, mit Baumwollbl\u00fctenduft<\/li>\n<li>Baumwolldochte<\/li>\n<li>Kalani-Kerzen sind von PETA als vegan zertifiziert<\/li>\n<li>Sanfter, leichter und subtiler Baumwollbl\u00fctenduft (Herkunft des Duftes: Grasse, Frankreich)<\/li>\n<li>Jede Kerze wiegt etwa 260 Gramm und brennt 7 bis 8 Stunden lang.<\/li>\n<li>Die Kerzenhalter sind 4 cm hoch und haben einen Au\u00dfendurchmesser von 7 cm und einen Innendurchmesser von 4,5 cm.<\/li>\n<li>Die Nachf\u00fcllungen sind 2,5 cm hoch und haben einen Durchmesser von 4,5 cm.<\/li>\n<li>Ethisch und lokal von belgischen Handwerkern in einem angepassten Betrieb hergestellt.<\/li>\n<li>Erstellt mit Leidenschaft, handgefertigt mit Liebe f\u00fcr die Kundenzufriedenheit<\/li>\n<\/ul>\n<p>Reduzieren, wiederverwenden, reparieren, recyceln, upcyceln (Reduce, Reuse, Repair, Recycle, Upcycle). Wir glauben an den positiven Effekt der Kreislaufwirtschaft\u2026<\/p>\n","protected":false},"excerpt":{"rendered":"<p style=\"font-weight: 400;\">De handgemaakte kaarsen uit plantaardig was van Kalani x Terrae zullen je huis verwarmen en tegelijkertijd een frisse wind laten waaien met hun subtiele geur van katoenbloemen. Deze kaarsenhouders in licht, rauw, modern en minimalistisch beton zullen prachtig staan in je woonkamer, slaapkamer of zelfs je badkamer.<\/p>\n<p style=\"font-weight: 400;\">Steek de lont aan en geniet van een moment van pure ontspanning.<\/p>\n","protected":false},"featured_media":219725,"comment_status":"open","ping_status":"closed","template":"","meta":{"_acf_changed":false},"product_brand":[],"product_cat":[3049,3743,3719,1449,3734,3731,3737,3740,3722],"product_tag":[],"class_list":{"0":"post-215102","1":"product","2":"type-product","3":"status-publish","4":"has-post-thumbnail","6":"product_cat-accessoires-de","7":"product_cat-heirat-de","8":"product_cat-jahrestag-de","9":"product_cat-kerze","10":"product_cat-muttertag-de","11":"product_cat-niedriger-preis-de","12":"product_cat-um-zu-gefallen-de","13":"product_cat-valentinstag-de","14":"product_cat-weihnachten-de","15":"pa_color-pure-grey-de","16":"pa_color-pure-white-de","17":"pa_genre-kerze","18":"pa_material-leicht-parfuemiertes-pflanzenwachs-mit-baumwollbluete","19":"pa_origin-belgien","20":"pa_size-3x-4-x-7-cm-de","22":"first","23":"instock","24":"featured","25":"taxable","26":"shipping-taxable","27":"purchasable","28":"product-type-variable","29":"has-default-attributes"},"acf":[],"_links":{"self":[{"href":"https:\/\/www.kalani-home.com\/de\/wp-json\/wp\/v2\/product\/215102","targetHints":{"allow":["GET"]}}],"collection":[{"href":"https:\/\/www.kalani-home.com\/de\/wp-json\/wp\/v2\/product"}],"about":[{"href":"https:\/\/www.kalani-home.com\/de\/wp-json\/wp\/v2\/types\/product"}],"replies":[{"embeddable":true,"href":"https:\/\/www.kalani-home.com\/de\/wp-json\/wp\/v2\/comments?post=215102"}],"wp:featuredmedia":[{"embeddable":true,"href":"https:\/\/www.kalani-home.com\/de\/wp-json\/wp\/v2\/media\/219725"}],"wp:attachment":[{"href":"https:\/\/www.kalani-home.com\/de\/wp-json\/wp\/v2\/media?parent=215102"}],"wp:term":[{"taxonomy":"product_brand","embeddable":true,"href":"https:\/\/www.kalani-home.com\/de\/wp-json\/wp\/v2\/product_brand?post=215102"},{"taxonomy":"product_cat","embeddable":true,"href":"https:\/\/www.kalani-home.com\/de\/wp-json\/wp\/v2\/product_cat?post=215102"},{"taxonomy":"product_tag","embeddable":true,"href":"https:\/\/www.kalani-home.com\/de\/wp-json\/wp\/v2\/product_tag?post=215102"}],"curies":[{"name":"wp","href":"https:\/\/api.w.org\/{rel}","templated":true}]}}