{"id":215084,"date":"2023-09-12T22:48:07","date_gmt":"2023-09-12T20:48:07","guid":{"rendered":"https:\/\/www.kalani-home.com\/?post_type=product&#038;p=215084"},"modified":"2026-02-25T04:06:14","modified_gmt":"2026-02-25T03:06:14","slug":"luxurioses-bademantel","status":"publish","type":"product","link":"https:\/\/www.kalani-home.com\/de\/shop\/luxurioses-bademantel\/","title":{"rendered":"Luxuri\u00f6ses Bademantel"},"content":{"rendered":"<p><strong>Materialien:<\/strong> Erstklassiges Frottier der Luxusklasse, zu 100 % aus veganer, gek\u00e4mmter Bio-Baumwolle GOTS.<\/p>\n<p><strong>Details:<\/strong><\/p>\n<ul>\n<li>Unglaublich weich dank langfaseriger, gek\u00e4mmter Baumwolle, die f\u00fcr hohe Qualit\u00e4t sorgt, und der Spinntechnologie \u201eLow Twist\u201c, die eine au\u00dfergew\u00f6hnliche Haptik schafft<\/li>\n<li>Besonders flauschig und perfekt zum Hineinkuscheln<\/li>\n<li>Ideales Stoffgewicht, weder zu leicht noch zu schwer: 420 gr\/m2<\/li>\n<li>Bademantel mit Schalkragen<\/li>\n<li>3 Doppelgr\u00f6\u00dfen f\u00fcr alle K\u00f6rperformen erh\u00e4ltlich: XS\/S \u2013 M\/L \u2013 XL\/XXL<\/li>\n<li>2 Taschen<\/li>\n<li>Abnehmbarer G\u00fcrtel<\/li>\n<li>Zus\u00e4tzliche Handtuchschlaufe f\u00fcr einfacheres Aufh\u00e4ngen<\/li>\n<li>100 % GOTS-zertifizierte Baumwolle, r\u00fcckverfolgbar, gentechnikfrei, die verwendeten Farben sind \u00f6kologisch, gesundheitlich unbedenklich, umweltfreundlich und sch\u00fctzen die biologische Vielfalt<\/li>\n<li>100% langstapelige, gek\u00e4mmte Baumwolle, die feinste Bio-Baumwolle aus der \u00c4g\u00e4is-Region in der Westt\u00fcrkei<\/li>\n<li>100% Baumwolle, deren Herkunft bis zu den Bauerngemeinschaften im Umkreis von +\/-180 km um die Fabrik zur\u00fcckverfolgt werden kann<\/li>\n<li>100 % vegan, mit dem \u201cPETA-Approved Vegan\u201d-Logo versehen<\/li>\n<li>Ethische Produktion in der T\u00fcrkei in einer Fabrik, die vom Spinnen der Baumwolle bis zum Weben, F\u00e4rben und N\u00e4hen vertikal integriert ist und die Arbeiter respektiert.<\/li>\n<li>Mit Leidenschaft kreiert<\/li>\n<li>Kalani-Qualit\u00e4tssiegel<\/li>\n<li>Perfekte L\u00e4nge, nicht zu kurz, nicht zu lang :\n<ul>\n<li>XS\/S : 105 cm<\/li>\n<li>M\/L : 115 cm<\/li>\n<li>XL\/XXL : 125 cm<\/li>\n<\/ul>\n<\/li>\n<\/ul>\n","protected":false},"excerpt":{"rendered":"<p>Stellen Sie sich vor, Sie steigen aus der Badewanne oder Dusche und h\u00fcllen sich in einen weichen, flauschigen Bademantel \u2013 sind Sie schon da? Sie genie\u00dfen die Annehmlichkeiten der feinsten Hotels und befinden sich trotzdem noch in Ihrem Badezimmer! Weil zum gro\u00dfen Luxus der Luxushotels auch die Qualit\u00e4t der Badem\u00e4ntel geh\u00f6rt, haben wir f\u00fcr Sie einen ebenso weichen wie bequemen Bademantel entwickelt, der unser \u201cLuxury\u201d-Sortiment vervollst\u00e4ndigt.<\/p>\n<p>Das Produkt besteht aus 100% Bio-Baumwolle, GOTS-zertifiziert, ethisch, \u00f6kologisch und vegan.<\/p>\n<p>Sie ist 1m76 und tr\u00e4gt Gr\u00f6\u00dfe XS\/S. Er ist 1m88 und tr\u00e4gt Gr\u00f6\u00dfe M\/L<\/p>\n","protected":false},"featured_media":220073,"comment_status":"open","ping_status":"closed","template":"","meta":{"_acf_changed":false},"product_brand":[],"product_cat":[1440,1437,3743,3719,3734,3737,3740,3725,3722],"product_tag":[],"class_list":{"0":"post-215084","1":"product","2":"type-product","3":"status-publish","4":"has-post-thumbnail","6":"product_cat-bademantel-de","7":"product_cat-badewasche-de","8":"product_cat-heirat-de","9":"product_cat-jahrestag-de","10":"product_cat-muttertag-de","11":"product_cat-um-zu-gefallen-de","12":"product_cat-valentinstag-de","13":"product_cat-vatertag-de","14":"product_cat-weihnachten-de","15":"pa_color-anthracite-de","16":"pa_color-cream-de","17":"pa_color-forest-de","18":"pa_color-kalani-blue-de","19":"pa_color-navy-de","20":"pa_color-ochre-de","21":"pa_color-old-pink-de","22":"pa_color-sand-de","23":"pa_color-snow-white-de","24":"pa_color-stone-grey-de","25":"pa_color-taupe-de","26":"pa_color-terracotta-de","27":"pa_genre-bademantel","28":"pa_material-luxus-frottier","29":"pa_origin-turkei-de","30":"pa_size-m-l-de","31":"pa_size-xl-xxl-de","32":"pa_size-xs-s-de","34":"first","35":"instock","36":"featured","37":"taxable","38":"shipping-taxable","39":"purchasable","40":"product-type-variable","41":"has-default-attributes"},"acf":[],"_links":{"self":[{"href":"https:\/\/www.kalani-home.com\/de\/wp-json\/wp\/v2\/product\/215084","targetHints":{"allow":["GET"]}}],"collection":[{"href":"https:\/\/www.kalani-home.com\/de\/wp-json\/wp\/v2\/product"}],"about":[{"href":"https:\/\/www.kalani-home.com\/de\/wp-json\/wp\/v2\/types\/product"}],"replies":[{"embeddable":true,"href":"https:\/\/www.kalani-home.com\/de\/wp-json\/wp\/v2\/comments?post=215084"}],"wp:featuredmedia":[{"embeddable":true,"href":"https:\/\/www.kalani-home.com\/de\/wp-json\/wp\/v2\/media\/220073"}],"wp:attachment":[{"href":"https:\/\/www.kalani-home.com\/de\/wp-json\/wp\/v2\/media?parent=215084"}],"wp:term":[{"taxonomy":"product_brand","embeddable":true,"href":"https:\/\/www.kalani-home.com\/de\/wp-json\/wp\/v2\/product_brand?post=215084"},{"taxonomy":"product_cat","embeddable":true,"href":"https:\/\/www.kalani-home.com\/de\/wp-json\/wp\/v2\/product_cat?post=215084"},{"taxonomy":"product_tag","embeddable":true,"href":"https:\/\/www.kalani-home.com\/de\/wp-json\/wp\/v2\/product_tag?post=215084"}],"curies":[{"name":"wp","href":"https:\/\/api.w.org\/{rel}","templated":true}]}}