{"id":201381,"date":"2023-07-07T23:51:23","date_gmt":"2023-07-07T21:51:23","guid":{"rendered":"https:\/\/www.kalani-home.com\/?post_type=product&#038;p=201381"},"modified":"2026-04-08T12:12:04","modified_gmt":"2026-04-08T10:12:04","slug":"gewaschenes-leinen-bundel","status":"publish","type":"product","link":"https:\/\/www.kalani-home.com\/de\/shop\/gewaschenes-leinen-bundel\/","title":{"rendered":"Gewaschenes Leinen B\u00fcndel"},"content":{"rendered":"<p><strong>Zusammensetzung:<\/strong> 100% einheimisches europ\u00e4isches Leinen (eine Mischung aus nat\u00fcrlichen Leinenfasern aus Belgien, Frankreich und den Niederlanden), von unserem Hersteller als European Flax\u00ae und \u00d6ko-Tex 100 zertifiziert, ethisch und \u00f6kologisch.<\/p>\n<p><strong>Details:<\/strong> ein Paket besteht aus 1 Bettbezug + 1 oder 2 (nach Wahl) identischen Kopfkissenbez\u00fcgen + 1 Spannbettlaken:<\/p>\n<p>Bettbezug:<\/p>\n<ul>\n<li>\u00d6ffnung aus komprimierten Hanfkn\u00f6pfen h\u00e4lt die Bettdecke an ihrem Platz<\/li>\n<li>W\u00e4hlen Sie f\u00fcr Ihren Bettbezug die exakte Gr\u00f6\u00dfe oder etwas kleiner, um einen volleren Effekt zu erzielen<!-- notionvc: 6f46d1f4-e897-4790-886b-992daa1ce8a7 --><\/li>\n<\/ul>\n<p>Kissenbezug:<\/p>\n<ul>\n<li>\u00d6ffnung mit 20 cm breiter Innenlasche, die daf\u00fcr sorgt, dass Ihr Kissen nicht verrutscht<\/li>\n<li>Mehrere Gr\u00f6\u00dfen und Formen erh\u00e4ltlich, um den Ma\u00dfen Ihres Kissens bestm\u00f6glich zu entsprechen<\/li>\n<li>W\u00e4hlen Sie f\u00fcr Ihre Kissenbez\u00fcge die exakte Gr\u00f6\u00dfe Ihres Kissens oder etwas gr\u00f6\u00dfer, falls erforderlich<!-- notionvc: 9f6d5515-5e0c-41d1-8f48-d60dbdf4d7fe --><\/li>\n<\/ul>\n<p>Spannbettlaken:<\/p>\n<ul>\n<li>Einzigartige Anfertigung mit exklusivem Rundumgummi f\u00fcr besseres Anliegen auf der Matratze<\/li>\n<li>Die Tiefe von 30 cm oder 40cm ist f\u00fcr dicke Matratzen geeignet<\/li>\n<li>Erh\u00e4ltlich in 3 L\u00e4ngen: f\u00fcr Matratzen von 2 m L\u00e4nge oder f\u00fcr f\u00fcr l\u00e4ngere Matratzen 2,1m bis 2,2m<\/li>\n<\/ul>\n<p>Alle Produkte :<\/p>\n<ul>\n<li>Weicher 165g\/m2 gewaschener Leinenstoff<\/li>\n<li>Durch das Vorwaschen mit Steinen wird das Leinen sehr weich und geschmeidig.<\/li>\n<li>Lokale nat\u00fcrliche Leinenfasern (BE\/FR\/NL)<\/li>\n<li>Nat\u00fcrlich umweltfreundlich, aus historisch \u00f6kologischem Anbau, ohne chemische Zus\u00e4tze (keine D\u00fcngemittel, keine Pestizide, keine Entlaubungsmittel) und ohne k\u00fcnstliche Bew\u00e4sserung.<\/li>\n<li>Produktion mit dem Zertifikat European Flax\u00ae &amp; Oeko-tex 100 Klasse 2.<\/li>\n<li>Ethisch hergestellt in Portugal in ethischen Fabriken, die die Arbeiter respektieren<\/li>\n<li>Sorgf\u00e4ltig hergestellt, liebevoll per Hand angefertigt, um den Anforderungen unserer Kunden gerecht zu warden<\/li>\n<li>Wird durch Verwendung und mit jedem Waschgang weicher<\/li>\n<li>B\u00fcgeln nicht erforderlich oder bei niedriger Temperatur b\u00fcgeln<\/li>\n<\/ul>\n","protected":false},"excerpt":{"rendered":"<p>Unsere Bettw\u00e4sche aus gewaschenem Leinen ist aufgrund ihrer Weichheit, ihres Aussehens, ihrer Luftigkeit, ihrer hervorragenden W\u00e4rmeregulierung und ihrer Langlebigkeit eine ideale Wahl. Sie bietet au\u00dfergew\u00f6hnlichen Komfort und verleiht Ihrem Schlafzimmer einen Hauch von Eleganz. Gewaschenes Leinen ist sowohl f\u00fcr ein legeres als auch f\u00fcr ein anspruchsvolles Schlafzimmer eine ausgezeichnete Wahl, um eine komfortable, luxuri\u00f6se Umgebung f\u00fcr einen guten Schlaf zu schaffen, im Sommer wie im Winter.<\/p>\n<p>Der Vorteil von gewaschenem Leinen ist, dass es nicht geb\u00fcgelt werden muss. Der Stoff beh\u00e4lt mit der Zeit sein nat\u00fcrliches Leinenaussehen.<\/p>\n<p>100% nat\u00fcrliches Leinen aus Belgien, Frankreich und den Niederlanden, gesponnen in Italien und hergestellt in der Wiege der Textilindustrie in Portugal.<\/p>\n<p class=\"kalani-green\">Standardm\u00e4\u00dfig schl\u00e4gt das System 1 Kissenbezug f\u00fcr die Leute vor, die nur einen ben\u00f6tigen. Wenn Sie 2 oder mehr Kissenbez\u00fcge in diesem Paket w\u00fcnschen, passen Sie die Menge bitte manuell an.<\/p>\n","protected":false},"featured_media":287021,"comment_status":"open","ping_status":"closed","template":"","meta":{"_acf_changed":false},"product_brand":[],"product_cat":[1438,2636,3743],"product_tag":[],"class_list":{"0":"post-201381","1":"product","2":"type-product","3":"status-publish","4":"has-post-thumbnail","6":"product_cat-bettwasche","7":"product_cat-schlafen-bundel","8":"product_cat-heirat-de","9":"pa_color-anthracite-de","10":"pa_color-natural-de","11":"pa_color-ocean-blue-de","12":"pa_color-ocean-small-stripes-de","13":"pa_color-powder-pink-de","14":"pa_color-sage-de","15":"pa_color-snow-white-de","16":"pa_color-terracotta-de","17":"pa_material-gewichte-linnen-de","18":"pa_origin-portugal-de","19":"pa_size-140-x-190-x-30-cm-de","20":"pa_size-140-x-200-cm-de","21":"pa_size-140-x-200-x-30-cm-de","22":"pa_size-160-x-200-x-30-cm-de","23":"pa_size-160-x-200-x-40-cm-de","24":"pa_size-180-x-200-x-30-cm-de","25":"pa_size-180-x-200-x-40-cm-de","26":"pa_size-180-x-210-x-30-cm-de","27":"pa_size-180-x-220-x-30-cm-de","28":"pa_size-180-x-310-cm-de","29":"pa_size-200-x-200-cm-de","30":"pa_size-200-x-200-x-30-cm-de","31":"pa_size-200-x-210-x-30-cm-de","32":"pa_size-200-x-220-cm-de","33":"pa_size-200-x-220-x-30-cm-de","34":"pa_size-240-x-220-cm-de","35":"pa_size-250-x-310-cm-de","36":"pa_size-260-x-220-cm-de","37":"pa_size-260-x-240-cm-de","38":"pa_size-270-x-310-cm-de","39":"pa_size-30-x-50-cm-de","40":"pa_size-40-x-60-cm-de","41":"pa_size-50-x-60-cm-de","42":"pa_size-50-x-75-cm-de","43":"pa_size-60-x-70-cm-de","44":"pa_size-65-x-65-cm-de","45":"pa_size-80-x-200-x-30-cm-de","46":"pa_size-90-x-200-x-30-cm-de","48":"first","49":"instock","50":"taxable","51":"shipping-taxable","52":"purchasable","53":"product-type-yith_bundle"},"acf":[],"_links":{"self":[{"href":"https:\/\/www.kalani-home.com\/de\/wp-json\/wp\/v2\/product\/201381","targetHints":{"allow":["GET"]}}],"collection":[{"href":"https:\/\/www.kalani-home.com\/de\/wp-json\/wp\/v2\/product"}],"about":[{"href":"https:\/\/www.kalani-home.com\/de\/wp-json\/wp\/v2\/types\/product"}],"replies":[{"embeddable":true,"href":"https:\/\/www.kalani-home.com\/de\/wp-json\/wp\/v2\/comments?post=201381"}],"wp:featuredmedia":[{"embeddable":true,"href":"https:\/\/www.kalani-home.com\/de\/wp-json\/wp\/v2\/media\/287021"}],"wp:attachment":[{"href":"https:\/\/www.kalani-home.com\/de\/wp-json\/wp\/v2\/media?parent=201381"}],"wp:term":[{"taxonomy":"product_brand","embeddable":true,"href":"https:\/\/www.kalani-home.com\/de\/wp-json\/wp\/v2\/product_brand?post=201381"},{"taxonomy":"product_cat","embeddable":true,"href":"https:\/\/www.kalani-home.com\/de\/wp-json\/wp\/v2\/product_cat?post=201381"},{"taxonomy":"product_tag","embeddable":true,"href":"https:\/\/www.kalani-home.com\/de\/wp-json\/wp\/v2\/product_tag?post=201381"}],"curies":[{"name":"wp","href":"https:\/\/api.w.org\/{rel}","templated":true}]}}