{"id":201370,"date":"2023-07-07T23:41:35","date_gmt":"2023-07-07T21:41:35","guid":{"rendered":"https:\/\/www.kalani-home.com\/?post_type=product&#038;p=201370"},"modified":"2026-05-05T16:00:17","modified_gmt":"2026-05-05T14:00:17","slug":"gewaschenes-leinen-bettbezug","status":"publish","type":"product","link":"https:\/\/www.kalani-home.com\/de\/shop\/gewaschenes-leinen-bettbezug\/","title":{"rendered":"Gewaschenes Leinen Bettbez\u00fcg"},"content":{"rendered":"<p><strong>Zusammensetzung:<\/strong>\u00a0100% einheimisches europ\u00e4isches Leinen (eine Mischung aus nat\u00fcrlichen Leinenfasern aus Belgien, Frankreich und den Niederlanden), von unserem Hersteller als European Flax\u00ae und \u00d6ko-Tex 100 zertifiziert, ethisch und \u00f6kologisch.<\/p>\n<p><strong>Details:<\/strong><\/p>\n<ul>\n<li>\u00d6ffnung aus komprimierten Hanfkn\u00f6pfen h\u00e4lt die Bettdecke an ihrem Platz<\/li>\n<li>Weicher 165g\/m2 gewaschener Leinenstoff<\/li>\n<li>Durch das Vorwaschen mit Steinen wird das Leinen sehr weich und geschmeidig.<\/li>\n<li>Lokale nat\u00fcrliche Leinenfasern (BE\/FR\/NL)<\/li>\n<li>Nat\u00fcrlich umweltfreundlich, aus historisch \u00f6kologischem Anbau, ohne chemische Zus\u00e4tze (keine D\u00fcngemittel, keine Pestizide, keine Entlaubungsmittel) und ohne k\u00fcnstliche Bew\u00e4sserung.<\/li>\n<li>Produktion mit dem Zertifikat European Flax\u00ae &amp; Oeko-tex 100 Klasse 2.<\/li>\n<li>Ethisch hergestellt in Portugal in ethischen Fabriken, die die Arbeiter respektieren<\/li>\n<li>Sorgf\u00e4ltig hergestellt, liebevoll per Hand angefertigt, um den Anforderungen unserer Kunden gerecht zu warden<\/li>\n<li>Wird durch Verwendung und mit jedem Waschgang weicher<\/li>\n<li>B\u00fcgeln nicht erforderlich oder bei niedriger Temperatur b\u00fcgeln<\/li>\n<li>Gr\u00f6\u00dfentipp: W\u00e4hlen Sie f\u00fcr Ihren Bettbezug genau die gleiche Gr\u00f6\u00dfe wie Ihr Kissen oder etwas kleiner, um einen volleren Effekt zu erzielen.<!-- notionvc: e38f5c2f-2273-43d6-8f8b-0ef2569303cd --><\/li>\n<\/ul>\n<p>Die Bettbez\u00fcge von Kalani werden separat ohne Kissenbez\u00fcge\u00a0angeboten, damit Sie die Anzahl der Kissenbez\u00fcge sowie Farbe und Ma\u00dfe nach Ihren Bed\u00fcrfnissen selbst w\u00e4hlen k\u00f6nnen. F\u00fcr ein bestm\u00f6gliches Schlaferlebnis empfehlen wir, diese Bettw\u00e4sche zusammen mit Kissenbez\u00fcgen und Spannbettlaken aus dem selben\u00a0Material\u00a0zu kaufen.<\/p>\n","protected":false},"excerpt":{"rendered":"<p>Unsere Bettw\u00e4sche aus gewaschenem Leinen ist aufgrund ihrer Weichheit, ihres Aussehens, ihrer Luftigkeit, ihrer hervorragenden W\u00e4rmeregulierung und ihrer Langlebigkeit eine ideale Wahl. Sie bietet au\u00dfergew\u00f6hnlichen Komfort und verleiht Ihrem Schlafzimmer einen Hauch von Eleganz. Gewaschenes Leinen ist sowohl f\u00fcr ein legeres als auch f\u00fcr ein anspruchsvolles Schlafzimmer eine ausgezeichnete Wahl, um eine komfortable, luxuri\u00f6se Umgebung f\u00fcr einen guten Schlaf zu schaffen, im Sommer wie im Winter.<\/p>\n<p>Der Vorteil von gewaschenem Leinen ist, dass es nicht geb\u00fcgelt werden muss. Der Stoff beh\u00e4lt mit der Zeit sein nat\u00fcrliches Leinenaussehen.<\/p>\n<p><p class=\"kalani-green\">Die Kissenbez\u00fcge m\u00fcssen extra bestellt werden, damit Sie Ma\u00dfe und Farben selbst ausw\u00e4hlen k\u00f6nnen.<\/p>\n<p>\n100% nat\u00fcrliches Leinen aus Belgien, Frankreich und den Niederlanden, gesponnen in Italien und hergestellt in der Wiege der Textilindustrie in Portugal.<\/p>\n","protected":false},"featured_media":286937,"comment_status":"open","ping_status":"closed","template":"","meta":{"_acf_changed":false},"product_brand":[],"product_cat":[1446,1438],"product_tag":[],"class_list":{"0":"post-201370","1":"product","2":"type-product","3":"status-publish","4":"has-post-thumbnail","6":"product_cat-bettbezug","7":"product_cat-bettwasche","8":"pa_color-anthracite-de","9":"pa_color-natural-de","10":"pa_color-ocean-blue-de","11":"pa_color-ocean-small-stripes-de","12":"pa_color-powder-pink-de","13":"pa_color-sage-de","14":"pa_color-snow-white-de","15":"pa_color-terracotta-de","16":"pa_genre-bettbezug","17":"pa_material-gewichte-linnen-de","18":"pa_origin-portugal-de","19":"pa_size-140-x-200-cm-de","20":"pa_size-140-x-220-cm-de","21":"pa_size-155-x-220-cm-de","22":"pa_size-200-x-200-cm-de","23":"pa_size-200-x-220-cm-de","24":"pa_size-240-x-220-cm-de","25":"pa_size-260-x-220-cm-de","26":"pa_size-260-x-240-cm-de","28":"first","29":"instock","30":"featured","31":"taxable","32":"shipping-taxable","33":"purchasable","34":"product-type-variable","35":"has-default-attributes"},"acf":[],"_links":{"self":[{"href":"https:\/\/www.kalani-home.com\/de\/wp-json\/wp\/v2\/product\/201370","targetHints":{"allow":["GET"]}}],"collection":[{"href":"https:\/\/www.kalani-home.com\/de\/wp-json\/wp\/v2\/product"}],"about":[{"href":"https:\/\/www.kalani-home.com\/de\/wp-json\/wp\/v2\/types\/product"}],"replies":[{"embeddable":true,"href":"https:\/\/www.kalani-home.com\/de\/wp-json\/wp\/v2\/comments?post=201370"}],"wp:featuredmedia":[{"embeddable":true,"href":"https:\/\/www.kalani-home.com\/de\/wp-json\/wp\/v2\/media\/286937"}],"wp:attachment":[{"href":"https:\/\/www.kalani-home.com\/de\/wp-json\/wp\/v2\/media?parent=201370"}],"wp:term":[{"taxonomy":"product_brand","embeddable":true,"href":"https:\/\/www.kalani-home.com\/de\/wp-json\/wp\/v2\/product_brand?post=201370"},{"taxonomy":"product_cat","embeddable":true,"href":"https:\/\/www.kalani-home.com\/de\/wp-json\/wp\/v2\/product_cat?post=201370"},{"taxonomy":"product_tag","embeddable":true,"href":"https:\/\/www.kalani-home.com\/de\/wp-json\/wp\/v2\/product_tag?post=201370"}],"curies":[{"name":"wp","href":"https:\/\/api.w.org\/{rel}","templated":true}]}}