{"id":201361,"date":"2023-07-07T23:27:55","date_gmt":"2023-07-07T21:27:55","guid":{"rendered":"https:\/\/www.kalani-home.com\/?post_type=product&#038;p=201361"},"modified":"2026-05-05T16:16:58","modified_gmt":"2026-05-05T14:16:58","slug":"gewaschenes-leinen-kissenbezug","status":"publish","type":"product","link":"https:\/\/www.kalani-home.com\/de\/shop\/gewaschenes-leinen-kissenbezug\/","title":{"rendered":"Gewaschenes Leinen Kissenbezug"},"content":{"rendered":"<div><b>Zusammensetzung:<\/b>\u00a0100% einheimisches europ\u00e4isches Leinen (eine Mischung aus nat\u00fcrlichen Leinenfasern aus Belgien, Frankreich und den Niederlanden), von unserem Hersteller als European Flax\u00ae und \u00d6ko-Tex 100 zertifiziert, ethisch und \u00f6kologisch.<\/div>\n<p><strong>Details:<\/strong><\/p>\n<ul>\n<li>\u00d6ffnung mit 20 cm breiter Innenlasche, die daf\u00fcr sorgt, dass Ihr Kissen nicht verrutscht<\/li>\n<li>Mehrere Gr\u00f6\u00dfen und Formen erh\u00e4ltlich, um den Ma\u00dfen Ihres Kissens bestm\u00f6glich zu entsprechen<\/li>\n<li>Gr\u00f6\u00dfentipp: W\u00e4hlen Sie f\u00fcr Ihre Kissenbez\u00fcge genau die Gr\u00f6\u00dfe Ihres Kissens oder etwas gr\u00f6\u00dfer, falls erforderlich<\/li>\n<li>Weicher 165g\/m2 gewaschener Leinenstoff<\/li>\n<li>Durch das Vorwaschen mit Steinen wird das Leinen sehr weich und geschmeidig.<\/li>\n<li>Lokale nat\u00fcrliche Leinenfasern (BE\/FR\/NL)<\/li>\n<li>Nat\u00fcrlich umweltfreundlich, aus historisch \u00f6kologischem Anbau, ohne chemische Zus\u00e4tze (keine D\u00fcngemittel, keine Pestizide, keine Entlaubungsmittel) und ohne k\u00fcnstliche Bew\u00e4sserung.<\/li>\n<li>Produktion mit dem Zertifikat European Flax\u00ae &amp; Oeko-tex 100 Klasse 2.<\/li>\n<li>Ethisch hergestellt in Portugal in ethischen Fabriken, die die Arbeiter respektieren<\/li>\n<li>Sorgf\u00e4ltig hergestellt, liebevoll per Hand angefertigt, um den Anforderungen unserer Kunden gerecht zu warden<\/li>\n<li>Wird durch Verwendung und mit jedem Waschgang weicher<\/li>\n<li>B\u00fcgeln nicht erforderlich oder bei niedriger Temperatur b\u00fcgeln<\/li>\n<\/ul>\n","protected":false},"excerpt":{"rendered":"<p style=\"font-weight: 400;\" data-mce-style=\"font-weight: 400;\">Unsere Bettw\u00e4sche aus gewaschenem Leinen ist aufgrund ihrer Weichheit, ihres Aussehens, ihrer Luftigkeit, ihrer hervorragenden W\u00e4rmeregulierung und ihrer Langlebigkeit eine ideale Wahl. Sie bietet au\u00dfergew\u00f6hnlichen Komfort und verleiht Ihrem Schlafzimmer einen Hauch von Eleganz. Gewaschenes Leinen ist sowohl f\u00fcr ein legeres als auch f\u00fcr ein anspruchsvolles Schlafzimmer eine ausgezeichnete Wahl, um eine komfortable, luxuri\u00f6se Umgebung f\u00fcr einen guten Schlaf zu schaffen, im Sommer wie im Winter.<\/p>\n<p>Der Vorteil von gewaschenem Leinen ist, dass es nicht geb\u00fcgelt werden muss. Der Stoff beh\u00e4lt mit der Zeit sein nat\u00fcrliches Leinenaussehen.<\/p>\n<p>100% nat\u00fcrliches Leinen aus Belgien, Frankreich und den Niederlanden, gesponnen in Italien und hergestellt in der Wiege der Textilindustrie in Portugal.<\/p>\n","protected":false},"featured_media":287025,"comment_status":"open","ping_status":"closed","template":"","meta":{"_acf_changed":false},"product_brand":[],"product_cat":[1438,3719,1448,3734,3725,3722],"product_tag":[],"class_list":{"0":"post-201361","1":"product","2":"type-product","3":"status-publish","4":"has-post-thumbnail","6":"product_cat-bettwasche","7":"product_cat-jahrestag-de","8":"product_cat-kissenbezug","9":"product_cat-muttertag-de","10":"product_cat-vatertag-de","11":"product_cat-weihnachten-de","12":"pa_color-anthracite-de","13":"pa_color-natural-de","14":"pa_color-ocean-blue-de","15":"pa_color-ocean-small-stripes-de","16":"pa_color-powder-pink-de","17":"pa_color-sage-de","18":"pa_color-snow-white-de","19":"pa_color-terracotta-de","20":"pa_genre-kissenbezug","21":"pa_material-gewichte-linnen-de","22":"pa_origin-portugal-de","23":"pa_size-30-x-50-cm-de","24":"pa_size-40-x-60-cm-de","25":"pa_size-50-x-60-cm-de","26":"pa_size-50-x-75-cm-de","27":"pa_size-60-x-70-cm-de","28":"pa_size-65-x-65-cm-de","30":"first","31":"instock","32":"taxable","33":"shipping-taxable","34":"purchasable","35":"product-type-variable","36":"has-default-attributes"},"acf":[],"_links":{"self":[{"href":"https:\/\/www.kalani-home.com\/de\/wp-json\/wp\/v2\/product\/201361","targetHints":{"allow":["GET"]}}],"collection":[{"href":"https:\/\/www.kalani-home.com\/de\/wp-json\/wp\/v2\/product"}],"about":[{"href":"https:\/\/www.kalani-home.com\/de\/wp-json\/wp\/v2\/types\/product"}],"replies":[{"embeddable":true,"href":"https:\/\/www.kalani-home.com\/de\/wp-json\/wp\/v2\/comments?post=201361"}],"wp:featuredmedia":[{"embeddable":true,"href":"https:\/\/www.kalani-home.com\/de\/wp-json\/wp\/v2\/media\/287025"}],"wp:attachment":[{"href":"https:\/\/www.kalani-home.com\/de\/wp-json\/wp\/v2\/media?parent=201361"}],"wp:term":[{"taxonomy":"product_brand","embeddable":true,"href":"https:\/\/www.kalani-home.com\/de\/wp-json\/wp\/v2\/product_brand?post=201361"},{"taxonomy":"product_cat","embeddable":true,"href":"https:\/\/www.kalani-home.com\/de\/wp-json\/wp\/v2\/product_cat?post=201361"},{"taxonomy":"product_tag","embeddable":true,"href":"https:\/\/www.kalani-home.com\/de\/wp-json\/wp\/v2\/product_tag?post=201361"}],"curies":[{"name":"wp","href":"https:\/\/api.w.org\/{rel}","templated":true}]}}