{"id":201356,"date":"2023-07-07T23:19:52","date_gmt":"2023-07-07T21:19:52","guid":{"rendered":"https:\/\/www.kalani-home.com\/?post_type=product&#038;p=201356"},"modified":"2025-12-05T21:24:37","modified_gmt":"2025-12-05T20:24:37","slug":"gewaschenes-leinen-bettlaken","status":"publish","type":"product","link":"https:\/\/www.kalani-home.com\/de\/shop\/gewaschenes-leinen-bettlaken\/","title":{"rendered":"Gewaschenes Leinen Bettlaken"},"content":{"rendered":"<div>\n<p><b>Zusammensetzung:<\/b>\u00a0100% einheimisches europ\u00e4isches Leinen (eine Mischung aus nat\u00fcrlichen Leinenfasern aus Belgien, Frankreich und den Niederlanden), von unserem Hersteller als European Flax\u00ae und \u00d6ko-Tex 100 zertifiziert, ethisch und \u00f6kologisch.<\/p>\n<\/div>\n<p style=\"font-weight: 400;\"><strong>Details:<\/strong><\/p>\n<ul>\n<li>Breiter Saum mit Ziernaht am Kopfende<\/li>\n<li>Perfektes Laken f\u00fcr warme Sommern\u00e4chte oder das ganze Jahr \u00fcber im \u201camerikanischen Stil\u201d mit umgeschlagenem Bettbezug<\/li>\n<li>Weicher 165g\/m2 gewaschener Leinenstoff<\/li>\n<li>Durch das Vorwaschen mit Steinen wird das Leinen sehr weich und geschmeidig.<\/li>\n<li>Lokale nat\u00fcrliche Leinenfasern (BE\/FR\/NL)<\/li>\n<li>Nat\u00fcrlich umweltfreundlich, aus historisch \u00f6kologischem Anbau, ohne chemische Zus\u00e4tze (keine D\u00fcngemittel, keine Pestizide, keine Entlaubungsmittel) und ohne k\u00fcnstliche Bew\u00e4sserung.<\/li>\n<li>Produktion mit dem Zertifikat European Flax\u00ae &amp; Oeko-tex 100 Klasse 2.<\/li>\n<li>Ethisch hergestellt in Portugal in ethischen Fabriken, die die Arbeiter respektieren<\/li>\n<li>Sorgf\u00e4ltig hergestellt, liebevoll per Hand angefertigt, um den Anforderungen unserer Kunden gerecht zu warden<\/li>\n<li>Wird durch Verwendung und mit jedem Waschgang weicher<\/li>\n<li>B\u00fcgeln nicht erforderlich oder bei niedriger Temperatur b\u00fcgeln<\/li>\n<\/ul>\n","protected":false},"excerpt":{"rendered":"<div>\n<p style=\"font-weight: 400;\">Unsere Bettw\u00e4sche aus gewaschenem Leinen ist aufgrund ihrer Weichheit, ihres Aussehens, ihrer Luftigkeit, ihrer hervorragenden W\u00e4rmeregulierung und ihrer Langlebigkeit eine ideale Wahl. Sie bietet au\u00dfergew\u00f6hnlichen Komfort und verleiht Ihrem Schlafzimmer einen Hauch von Eleganz. Gewaschenes Leinen ist sowohl f\u00fcr ein legeres als auch f\u00fcr ein anspruchsvolles Schlafzimmer eine ausgezeichnete Wahl, um eine komfortable, luxuri\u00f6se Umgebung f\u00fcr einen guten Schlaf zu schaffen, im Sommer wie im Winter.<\/p>\n<p>\nDer Vorteil von gewaschenem Leinen ist, dass es nicht geb\u00fcgelt werden muss. Der Stoff beh\u00e4lt mit der Zeit sein nat\u00fcrliches Leinenaussehen.<\/p>\n<p>\n100% nat\u00fcrliches Leinen aus Belgien, Frankreich und den Niederlanden, gesponnen in Italien und hergestellt in der Wiege der Textilindustrie in Portugal.<\/p>\n<\/div>\n","protected":false},"featured_media":287009,"comment_status":"open","ping_status":"closed","template":"","meta":{"_acf_changed":false},"product_brand":[],"product_cat":[1447,1438],"product_tag":[],"class_list":{"0":"post-201356","1":"product","2":"type-product","3":"status-publish","4":"has-post-thumbnail","6":"product_cat-bettlaken","7":"product_cat-bettwasche","8":"pa_color-anthracite-de","9":"pa_color-natural-de","10":"pa_color-ocean-blue-de","11":"pa_color-ocean-small-stripes-de","12":"pa_color-powder-pink-de","13":"pa_color-sage-de","14":"pa_color-snow-white-de","15":"pa_color-terracotta-de","16":"pa_genre-bettlaken","17":"pa_material-gewichte-linnen-de","18":"pa_origin-portugal-de","19":"pa_size-180-x-310-cm-de","20":"pa_size-250-x-310-cm-de","21":"pa_size-270-x-310-cm-de","23":"first","24":"instock","25":"taxable","26":"shipping-taxable","27":"purchasable","28":"product-type-variable","29":"has-default-attributes"},"acf":[],"_links":{"self":[{"href":"https:\/\/www.kalani-home.com\/de\/wp-json\/wp\/v2\/product\/201356","targetHints":{"allow":["GET"]}}],"collection":[{"href":"https:\/\/www.kalani-home.com\/de\/wp-json\/wp\/v2\/product"}],"about":[{"href":"https:\/\/www.kalani-home.com\/de\/wp-json\/wp\/v2\/types\/product"}],"replies":[{"embeddable":true,"href":"https:\/\/www.kalani-home.com\/de\/wp-json\/wp\/v2\/comments?post=201356"}],"wp:featuredmedia":[{"embeddable":true,"href":"https:\/\/www.kalani-home.com\/de\/wp-json\/wp\/v2\/media\/287009"}],"wp:attachment":[{"href":"https:\/\/www.kalani-home.com\/de\/wp-json\/wp\/v2\/media?parent=201356"}],"wp:term":[{"taxonomy":"product_brand","embeddable":true,"href":"https:\/\/www.kalani-home.com\/de\/wp-json\/wp\/v2\/product_brand?post=201356"},{"taxonomy":"product_cat","embeddable":true,"href":"https:\/\/www.kalani-home.com\/de\/wp-json\/wp\/v2\/product_cat?post=201356"},{"taxonomy":"product_tag","embeddable":true,"href":"https:\/\/www.kalani-home.com\/de\/wp-json\/wp\/v2\/product_tag?post=201356"}],"curies":[{"name":"wp","href":"https:\/\/api.w.org\/{rel}","templated":true}]}}