{"id":201186,"date":"2023-07-07T13:53:42","date_gmt":"2023-07-07T11:53:42","guid":{"rendered":"https:\/\/www.kalani-home.com\/?post_type=product&#038;p=201186"},"modified":"2026-04-24T13:46:47","modified_gmt":"2026-04-24T11:46:47","slug":"gewaschenes-leinen-bestickter-tischdecke","status":"publish","type":"product","link":"https:\/\/www.kalani-home.com\/de\/shop\/gewaschenes-leinen-bestickter-tischdecke\/","title":{"rendered":"Gewaschenes Leinen Bestickter Tischdecke"},"content":{"rendered":"<p><strong>Zusammensetzung:<\/strong>\u00a0100% einheimisches europ\u00e4isches Leinen (eine Mischung aus nat\u00fcrlichen Leinenfasern aus Belgien, Frankreich und den Niederlanden), von unserem Hersteller als European Flax\u00ae und \u00d6ko-Tex 100 zertifiziert, ethisch und \u00f6kologisch.<\/p>\n<p><strong>Details:<\/strong><\/p>\n<ul>\n<li>Der 3 cm breite Saum sorgt f\u00fcr einen eleganten und modernen Look.<\/li>\n<li>Weicher 165g\/m2 gewaschener Leinenstoff<\/li>\n<li>Durch das Vorwaschen mit Steinen wird das Leinen sehr weich und geschmeidig<\/li>\n<li>Lokale nat\u00fcrliche Leinenfasern (BE\/FR\/NL)<\/li>\n<li>Nat\u00fcrlich umweltfreundlich, aus historisch \u00f6kologischem Anbau, ohne chemische Zus\u00e4tze (keine D\u00fcngemittel, keine Pestizide, keine Entlaubungsmittel) und ohne k\u00fcnstliche Bew\u00e4sserung<\/li>\n<li>Produktion mit dem Zertifikat European Flax\u00ae &amp; Oeko-tex 100 Klasse 2.<\/li>\n<li>Ethisch hergestellt in Portugal in ethischen Fabriken, die die Arbeiter respektieren<\/li>\n<li>Sorgf\u00e4ltig hergestellt, liebevoll per Hand angefertigt, um den Anforderungen unserer Kunden gerecht zu warden<\/li>\n<li>Wird durch Verwendung und mit jedem Waschgang weicher<\/li>\n<li>B\u00fcgeln nicht erforderlich oder bei niedriger Temperatur b\u00fcgeln<\/li>\n<\/ul>\n","protected":false},"excerpt":{"rendered":"<p>Bringen Sie Ihre Freunde, Ihre Familie und all Ihre G\u00e4ste an einem Tisch zusammen, der dazu einl\u00e4dt, einzigartige Momente miteinander zu verbringen. Unsere Tischdecken aus gewaschenem Leinen sind perfekt f\u00fcr jeden Anlass. Weich und elegant, mit einem raffinierten Boh\u00e8me-Look, schm\u00fcckt ihr perfekter Faltenwurf die sch\u00f6nsten Festtafeln, aber auch die allt\u00e4glichen Mahlzeiten.<\/p>\n<p>Der Vorteil von gewaschenem Leinen ist, dass es nicht geb\u00fcgelt werden muss. Der Stoff beh\u00e4lt mit der Zeit sein nat\u00fcrliches Leinenaussehen.<\/p>\n<p>100% nat\u00fcrliches Leinen aus Belgien, Frankreich und den Niederlanden, gesponnen in Italien und hergestellt in der Wiege der Textilindustrie in Portugal.<\/p>\n","protected":false},"featured_media":204985,"comment_status":"open","ping_status":"closed","template":"","meta":{"_acf_changed":false},"product_brand":[],"product_cat":[3719,3734,3457,3450,3740,3722],"product_tag":[],"class_list":{"0":"post-201186","1":"product","2":"type-product","3":"status-publish","4":"has-post-thumbnail","6":"product_cat-jahrestag-de","7":"product_cat-muttertag-de","8":"product_cat-tischluft","9":"product_cat-tischwasche","10":"product_cat-valentinstag-de","11":"product_cat-weihnachten-de","12":"pa_color-anthracite-de","13":"pa_color-natural-de","14":"pa_color-ocean-blue-de","15":"pa_color-ocean-small-stripes-de","16":"pa_color-powder-pink-de","17":"pa_color-sage-de","18":"pa_color-snow-white-de","19":"pa_color-terracotta-de","20":"pa_genre-tischluft-de","21":"pa_material-gewichte-linnen-de","22":"pa_origin-portugal-de","23":"pa_size-150-x-200-cm-de","24":"pa_size-150-x-250-cm-de","25":"pa_size-150-x-300-cm-de","26":"pa_size-150-x-350-cm-de","27":"pa_size-170-x-170-cm-de","29":"first","30":"instock","31":"featured","32":"taxable","33":"shipping-taxable","34":"purchasable","35":"product-type-variable","36":"has-default-attributes"},"acf":[],"_links":{"self":[{"href":"https:\/\/www.kalani-home.com\/de\/wp-json\/wp\/v2\/product\/201186","targetHints":{"allow":["GET"]}}],"collection":[{"href":"https:\/\/www.kalani-home.com\/de\/wp-json\/wp\/v2\/product"}],"about":[{"href":"https:\/\/www.kalani-home.com\/de\/wp-json\/wp\/v2\/types\/product"}],"replies":[{"embeddable":true,"href":"https:\/\/www.kalani-home.com\/de\/wp-json\/wp\/v2\/comments?post=201186"}],"wp:featuredmedia":[{"embeddable":true,"href":"https:\/\/www.kalani-home.com\/de\/wp-json\/wp\/v2\/media\/204985"}],"wp:attachment":[{"href":"https:\/\/www.kalani-home.com\/de\/wp-json\/wp\/v2\/media?parent=201186"}],"wp:term":[{"taxonomy":"product_brand","embeddable":true,"href":"https:\/\/www.kalani-home.com\/de\/wp-json\/wp\/v2\/product_brand?post=201186"},{"taxonomy":"product_cat","embeddable":true,"href":"https:\/\/www.kalani-home.com\/de\/wp-json\/wp\/v2\/product_cat?post=201186"},{"taxonomy":"product_tag","embeddable":true,"href":"https:\/\/www.kalani-home.com\/de\/wp-json\/wp\/v2\/product_tag?post=201186"}],"curies":[{"name":"wp","href":"https:\/\/api.w.org\/{rel}","templated":true}]}}