{"id":130342,"date":"2022-11-18T10:55:14","date_gmt":"2022-11-18T09:55:14","guid":{"rendered":"https:\/\/www.kalani-home.com\/?post_type=product&#038;p=130342"},"modified":"2026-03-13T16:43:56","modified_gmt":"2026-03-13T15:43:56","slug":"winterbettwaschebundel","status":"publish","type":"product","link":"https:\/\/www.kalani-home.com\/de\/shop\/winterbettwaschebundel\/","title":{"rendered":"Winterbettw\u00e4scheb\u00fcndel"},"content":{"rendered":"<p><strong>Zusammensetzung:<\/strong><\/p>\n<p>Sehr widerstandsf\u00e4higer Bezug: 100% zertifizierte, gek\u00e4mmte Bio-Baumwolle, dicht gewebt 230TC (91fils\/cm2), um daunendicht zu sein und das Eindringen von Hausstaubmilben zu verhindern.<\/p>\n<p>Bettdecke : Neue naturf\u00fcllung: 90% reine daunen \/ 10% reine federn = 100% franz\u00f6sische weisse Ente<\/p>\n<p>Kopfkissen\u00a0: Neue naturf\u00fcllung<\/p>\n<ul>\n<li>ultraweich und kuschelig auf beiden Seiten aus 90% reinen Daunen \/ 10% reinen Federn<\/li>\n<li>fester Halt in der Mitte aus 10% reinen Federn \/ 90% reinen Daunen<\/li>\n<\/ul>\n<p>= 100% franz\u00f6sische weisse Ente<\/p>\n<p>Sehr widerstandsf\u00e4higer Bezug: 100% zertifizierte, gek\u00e4mmte Bio-Baumwolle, dicht gewebt 230TC (91fils\/cm2), um daunendicht zu sein und das Eindringen von Hausstaubmilben zu verhindern.<\/p>\n<p><strong>Details:\u00a0<\/strong><span lang=\"EN-US\">Dieses Set enth\u00e4lt 1 (oder 2) Bettdecke + 1 (oder 2 oder 3 oder 4) Kopfkissen Ihrer Wahl :<\/span><\/p>\n<p>Nat\u00fcrlich temperierte warme Bettdecke :<\/p>\n<ul>\n<li>Grammatur von 200gr\/m2<\/li>\n<li>Gro\u00dfe quadratische Steppung (35x35cm) f\u00fcr eine gleichm\u00e4\u00dfige Verteilung der Daunen<\/li>\n<li>Verpackt in einem sch\u00f6nen, charakteristischen Seesack aus GOTS-Bio-Baumwolle zur Aufbewahrung im Kleiderschrank oder zum Mitnehmen in den Urlaub (f\u00fcr diejenigen, die nicht ohne sie schlafen k\u00f6nnen).<\/li>\n<\/ul>\n<p>Weiches Natur-Kopfkissen :<\/p>\n<ul>\n<li>Ideal, wenn Sie auf der Seite und\/oder auf dem R\u00fccken schlafen<\/li>\n<li>Weiches und geschmeidiges Bio-Kissen mit 3 Kammern f\u00fcr garantierten Komfort und Unterst\u00fctzung<\/li>\n<li>Kissen, das die Wirbels\u00e4ule beim Schlafen auf der Seite oder auf dem R\u00fccken gerade h\u00e4lt<\/li>\n<li>Verpackt in einem sch\u00f6nen, charakteristischen Seesack aus GOTS-Bio-Baumwolle zur Aufbewahrung im Kleiderschrank oder zum Mitnehmen in den Urlaub (f\u00fcr diejenigen, die nicht ohne sie schlafen k\u00f6nnen).<\/li>\n<\/ul>\n<p>Medium-stevig natuurlijk kussen :<\/p>\n<ul>\n<li>Ideaal als u op uw zij slaapt<\/li>\n<li>Semi-stevig biologisch kussen met 3 kamers voor gegarandeerd optimal comfort en ondersteuning<\/li>\n<li>Kussen dat je ruggengraat recht houdt terwijl je op je zij slaapt<\/li>\n<li>Verpakt in een mooie signatuurduffelzak, van GOTS biologisch katoen, om op te bergen in een kledingkast of mee te nemen op vakantie (voor wie niet meer zonder kan).<\/li>\n<\/ul>\n<p>Mittelfestes flaches Natur-Kissen :<\/p>\n<ul>\n<li>Ideal, wenn Sie auf dem Bauch schlafen<\/li>\n<li>Flaches Kopfkissen in Standardgr\u00f6\u00dfe: 40\u00d760<\/li>\n<li>Flaches, halbfestes 3-Kammer-Kissen f\u00fcr garantierten Komfort und Unterst\u00fctzung<\/li>\n<li>Kissen, das die Wirbels\u00e4ule beim Schlafen auf dem Bauch gerade h\u00e4lt. Dieses Kissen ist viel bequemer als ein Hartschaumkissen.<\/li>\n<li>Verpackt in einem sch\u00f6nen, charakteristischen Seesack aus GOTS-Bio-Baumwolle zur Aufbewahrung im Kleiderschrank oder zum Mitnehmen in den Urlaub (f\u00fcr diejenigen, die nicht ohne sie schlafen k\u00f6nnen).<\/li>\n<\/ul>\n<p>Alle produkten :<\/p>\n<ul>\n<li>Rein wei\u00dfe Paspelierung, unsichtbar durch wei\u00dfe Laken<\/li>\n<li>Hochwertige wei\u00dfe franz\u00f6sische Entendaunen<\/li>\n<li>Daunen und Federn, die aufgrund ihrer hohen F\u00fcllkraft von 750 CUIN ausgew\u00e4hlt wurden<\/li>\n<li>Dicht gewebte, daunendichte H\u00fclle, die ein Entweichen der Daunen und Federn verhindert<\/li>\n<li>100% GOTS-zertifizierte Baumwolle, r\u00fcckverfolgbar, gentechnikfrei, verwendete Farben sind \u00f6kologisch, gesundheitlich unbedenklich, umweltfreundlich und sch\u00fctzen die biologische Vielfalt<\/li>\n<li>OEKO-TEX 100\u00ae zertifiziertes Produkt<\/li>\n<li>DOWNPASS\u00ae zertifiziertes Produkt<\/li>\n<li>Tierschutz respektieren : Keine Verwendung von tierischen Daunen oder Federn von lebenden Enten. 100% upcycling von Daunen und Federn aus der franz\u00f6sischen Nahrungskette<\/li>\n<li>Nat\u00fcrlich ANTI-DUST MITES, ohne chemische Behandlunz<\/li>\n<li>Trockenreinigung oder maschinenwaschbar bei maximal 60\u00b0<\/li>\n<li>Sorgf\u00e4ltig hergestellt, liebevoll per Hand angefertigt, um den Anforderungen unserer Kunden gerecht zu werden<\/li>\n<li>Lokal in Frankreich hergestellt<\/li>\n<\/ul>\n","protected":false},"excerpt":{"rendered":"<div>\n<p>Dieses Bettzeug h\u00e4lt Sie das ganze Jahr \u00fcber warm und garantiert eine sehr gute W\u00e4rmeregulierung. Er ist gleichzeitig warm und leicht und erf\u00fcllt damit die Bed\u00fcrfnisse von mehr als 90 % der Haushalte. Auch ohne Heizung. Entdecken Sie, wie es sich anf\u00fchlt, wie unter einer Wolke zu schlafen!<\/p>\n<\/div>\n","protected":false},"featured_media":129729,"comment_status":"open","ping_status":"closed","template":"","meta":{"_acf_changed":false},"product_brand":[],"product_cat":[3282,3333],"product_tag":[],"class_list":{"0":"post-130342","1":"product","2":"type-product","3":"status-publish","4":"has-post-thumbnail","6":"product_cat-bettwaren","7":"product_cat-bettwaren-buendel","8":"pa_color-white-de","9":"pa_material-naturliche-daunen-de","10":"pa_size-140-x-200-cm-de","11":"pa_size-140-x-220-cm-de","12":"pa_size-155-x-220-cm-de","13":"pa_size-200-x-200-cm-de","14":"pa_size-240-x-220-cm-de","15":"pa_size-260-x-220-cm-de","16":"pa_size-260-x-240-cm-de","17":"pa_size-40-x-60-cm-de","18":"pa_size-50-x-70-cm-de","19":"pa_size-60-x-70-cm-de","20":"pa_size-65-x-65-cm-de","22":"first","23":"instock","24":"virtual","25":"taxable","26":"purchasable","27":"product-type-yith_bundle"},"acf":[],"_links":{"self":[{"href":"https:\/\/www.kalani-home.com\/de\/wp-json\/wp\/v2\/product\/130342","targetHints":{"allow":["GET"]}}],"collection":[{"href":"https:\/\/www.kalani-home.com\/de\/wp-json\/wp\/v2\/product"}],"about":[{"href":"https:\/\/www.kalani-home.com\/de\/wp-json\/wp\/v2\/types\/product"}],"replies":[{"embeddable":true,"href":"https:\/\/www.kalani-home.com\/de\/wp-json\/wp\/v2\/comments?post=130342"}],"wp:featuredmedia":[{"embeddable":true,"href":"https:\/\/www.kalani-home.com\/de\/wp-json\/wp\/v2\/media\/129729"}],"wp:attachment":[{"href":"https:\/\/www.kalani-home.com\/de\/wp-json\/wp\/v2\/media?parent=130342"}],"wp:term":[{"taxonomy":"product_brand","embeddable":true,"href":"https:\/\/www.kalani-home.com\/de\/wp-json\/wp\/v2\/product_brand?post=130342"},{"taxonomy":"product_cat","embeddable":true,"href":"https:\/\/www.kalani-home.com\/de\/wp-json\/wp\/v2\/product_cat?post=130342"},{"taxonomy":"product_tag","embeddable":true,"href":"https:\/\/www.kalani-home.com\/de\/wp-json\/wp\/v2\/product_tag?post=130342"}],"curies":[{"name":"wp","href":"https:\/\/api.w.org\/{rel}","templated":true}]}}