{"id":129242,"date":"2022-11-06T23:32:25","date_gmt":"2022-11-06T22:32:25","guid":{"rendered":"https:\/\/www.kalani-home.com\/?post_type=product&#038;p=129242"},"modified":"2026-04-12T21:44:58","modified_gmt":"2026-04-12T19:44:58","slug":"naturliche-sommer-bettdecke","status":"publish","type":"product","link":"https:\/\/www.kalani-home.com\/de\/shop\/naturliche-sommer-bettdecke\/","title":{"rendered":"Nat\u00fcrliche Sommer-Bettdecke"},"content":{"rendered":"<p><strong>Zusammensetzung:<\/strong><\/p>\n<p>Neue naturf\u00fcllung: 90% reine daunen \/ 10% reine federn = 100% franz\u00f6sische weisse Ente<\/p>\n<p>Sehr widerstandsf\u00e4higer Bezug: 100% zertifizierte, gek\u00e4mmte Bio-Baumwolle, dicht gewebt 230TC (91fils\/cm2), um daunendicht zu sein und das Eindringen von Hausstaubmilben zu verhindern.<\/p>\n<p><strong>Details:<\/strong><\/p>\n<ul>\n<li>Grammatur von 100gr\/m2<\/li>\n<li>Rein wei\u00dfe Paspelierung, unsichtbar durch wei\u00dfe Laken<\/li>\n<li>Kleine quadratische Steppung (20x20cm) f\u00fcr eine gleichm\u00e4\u00dfige Verteilung der Daunen<\/li>\n<li>Verpackt in einem sch\u00f6nen, charakteristischen Seesack aus GOTS-Bio-Baumwolle zur Aufbewahrung im Kleiderschrank oder zum Mitnehmen in den Urlaub (f\u00fcr diejenigen, die nicht ohne sie schlafen k\u00f6nnen).<\/li>\n<li>Hochwertige wei\u00dfe franz\u00f6sische Entendaunen<\/li>\n<li>Daunen und Federn, die aufgrund ihrer hohen F\u00fcllkraft von 750 CUIN ausgew\u00e4hlt wurden<\/li>\n<li>Dicht gewebte, daunendichte H\u00fclle, die ein Entweichen der Daunen und Federn verhindert<\/li>\n<li>100% GOTS-zertifizierte Baumwolle, r\u00fcckverfolgbar, gentechnikfrei, verwendete Farben sind \u00f6kologisch, gesundheitlich unbedenklich, umweltfreundlich und sch\u00fctzen die biologische Vielfalt<\/li>\n<li>OEKO-TEX 100\u00ae zertifiziertes Produkt<\/li>\n<li>DOWNPASS\u00ae zertifiziertes Produkt<\/li>\n<li>Tierschutz Respektieren : Keine Verwendung von tierischen Daunen oder Federn von lebenden Enten. 100% upcycling von Daunen und Federn aus der franz\u00f6sischen Nahrungskette<\/li>\n<li>Nat\u00fcrlich ANTI-DUST MITES, ohne chemische Behandlunz<\/li>\n<li>Trockenreinigung oder maschinenwaschbar bei maximal 60\u00b0<\/li>\n<li>Sorgf\u00e4ltig hergestellt, liebevoll per Hand angefertigt, um den Anforderungen unserer Kunden gerecht zu werden<\/li>\n<li>Lokal in Frankreich hergestellt<\/li>\n<\/ul>\n","protected":false},"excerpt":{"rendered":"<p>Leichtigkeit und Komfort f\u00fcr Ihre Sommern\u00e4chte. Wenn Sie sich auch im Sommer gerne zugedeckt f\u00fchlen, ist diese Bettdecke genau das Richtige f\u00fcr Sie! Unsere ultraleichte Daunendecke, 100gr\/m2, ist ideal f\u00fcr die w\u00e4rmsten N\u00e4chte. Sie werden darin schlafen wie auf einer Wolke.<\/p>\n<p>Und wenn Sie zu den Menschen geh\u00f6ren, die dazu neigen, sich jede Nacht aufzuw\u00e4rmen, ist es das ganze Jahr \u00fcber perfekt!<\/p>\n","protected":false},"featured_media":129928,"comment_status":"open","ping_status":"closed","template":"","meta":{"_acf_changed":false},"product_brand":[],"product_cat":[3285,3282,3743],"product_tag":[],"class_list":{"0":"post-129242","1":"product","2":"type-product","3":"status-publish","4":"has-post-thumbnail","6":"product_cat-bettdecke","7":"product_cat-bettwaren","8":"product_cat-heirat-de","9":"pa_color-white-de","10":"pa_genre-bettdecke-de","11":"pa_material-naturliche-daunen-de","12":"pa_origin-frankreich-de","13":"pa_size-140-x-200-cm-de","14":"pa_size-140-x-220-cm-de","15":"pa_size-155-x-220-cm-de","16":"pa_size-200-x-200-cm-de","17":"pa_size-240-x-220-cm-de","18":"pa_size-260-x-220-cm-de","19":"pa_size-260-x-240-cm-de","21":"first","22":"instock","23":"taxable","24":"shipping-taxable","25":"purchasable","26":"product-type-variable","27":"has-default-attributes"},"acf":[],"_links":{"self":[{"href":"https:\/\/www.kalani-home.com\/de\/wp-json\/wp\/v2\/product\/129242","targetHints":{"allow":["GET"]}}],"collection":[{"href":"https:\/\/www.kalani-home.com\/de\/wp-json\/wp\/v2\/product"}],"about":[{"href":"https:\/\/www.kalani-home.com\/de\/wp-json\/wp\/v2\/types\/product"}],"replies":[{"embeddable":true,"href":"https:\/\/www.kalani-home.com\/de\/wp-json\/wp\/v2\/comments?post=129242"}],"wp:featuredmedia":[{"embeddable":true,"href":"https:\/\/www.kalani-home.com\/de\/wp-json\/wp\/v2\/media\/129928"}],"wp:attachment":[{"href":"https:\/\/www.kalani-home.com\/de\/wp-json\/wp\/v2\/media?parent=129242"}],"wp:term":[{"taxonomy":"product_brand","embeddable":true,"href":"https:\/\/www.kalani-home.com\/de\/wp-json\/wp\/v2\/product_brand?post=129242"},{"taxonomy":"product_cat","embeddable":true,"href":"https:\/\/www.kalani-home.com\/de\/wp-json\/wp\/v2\/product_cat?post=129242"},{"taxonomy":"product_tag","embeddable":true,"href":"https:\/\/www.kalani-home.com\/de\/wp-json\/wp\/v2\/product_tag?post=129242"}],"curies":[{"name":"wp","href":"https:\/\/api.w.org\/{rel}","templated":true}]}}