{"id":129211,"date":"2022-11-06T18:50:26","date_gmt":"2022-11-06T17:50:26","guid":{"rendered":"https:\/\/www.kalani-home.com\/?post_type=product&#038;p=129211"},"modified":"2026-05-13T12:17:21","modified_gmt":"2026-05-13T10:17:21","slug":"mittelfestes-natur-kopkissen","status":"publish","type":"product","link":"https:\/\/www.kalani-home.com\/de\/shop\/mittelfestes-natur-kopkissen\/","title":{"rendered":"Mittelfestes Natur-Kopkissen"},"content":{"rendered":"<p><strong>Zusammensetzung:<\/strong><\/p>\n<p>Neue naturf\u00fcllung:<\/p>\n<ul>\n<li>ultraweich und kuschelig auf beiden Seiten aus 90% reinen Daunen \/ 10% reinen Federn<\/li>\n<li>mittelfester Halt in der Mitte aus 90% reinen Federn \/ 10% reinen Daunen<\/li>\n<\/ul>\n<p>= 100% franz\u00f6sische weisse Ente<\/p>\n<p>Sehr widerstandsf\u00e4higer Bezug: 100% zertifizierte, gek\u00e4mmte Bio-Baumwolle, dicht gewebt 230TC (91fils\/cm2), um daunendicht zu sein und das Eindringen von Hausstaubmilben zu verhindern.<\/p>\n<p><strong>Details:<\/strong><\/p>\n<ul>\n<li>Ideal, wenn Sie auf der Seite schlafen<\/li>\n<li>Halbfestes Bio-Kopfkissen mit 3 Kammern f\u00fcr garantierten Komfort und Unterst\u00fctzung<\/li>\n<li>Kissen, das die Wirbels\u00e4ule beim Schlafen auf der Seite gerade h\u00e4lt<\/li>\n<li>Rein wei\u00dfe Paspelierung, unsichtbar durch wei\u00dfe Laken<\/li>\n<li>Verpackt in einem sch\u00f6nen, charakteristischen Seesack aus GOTS-Bio-Baumwolle zur Aufbewahrung im Kleiderschrank oder zum Mitnehmen in den Urlaub (f\u00fcr diejenigen, die nicht ohne sie schlafen k\u00f6nnen).<\/li>\n<li>Hochwertige wei\u00dfe franz\u00f6sische Entendaunen<\/li>\n<li>Daunen und Federn, die aufgrund ihrer hohen F\u00fcllkraft von 750 CUIN ausgew\u00e4hlt wurden<\/li>\n<li>Dicht gewebte, daunendichte H\u00fclle, die ein Entweichen der Daunen und Federn verhindert<\/li>\n<li>100% GOTS-zertifizierte Baumwolle, r\u00fcckverfolgbar, gentechnikfrei, verwendete Farben sind \u00f6kologisch, gesundheitlich unbedenklich, umweltfreundlich und sch\u00fctzen die biologische Vielfalt<\/li>\n<li>OEKO-TEX 100\u00ae zertifiziertes Produkt<\/li>\n<li>DOWNPASS\u00ae zertifiziertes Produkt<\/li>\n<li>Tierschutz respektieren : Keine Verwendung von tierischen Daunen oder Federn von lebenden Enten. 100% upcycling von Daunen und Federn aus der franz\u00f6sischen Nahrungskette<\/li>\n<li>Nat\u00fcrlich ANTI-DUST MITES, ohne chemische Behandlunz<\/li>\n<li>Trockenreinigung oder maschinenwaschbar bei maximal 60\u00b0<\/li>\n<li>Sorgf\u00e4ltig hergestellt, liebevoll per Hand angefertigt, um den Anforderungen unserer Kunden gerecht zu werden<\/li>\n<li>Lokal in Frankreich hergestellt<\/li>\n<\/ul>\n","protected":false},"excerpt":{"rendered":"<p>Ideal f\u00fcr alle, die gerne auf der Seite schlafen. Unser mittelfestes Naturkissen mit seinen drei F\u00fcllkammern, zwei besonders weichen und kuscheligen Kissenbereichen und einem mittelfesten Kissenkern garantiert Ihnen optimalen Komfort und Halt. Genie\u00dfen Sie einen erholsamen Schlaf und wachen Sie mit einem guten Gef\u00fchl auf!<\/p>\n","protected":false},"featured_media":297600,"comment_status":"open","ping_status":"closed","template":"","meta":{"_acf_changed":false},"product_brand":[],"product_cat":[3282,3743,3719,3291,3740,3722],"product_tag":[],"class_list":{"0":"post-129211","1":"product","2":"type-product","3":"status-publish","4":"has-post-thumbnail","6":"product_cat-bettwaren","7":"product_cat-heirat-de","8":"product_cat-jahrestag-de","9":"product_cat-kissen","10":"product_cat-valentinstag-de","11":"product_cat-weihnachten-de","12":"pa_color-white-de","13":"pa_genre-kissen-de","14":"pa_material-naturliche-daunen-de","15":"pa_origin-frankreich-de","16":"pa_size-50-x-70-cm-de","17":"pa_size-60-x-70-cm-de","18":"pa_size-65-x-65-cm-de","20":"first","21":"instock","22":"taxable","23":"shipping-taxable","24":"purchasable","25":"product-type-variable","26":"has-default-attributes"},"acf":[],"_links":{"self":[{"href":"https:\/\/www.kalani-home.com\/de\/wp-json\/wp\/v2\/product\/129211","targetHints":{"allow":["GET"]}}],"collection":[{"href":"https:\/\/www.kalani-home.com\/de\/wp-json\/wp\/v2\/product"}],"about":[{"href":"https:\/\/www.kalani-home.com\/de\/wp-json\/wp\/v2\/types\/product"}],"replies":[{"embeddable":true,"href":"https:\/\/www.kalani-home.com\/de\/wp-json\/wp\/v2\/comments?post=129211"}],"wp:featuredmedia":[{"embeddable":true,"href":"https:\/\/www.kalani-home.com\/de\/wp-json\/wp\/v2\/media\/297600"}],"wp:attachment":[{"href":"https:\/\/www.kalani-home.com\/de\/wp-json\/wp\/v2\/media?parent=129211"}],"wp:term":[{"taxonomy":"product_brand","embeddable":true,"href":"https:\/\/www.kalani-home.com\/de\/wp-json\/wp\/v2\/product_brand?post=129211"},{"taxonomy":"product_cat","embeddable":true,"href":"https:\/\/www.kalani-home.com\/de\/wp-json\/wp\/v2\/product_cat?post=129211"},{"taxonomy":"product_tag","embeddable":true,"href":"https:\/\/www.kalani-home.com\/de\/wp-json\/wp\/v2\/product_tag?post=129211"}],"curies":[{"name":"wp","href":"https:\/\/api.w.org\/{rel}","templated":true}]}}