{"id":128061,"date":"2022-10-21T18:01:49","date_gmt":"2022-10-21T16:01:49","guid":{"rendered":"https:\/\/www.kalani-home.com\/?post_type=product&#038;p=128061"},"modified":"2026-03-27T10:17:52","modified_gmt":"2026-03-27T09:17:52","slug":"baumwollsatin-schlafmaske","status":"publish","type":"product","link":"https:\/\/www.kalani-home.com\/de\/shop\/baumwollsatin-schlafmaske\/","title":{"rendered":"Baumwollsatin-Schlafmaske"},"content":{"rendered":"<p><strong>Zusammensetzung:<\/strong> 100% Baumwollsatin, gewebt aus feinen, langen, gek\u00e4mmten Baumwollf\u00e4den, Bio- und Fairtrade-zertifiziert\u00a0<\/p>\n<p><strong>Details:<\/strong><\/p>\n<ul>\n<li>Nachtmaske f\u00fcr Erwachsene, f\u00fcr einen Kopfumfang von x cm bis y cm in Augenh\u00f6he.<\/li>\n<li>Qualitativ hochwertige, elastische Einheitsgr\u00f6\u00dfe<\/li>\n<li>Ergonomische Einheitsgr\u00f6\u00dfe, 19,5 cm breit und 9,5 cm hoch<\/li>\n<li>Hergestellt aus den Resten unserer Bettlaken, so dass nichts verschwendet wird!<\/li>\n<li>Verpackt in einem sch\u00f6nen Baumwollsatinbeutel zum Mitnehmen in den Urlaub oder zur sicheren und hygienischen Aufbewahrung<\/li>\n<li>100% GOTS-zertifizierte Baumwolle, r\u00fcckverfolgbar, gentechnikfrei, verwendete Farben sind \u00f6kologisch, gesundheitlich unbedenklich, umweltfreundlich und sch\u00fctzen die biologische Vielfalt<\/li>\n<li>100% Fairtrade-zertifizierte Baumwolle, mit Respekt gegen\u00fcber der Bauerngemeinschaft<\/li>\n<li>Ethisch korrekt hergestellt in fairen Fabriken in Indien, in denen die Arbeiter respektvoll behandelt werden<\/li>\n<li>Sorgf\u00e4ltig hergestellt, liebevoll per Hand angefertigt, um den Anforderungen unserer Kunden gerecht zu werden<\/li>\n<li>Feinster Baumwollsatin, mit einer Fadendichte von 300TC (118-120F\u00e4den\/cm\u00b2) mit einfachem Faden<\/li>\n<li>Zarter, heller Glanz<\/li>\n<li>Wird durch Verwendung und mit jedem Waschgang weicher<\/li>\n<\/ul>\n","protected":false},"excerpt":{"rendered":"<p>Eine absolut weiche Baumwollsatin-Schlafmaske, die Ihre N\u00e4chte begleitet. Wenn Sie ein Nachtschw\u00e4rmer sind, wenn Sie in v\u00f6lliger Dunkelheit besser schlafen oder wenn Sie den totalen Schlaf-Look in Bio-Baumwolle m\u00f6gen, ist diese Maske wie f\u00fcr Sie gemacht. Sie ist so weich wie unsere Bettw\u00e4sche, da sie aus Abf\u00e4llen hergestellt wird. Diese upgecycelte Maske ist abfallfrei und 100% bequem.<\/p>\n<p>Produkt zu 100% aus biologischer, Fairtrade-zertifizierter Baumwolle, ethisch und \u00f6kologisch.\u00a0<\/p>\n","protected":false},"featured_media":128790,"comment_status":"open","ping_status":"closed","template":"","meta":{"_acf_changed":false},"product_brand":[],"product_cat":[3049,3719,3734,3731,3295,3737,3740,3725,3722],"product_tag":[],"class_list":{"0":"post-128061","1":"product","2":"type-product","3":"status-publish","4":"has-post-thumbnail","6":"product_cat-accessoires-de","7":"product_cat-jahrestag-de","8":"product_cat-muttertag-de","9":"product_cat-niedriger-preis-de","10":"product_cat-schlafmaske","11":"product_cat-um-zu-gefallen-de","12":"product_cat-valentinstag-de","13":"product_cat-vatertag-de","14":"product_cat-weihnachten-de","15":"pa_color-anthracite-de","16":"pa_color-midnight-blue-de","17":"pa_color-soft-pink-de","18":"pa_genre-schlafmaske-de","19":"pa_material-baumwollsatin","20":"pa_origin-indien","21":"pa_size-195-x-95-cm-de","23":"first","24":"instock","25":"taxable","26":"shipping-taxable","27":"purchasable","28":"product-type-variable","29":"has-default-attributes"},"acf":[],"_links":{"self":[{"href":"https:\/\/www.kalani-home.com\/de\/wp-json\/wp\/v2\/product\/128061","targetHints":{"allow":["GET"]}}],"collection":[{"href":"https:\/\/www.kalani-home.com\/de\/wp-json\/wp\/v2\/product"}],"about":[{"href":"https:\/\/www.kalani-home.com\/de\/wp-json\/wp\/v2\/types\/product"}],"replies":[{"embeddable":true,"href":"https:\/\/www.kalani-home.com\/de\/wp-json\/wp\/v2\/comments?post=128061"}],"wp:featuredmedia":[{"embeddable":true,"href":"https:\/\/www.kalani-home.com\/de\/wp-json\/wp\/v2\/media\/128790"}],"wp:attachment":[{"href":"https:\/\/www.kalani-home.com\/de\/wp-json\/wp\/v2\/media?parent=128061"}],"wp:term":[{"taxonomy":"product_brand","embeddable":true,"href":"https:\/\/www.kalani-home.com\/de\/wp-json\/wp\/v2\/product_brand?post=128061"},{"taxonomy":"product_cat","embeddable":true,"href":"https:\/\/www.kalani-home.com\/de\/wp-json\/wp\/v2\/product_cat?post=128061"},{"taxonomy":"product_tag","embeddable":true,"href":"https:\/\/www.kalani-home.com\/de\/wp-json\/wp\/v2\/product_tag?post=128061"}],"curies":[{"name":"wp","href":"https:\/\/api.w.org\/{rel}","templated":true}]}}